{"id":919,"date":"2020-08-06T06:07:06","date_gmt":"2020-08-06T06:07:06","guid":{"rendered":"https:\/\/cajochy.com\/?page_id=919"},"modified":"2022-05-19T02:52:47","modified_gmt":"2022-05-19T02:52:47","slug":"about","status":"publish","type":"page","link":"https:\/\/cajochy.com\/vi\/about\/","title":{"rendered":"V\u1ec1 Cajochy"},"content":{"rendered":"","protected":false},"excerpt":{"rendered":"","protected":false},"author":2,"featured_media":0,"parent":0,"menu_order":0,"comment_status":"closed","ping_status":"closed","template":"","meta":{"nf_dc_page":"","_monsterinsights_skip_tracking":false,"_monsterinsights_sitenote_active":false,"_monsterinsights_sitenote_note":"","_monsterinsights_sitenote_category":0,"footnotes":""},"class_list":["post-919","page","type-page","status-publish","hentry"],"yoast_head":"<!-- This site is optimized with the Yoast SEO plugin v27.3 - https:\/\/yoast.com\/product\/yoast-seo-wordpress\/ -->\n<title>About Cajochy - Cajochy<\/title>\n<meta name=\"description\" content=\"Cajochy shares high-quality blogs about hair care and wig maintenance. If you want to make your hair look better, you can always contact me.\" \/>\n<meta name=\"robots\" content=\"index, follow, max-snippet:-1, max-image-preview:large, max-video-preview:-1\" \/>\n<link rel=\"canonical\" href=\"https:\/\/cajochy.com\/vi\/about\/\" \/>\n<meta property=\"og:locale\" content=\"vi_VN\" \/>\n<meta property=\"og:type\" content=\"article\" \/>\n<meta property=\"og:title\" content=\"About Cajochy - Cajochy\" \/>\n<meta property=\"og:description\" content=\"Cajochy shares high-quality blogs about hair care and wig maintenance. If you want to make your hair look better, you can always contact me.\" \/>\n<meta property=\"og:url\" content=\"https:\/\/cajochy.com\/vi\/about\/\" \/>\n<meta property=\"og:site_name\" content=\"Cajochy\" \/>\n<meta property=\"article:modified_time\" content=\"2022-05-19T02:52:47+00:00\" \/>\n<meta name=\"twitter:card\" content=\"summary_large_image\" \/>\n<script type=\"application\/ld+json\" class=\"yoast-schema-graph\">{\"@context\":\"https:\\\/\\\/schema.org\",\"@graph\":[{\"@type\":\"WebPage\",\"@id\":\"https:\\\/\\\/cajochy.com\\\/about\\\/\",\"url\":\"https:\\\/\\\/cajochy.com\\\/about\\\/\",\"name\":\"About Cajochy - Cajochy\",\"isPartOf\":{\"@id\":\"https:\\\/\\\/cajochy.com\\\/#website\"},\"datePublished\":\"2020-08-06T06:07:06+00:00\",\"dateModified\":\"2022-05-19T02:52:47+00:00\",\"description\":\"Cajochy shares high-quality blogs about hair care and wig maintenance. If you want to make your hair look better, you can always contact me.\",\"breadcrumb\":{\"@id\":\"https:\\\/\\\/cajochy.com\\\/about\\\/#breadcrumb\"},\"inLanguage\":\"vi\",\"potentialAction\":[{\"@type\":\"ReadAction\",\"target\":[\"https:\\\/\\\/cajochy.com\\\/about\\\/\"]}]},{\"@type\":\"BreadcrumbList\",\"@id\":\"https:\\\/\\\/cajochy.com\\\/about\\\/#breadcrumb\",\"itemListElement\":[{\"@type\":\"ListItem\",\"position\":1,\"name\":\"Home\",\"item\":\"https:\\\/\\\/cajochy.com\\\/\"},{\"@type\":\"ListItem\",\"position\":2,\"name\":\"About Cajochy\"}]},{\"@type\":\"WebSite\",\"@id\":\"https:\\\/\\\/cajochy.com\\\/#website\",\"url\":\"https:\\\/\\\/cajochy.com\\\/\",\"name\":\"Cajochy\",\"description\":\"Reduce Hair Loss and Regrow Hair with Chemical-Free Tricks\",\"publisher\":{\"@id\":\"https:\\\/\\\/cajochy.com\\\/#organization\"},\"potentialAction\":[{\"@type\":\"SearchAction\",\"target\":{\"@type\":\"EntryPoint\",\"urlTemplate\":\"https:\\\/\\\/cajochy.com\\\/?s={search_term_string}\"},\"query-input\":{\"@type\":\"PropertyValueSpecification\",\"valueRequired\":true,\"valueName\":\"search_term_string\"}}],\"inLanguage\":\"vi\"},{\"@type\":\"Organization\",\"@id\":\"https:\\\/\\\/cajochy.com\\\/#organization\",\"name\":\"Cajochy\",\"url\":\"https:\\\/\\\/cajochy.com\\\/\",\"logo\":{\"@type\":\"ImageObject\",\"inLanguage\":\"vi\",\"@id\":\"https:\\\/\\\/cajochy.com\\\/#\\\/schema\\\/logo\\\/image\\\/\",\"url\":\"https:\\\/\\\/cajochy.com\\\/wp-content\\\/uploads\\\/2020\\\/09\\\/cropped-cajochy-image-logo-icon.jpg\",\"contentUrl\":\"https:\\\/\\\/cajochy.com\\\/wp-content\\\/uploads\\\/2020\\\/09\\\/cropped-cajochy-image-logo-icon.jpg\",\"width\":512,\"height\":512,\"caption\":\"Cajochy\"},\"image\":{\"@id\":\"https:\\\/\\\/cajochy.com\\\/#\\\/schema\\\/logo\\\/image\\\/\"}}]}<\/script>\n<!-- \/ Yoast SEO plugin. -->","yoast_head_json":{"title":"Gi\u1edbi thi\u1ec7u v\u1ec1 Cajochy - Cajochy","description":"Cajochy chia s\u1ebb c\u00e1c blog ch\u1ea5t l\u01b0\u1ee3ng cao v\u1ec1 ch\u0103m s\u00f3c t\u00f3c v\u00e0 b\u1ea3o d\u01b0\u1ee1ng t\u00f3c gi\u1ea3. N\u1ebfu b\u1ea1n mu\u1ed1n l\u00e0m cho t\u00f3c c\u1ee7a b\u1ea1n tr\u00f4ng \u0111\u1eb9p h\u01a1n, b\u1ea1n lu\u00f4n c\u00f3 th\u1ec3 li\u00ean h\u1ec7 v\u1edbi t\u00f4i.","robots":{"index":"index","follow":"follow","max-snippet":"max-snippet:-1","max-image-preview":"max-image-preview:large","max-video-preview":"max-video-preview:-1"},"canonical":"https:\/\/cajochy.com\/vi\/about\/","og_locale":"vi_VN","og_type":"article","og_title":"About Cajochy - Cajochy","og_description":"Cajochy shares high-quality blogs about hair care and wig maintenance. If you want to make your hair look better, you can always contact me.","og_url":"https:\/\/cajochy.com\/vi\/about\/","og_site_name":"Cajochy","article_modified_time":"2022-05-19T02:52:47+00:00","twitter_card":"summary_large_image","schema":{"@context":"https:\/\/schema.org","@graph":[{"@type":"WebPage","@id":"https:\/\/cajochy.com\/about\/","url":"https:\/\/cajochy.com\/about\/","name":"Gi\u1edbi thi\u1ec7u v\u1ec1 Cajochy - Cajochy","isPartOf":{"@id":"https:\/\/cajochy.com\/#website"},"datePublished":"2020-08-06T06:07:06+00:00","dateModified":"2022-05-19T02:52:47+00:00","description":"Cajochy chia s\u1ebb c\u00e1c blog ch\u1ea5t l\u01b0\u1ee3ng cao v\u1ec1 ch\u0103m s\u00f3c t\u00f3c v\u00e0 b\u1ea3o d\u01b0\u1ee1ng t\u00f3c gi\u1ea3. N\u1ebfu b\u1ea1n mu\u1ed1n l\u00e0m cho t\u00f3c c\u1ee7a b\u1ea1n tr\u00f4ng \u0111\u1eb9p h\u01a1n, b\u1ea1n lu\u00f4n c\u00f3 th\u1ec3 li\u00ean h\u1ec7 v\u1edbi t\u00f4i.","breadcrumb":{"@id":"https:\/\/cajochy.com\/about\/#breadcrumb"},"inLanguage":"vi","potentialAction":[{"@type":"ReadAction","target":["https:\/\/cajochy.com\/about\/"]}]},{"@type":"BreadcrumbList","@id":"https:\/\/cajochy.com\/about\/#breadcrumb","itemListElement":[{"@type":"ListItem","position":1,"name":"Home","item":"https:\/\/cajochy.com\/"},{"@type":"ListItem","position":2,"name":"About Cajochy"}]},{"@type":"WebSite","@id":"https:\/\/cajochy.com\/#website","url":"https:\/\/cajochy.com\/","name":"Cajochy","description":"Gi\u1ea3m r\u1ee5ng t\u00f3c v\u00e0 m\u1ecdc l\u1ea1i t\u00f3c b\u1eb1ng c\u00e1c th\u1ee7 thu\u1eadt kh\u00f4ng d\u00f9ng h\u00f3a ch\u1ea5t","publisher":{"@id":"https:\/\/cajochy.com\/#organization"},"potentialAction":[{"@type":"SearchAction","target":{"@type":"EntryPoint","urlTemplate":"https:\/\/cajochy.com\/?s={search_term_string}"},"query-input":{"@type":"PropertyValueSpecification","valueRequired":true,"valueName":"search_term_string"}}],"inLanguage":"vi"},{"@type":"Organization","@id":"https:\/\/cajochy.com\/#organization","name":"Cajochy","url":"https:\/\/cajochy.com\/","logo":{"@type":"ImageObject","inLanguage":"vi","@id":"https:\/\/cajochy.com\/#\/schema\/logo\/image\/","url":"https:\/\/cajochy.com\/wp-content\/uploads\/2020\/09\/cropped-cajochy-image-logo-icon.jpg","contentUrl":"https:\/\/cajochy.com\/wp-content\/uploads\/2020\/09\/cropped-cajochy-image-logo-icon.jpg","width":512,"height":512,"caption":"Cajochy"},"image":{"@id":"https:\/\/cajochy.com\/#\/schema\/logo\/image\/"}}]}},"jetpack_sharing_enabled":true,"_links":{"self":[{"href":"https:\/\/cajochy.com\/vi\/wp-json\/wp\/v2\/pages\/919","targetHints":{"allow":["GET"]}}],"collection":[{"href":"https:\/\/cajochy.com\/vi\/wp-json\/wp\/v2\/pages"}],"about":[{"href":"https:\/\/cajochy.com\/vi\/wp-json\/wp\/v2\/types\/page"}],"author":[{"embeddable":true,"href":"https:\/\/cajochy.com\/vi\/wp-json\/wp\/v2\/users\/2"}],"replies":[{"embeddable":true,"href":"https:\/\/cajochy.com\/vi\/wp-json\/wp\/v2\/comments?post=919"}],"version-history":[{"count":0,"href":"https:\/\/cajochy.com\/vi\/wp-json\/wp\/v2\/pages\/919\/revisions"}],"wp:attachment":[{"href":"https:\/\/cajochy.com\/vi\/wp-json\/wp\/v2\/media?parent=919"}],"curies":[{"name":"wp","href":"https:\/\/api.w.org\/{rel}","templated":true}]}}