{"id":43,"date":"2019-07-25T00:52:35","date_gmt":"2019-07-25T00:52:35","guid":{"rendered":"http:\/\/estudiopatagon.com\/themes\/wordpress\/veenv2\/?page_id=43"},"modified":"2022-05-19T02:52:22","modified_gmt":"2022-05-19T02:52:22","slug":"contact","status":"publish","type":"page","link":"https:\/\/cajochy.com\/vi\/contact\/","title":{"rendered":"Li\u00ean h\u1ec7 v\u1edbi t\u00f4i"},"content":{"rendered":"","protected":false},"excerpt":{"rendered":"","protected":false},"author":2,"featured_media":0,"parent":0,"menu_order":0,"comment_status":"closed","ping_status":"closed","template":"","meta":{"nf_dc_page":"","_monsterinsights_skip_tracking":false,"_monsterinsights_sitenote_active":false,"_monsterinsights_sitenote_note":"","_monsterinsights_sitenote_category":0,"footnotes":""},"class_list":["post-43","page","type-page","status-publish","hentry"],"yoast_head":"<!-- This site is optimized with the Yoast SEO plugin v27.3 - https:\/\/yoast.com\/product\/yoast-seo-wordpress\/ -->\n<title>Contact Me - Cajochy<\/title>\n<meta name=\"description\" content=\"If you have any question, suggestion or cooperation, you can feel free to leavse messages here. I&#039;ll contact you as soon as possible.\" \/>\n<meta name=\"robots\" content=\"index, follow, max-snippet:-1, max-image-preview:large, max-video-preview:-1\" \/>\n<link rel=\"canonical\" href=\"https:\/\/cajochy.com\/vi\/contact\/\" \/>\n<meta property=\"og:locale\" content=\"vi_VN\" \/>\n<meta property=\"og:type\" content=\"article\" \/>\n<meta property=\"og:title\" content=\"Contact Me - Cajochy\" \/>\n<meta property=\"og:description\" content=\"If you have any question, suggestion or cooperation, you can feel free to leavse messages here. I&#039;ll contact you as soon as possible.\" \/>\n<meta property=\"og:url\" content=\"https:\/\/cajochy.com\/vi\/contact\/\" \/>\n<meta property=\"og:site_name\" content=\"Cajochy\" \/>\n<meta property=\"article:modified_time\" content=\"2022-05-19T02:52:22+00:00\" \/>\n<meta name=\"twitter:card\" content=\"summary_large_image\" \/>\n<script type=\"application\/ld+json\" class=\"yoast-schema-graph\">{\"@context\":\"https:\\\/\\\/schema.org\",\"@graph\":[{\"@type\":\"WebPage\",\"@id\":\"https:\\\/\\\/cajochy.com\\\/contact\\\/\",\"url\":\"https:\\\/\\\/cajochy.com\\\/contact\\\/\",\"name\":\"Contact Me - Cajochy\",\"isPartOf\":{\"@id\":\"https:\\\/\\\/cajochy.com\\\/#website\"},\"datePublished\":\"2019-07-25T00:52:35+00:00\",\"dateModified\":\"2022-05-19T02:52:22+00:00\",\"description\":\"If you have any question, suggestion or cooperation, you can feel free to leavse messages here. I'll contact you as soon as possible.\",\"breadcrumb\":{\"@id\":\"https:\\\/\\\/cajochy.com\\\/contact\\\/#breadcrumb\"},\"inLanguage\":\"vi\",\"potentialAction\":[{\"@type\":\"ReadAction\",\"target\":[\"https:\\\/\\\/cajochy.com\\\/contact\\\/\"]}]},{\"@type\":\"BreadcrumbList\",\"@id\":\"https:\\\/\\\/cajochy.com\\\/contact\\\/#breadcrumb\",\"itemListElement\":[{\"@type\":\"ListItem\",\"position\":1,\"name\":\"Home\",\"item\":\"https:\\\/\\\/cajochy.com\\\/\"},{\"@type\":\"ListItem\",\"position\":2,\"name\":\"Contact Me\"}]},{\"@type\":\"WebSite\",\"@id\":\"https:\\\/\\\/cajochy.com\\\/#website\",\"url\":\"https:\\\/\\\/cajochy.com\\\/\",\"name\":\"Cajochy\",\"description\":\"Reduce Hair Loss and Regrow Hair with Chemical-Free Tricks\",\"publisher\":{\"@id\":\"https:\\\/\\\/cajochy.com\\\/#organization\"},\"potentialAction\":[{\"@type\":\"SearchAction\",\"target\":{\"@type\":\"EntryPoint\",\"urlTemplate\":\"https:\\\/\\\/cajochy.com\\\/?s={search_term_string}\"},\"query-input\":{\"@type\":\"PropertyValueSpecification\",\"valueRequired\":true,\"valueName\":\"search_term_string\"}}],\"inLanguage\":\"vi\"},{\"@type\":\"Organization\",\"@id\":\"https:\\\/\\\/cajochy.com\\\/#organization\",\"name\":\"Cajochy\",\"url\":\"https:\\\/\\\/cajochy.com\\\/\",\"logo\":{\"@type\":\"ImageObject\",\"inLanguage\":\"vi\",\"@id\":\"https:\\\/\\\/cajochy.com\\\/#\\\/schema\\\/logo\\\/image\\\/\",\"url\":\"https:\\\/\\\/cajochy.com\\\/wp-content\\\/uploads\\\/2020\\\/09\\\/cropped-cajochy-image-logo-icon.jpg\",\"contentUrl\":\"https:\\\/\\\/cajochy.com\\\/wp-content\\\/uploads\\\/2020\\\/09\\\/cropped-cajochy-image-logo-icon.jpg\",\"width\":512,\"height\":512,\"caption\":\"Cajochy\"},\"image\":{\"@id\":\"https:\\\/\\\/cajochy.com\\\/#\\\/schema\\\/logo\\\/image\\\/\"}}]}<\/script>\n<!-- \/ Yoast SEO plugin. -->","yoast_head_json":{"title":"Li\u00ean h\u1ec7 v\u1edbi t\u00f4i - Cajochy","description":"N\u1ebfu b\u1ea1n c\u00f3 b\u1ea5t k\u1ef3 c\u00e2u h\u1ecfi, \u0111\u1ec1 xu\u1ea5t ho\u1eb7c h\u1ee3p t\u00e1c n\u00e0o, b\u1ea1n c\u00f3 th\u1ec3 \u0111\u1ecdc c\u00e1c th\u00f4ng b\u00e1o t\u1ea1i \u0111\u00e2y. T\u00f4i s\u1ebd li\u00ean h\u1ec7 v\u1edbi b\u1ea1n c\u00e0ng s\u1edbm c\u00e0ng t\u1ed1t.","robots":{"index":"index","follow":"follow","max-snippet":"max-snippet:-1","max-image-preview":"max-image-preview:large","max-video-preview":"max-video-preview:-1"},"canonical":"https:\/\/cajochy.com\/vi\/contact\/","og_locale":"vi_VN","og_type":"article","og_title":"Contact Me - Cajochy","og_description":"If you have any question, suggestion or cooperation, you can feel free to leavse messages here. I'll contact you as soon as possible.","og_url":"https:\/\/cajochy.com\/vi\/contact\/","og_site_name":"Cajochy","article_modified_time":"2022-05-19T02:52:22+00:00","twitter_card":"summary_large_image","schema":{"@context":"https:\/\/schema.org","@graph":[{"@type":"WebPage","@id":"https:\/\/cajochy.com\/contact\/","url":"https:\/\/cajochy.com\/contact\/","name":"Li\u00ean h\u1ec7 v\u1edbi t\u00f4i - Cajochy","isPartOf":{"@id":"https:\/\/cajochy.com\/#website"},"datePublished":"2019-07-25T00:52:35+00:00","dateModified":"2022-05-19T02:52:22+00:00","description":"N\u1ebfu b\u1ea1n c\u00f3 b\u1ea5t k\u1ef3 c\u00e2u h\u1ecfi, \u0111\u1ec1 xu\u1ea5t ho\u1eb7c h\u1ee3p t\u00e1c n\u00e0o, b\u1ea1n c\u00f3 th\u1ec3 \u0111\u1ecdc c\u00e1c th\u00f4ng b\u00e1o t\u1ea1i \u0111\u00e2y. T\u00f4i s\u1ebd li\u00ean h\u1ec7 v\u1edbi b\u1ea1n c\u00e0ng s\u1edbm c\u00e0ng t\u1ed1t.","breadcrumb":{"@id":"https:\/\/cajochy.com\/contact\/#breadcrumb"},"inLanguage":"vi","potentialAction":[{"@type":"ReadAction","target":["https:\/\/cajochy.com\/contact\/"]}]},{"@type":"BreadcrumbList","@id":"https:\/\/cajochy.com\/contact\/#breadcrumb","itemListElement":[{"@type":"ListItem","position":1,"name":"Home","item":"https:\/\/cajochy.com\/"},{"@type":"ListItem","position":2,"name":"Contact Me"}]},{"@type":"WebSite","@id":"https:\/\/cajochy.com\/#website","url":"https:\/\/cajochy.com\/","name":"Cajochy","description":"Gi\u1ea3m r\u1ee5ng t\u00f3c v\u00e0 m\u1ecdc l\u1ea1i t\u00f3c b\u1eb1ng c\u00e1c th\u1ee7 thu\u1eadt kh\u00f4ng d\u00f9ng h\u00f3a ch\u1ea5t","publisher":{"@id":"https:\/\/cajochy.com\/#organization"},"potentialAction":[{"@type":"SearchAction","target":{"@type":"EntryPoint","urlTemplate":"https:\/\/cajochy.com\/?s={search_term_string}"},"query-input":{"@type":"PropertyValueSpecification","valueRequired":true,"valueName":"search_term_string"}}],"inLanguage":"vi"},{"@type":"Organization","@id":"https:\/\/cajochy.com\/#organization","name":"Cajochy","url":"https:\/\/cajochy.com\/","logo":{"@type":"ImageObject","inLanguage":"vi","@id":"https:\/\/cajochy.com\/#\/schema\/logo\/image\/","url":"https:\/\/cajochy.com\/wp-content\/uploads\/2020\/09\/cropped-cajochy-image-logo-icon.jpg","contentUrl":"https:\/\/cajochy.com\/wp-content\/uploads\/2020\/09\/cropped-cajochy-image-logo-icon.jpg","width":512,"height":512,"caption":"Cajochy"},"image":{"@id":"https:\/\/cajochy.com\/#\/schema\/logo\/image\/"}}]}},"jetpack_sharing_enabled":true,"_links":{"self":[{"href":"https:\/\/cajochy.com\/vi\/wp-json\/wp\/v2\/pages\/43","targetHints":{"allow":["GET"]}}],"collection":[{"href":"https:\/\/cajochy.com\/vi\/wp-json\/wp\/v2\/pages"}],"about":[{"href":"https:\/\/cajochy.com\/vi\/wp-json\/wp\/v2\/types\/page"}],"author":[{"embeddable":true,"href":"https:\/\/cajochy.com\/vi\/wp-json\/wp\/v2\/users\/2"}],"replies":[{"embeddable":true,"href":"https:\/\/cajochy.com\/vi\/wp-json\/wp\/v2\/comments?post=43"}],"version-history":[{"count":0,"href":"https:\/\/cajochy.com\/vi\/wp-json\/wp\/v2\/pages\/43\/revisions"}],"wp:attachment":[{"href":"https:\/\/cajochy.com\/vi\/wp-json\/wp\/v2\/media?parent=43"}],"curies":[{"name":"wp","href":"https:\/\/api.w.org\/{rel}","templated":true}]}}