{"id":1758,"date":"2021-08-28T03:58:12","date_gmt":"2021-08-28T03:58:12","guid":{"rendered":"https:\/\/cajochy.com\/?page_id=1758"},"modified":"2021-09-20T09:19:05","modified_gmt":"2021-09-20T09:19:05","slug":"refund_returns","status":"publish","type":"page","link":"https:\/\/cajochy.com\/tr\/refund_returns\/","title":{"rendered":"\u0130ade ve \u0130ade Politikas\u0131"},"content":{"rendered":"<p><b>Bu \u00f6rnek bir sayfad\u0131r.<\/b><\/p>\n\n\n\n<p><h3>genel bak\u0131\u015f<\/h3><\/p>\n\n\n\n<p>Geri \u00f6deme ve iade politikam\u0131z 30 g\u00fcn s\u00fcrer. Sat\u0131n alma i\u015fleminizden bu yana 30 g\u00fcn ge\u00e7tiyse, size tam bir geri \u00f6deme veya de\u011fi\u015fim sunam\u0131yoruz.<\/p>\n\n\n\n<p>\u0130adeye hak kazanabilmeniz i\u00e7in, \u00f6\u011fenizin kullan\u0131lmam\u0131\u015f ve ald\u0131\u011f\u0131n\u0131z durumda olmas\u0131 gerekir. Ayr\u0131ca orijinal ambalaj\u0131nda olmal\u0131d\u0131r.<\/p>\n\n\n\n<p>Baz\u0131 mal t\u00fcrleri iade edilmekten muaft\u0131r. G\u0131da, \u00e7i\u00e7ek, gazete, dergi gibi \u00e7abuk bozulan \u00fcr\u00fcnler iade edilemez. Ayr\u0131ca \u00f6zel veya hijyenik \u00fcr\u00fcnler, tehlikeli maddeler veya yan\u0131c\u0131 s\u0131v\u0131lar veya gazlar olan \u00fcr\u00fcnleri de kabul etmiyoruz.<\/p>\n\n\n\n<p>Ek iade edilemeyen \u00f6\u011feler:<\/p>\n\n\n\n<ul class=\"wp-block-list\"><li>Hediye Kartlar\u0131<\/li><li>\u0130ndirilebilir yaz\u0131l\u0131m \u00fcr\u00fcnleri<\/li><li>Baz\u0131 sa\u011fl\u0131k ve ki\u015fisel bak\u0131m \u00fcr\u00fcnleri<\/li><\/ul>\n\n\n\n<p>\u0130adenizi tamamlamak i\u00e7in bir makbuz veya sat\u0131n alma belgesine ihtiyac\u0131m\u0131z var.<\/p>\n\n\n\n<p>L\u00fctfen sat\u0131n ald\u0131\u011f\u0131n\u0131z \u00fcr\u00fcn\u00fc \u00fcreticiye geri g\u00f6ndermeyin.<\/p>\n\n\n\n<p>Yaln\u0131zca k\u0131smi geri \u00f6demelerin verildi\u011fi belirli durumlar vard\u0131r:<\/p>\n\n\n\n<ul class=\"wp-block-list\"><li>Bariz kullan\u0131m belirtileri olan kitap<\/li><li>A\u00e7\u0131lm\u0131\u015f CD, DVD, VHS kaset, yaz\u0131l\u0131m, video oyunu, kaset veya plak.<\/li><li>Orijinal durumunda olmayan herhangi bir \u00f6\u011fe, bizim hatam\u0131zdan kaynaklanmayan nedenlerle hasarl\u0131 veya eksik par\u00e7ad\u0131r.<\/li><li>Teslimattan 30 g\u00fcn sonra iade edilen herhangi bir \u00fcr\u00fcn<\/li><\/ul>\n\n\n\n<p><h2>Geri \u00f6demeler<\/h2><\/p>\n\n\n\n<p>\u0130adeniz al\u0131n\u0131p incelendikten sonra, iade etti\u011finiz \u00fcr\u00fcn\u00fc ald\u0131\u011f\u0131m\u0131z\u0131 bildirmek i\u00e7in size bir e-posta g\u00f6nderece\u011fiz. Geri \u00f6demenizin onaylan\u0131p reddedildi\u011fini de size bildirece\u011fiz.<\/p>\n\n\n\n<p>Onaylan\u0131rsan\u0131z, geri \u00f6demeniz i\u015fleme koyulacak ve belirli bir g\u00fcn i\u00e7inde kredi kart\u0131n\u0131za veya orijinal \u00f6deme y\u00f6nteminize otomatik olarak bir kredi uygulanacakt\u0131r.<\/p>\n\n\n\n<p><b>Ge\u00e7 veya eksik geri \u00f6demeler<\/b><\/p>\n\n\n\n<p>Hen\u00fcz geri \u00f6deme almad\u0131ysan\u0131z, \u00f6nce banka hesab\u0131n\u0131z\u0131 tekrar kontrol edin.<\/p>\n\n\n\n<p>Ard\u0131ndan kredi kart\u0131 \u015firketinizle ileti\u015fime ge\u00e7in, geri \u00f6demenizin resmi olarak yay\u0131nlanmas\u0131 biraz zaman alabilir.<\/p>\n\n\n\n<p>Daha sonra bankan\u0131zla ileti\u015fime ge\u00e7in. Geri \u00f6deme g\u00f6nderilmeden \u00f6nce genellikle biraz i\u015flem s\u00fcresi vard\u0131r.<\/p>\n\n\n\n<p>T\u00fcm bunlar\u0131 yapman\u0131za ra\u011fmen geri \u00f6demenizi hen\u00fcz almad\u0131ysan\u0131z, l\u00fctfen {email address} adresinden bizimle ileti\u015fime ge\u00e7in.<\/p>\n\n\n\n<p><b>sat\u0131\u015f \u00f6\u011feleri<\/b><\/p>\n\n\n\n<p>Yaln\u0131zca normal fiyatl\u0131 \u00fcr\u00fcnler iade edilebilir. \u0130ndirimli \u00fcr\u00fcnler iade edilemez.<\/p>\n\n\n\n<p><h2>takaslar<\/h2><\/p>\n\n\n\n<p>\u00d6\u011feleri yaln\u0131zca kusurlu veya hasarl\u0131ysa de\u011fi\u015ftiririz. Ayn\u0131 \u00fcr\u00fcnle de\u011fi\u015ftirmeniz gerekiyorsa, bize {email address} adresinden bir e-posta g\u00f6nderin ve \u00f6\u011fenizi \u015fu adrese g\u00f6nderin: {fiziksel adres}.<\/p>\n\n\n\n<p><h2>Hediyeler<\/h2><\/p>\n\n\n\n<p>\u00d6\u011fe sat\u0131n al\u0131nd\u0131\u011f\u0131nda hediye olarak i\u015faretlendiyse ve do\u011frudan size g\u00f6nderildiyse, iadenizin de\u011feri kadar bir hediye kredisi al\u0131rs\u0131n\u0131z. \u0130ade edilen \u00fcr\u00fcn al\u0131nd\u0131\u011f\u0131nda, size bir hediye sertifikas\u0131 g\u00f6nderilecektir.<\/p>\n\n\n\n<p>\u00d6\u011fe, sat\u0131n al\u0131nd\u0131\u011f\u0131nda hediye olarak i\u015faretlenmemi\u015fse veya hediyeyi veren ki\u015fi sipari\u015fi size daha sonra vermek \u00fczere kendisine g\u00f6ndermi\u015fse, hediyeyi verene geri \u00f6deme g\u00f6ndeririz ve hediyeyi veren ki\u015fi iadenizi \u00f6\u011frenir.<\/p>\n\n\n\n<p><h2>Nakliye iadeleri<\/h2><\/p>\n\n\n\n<p>\u00dcr\u00fcn\u00fcn\u00fcz\u00fc iade etmek i\u00e7in \u00fcr\u00fcn\u00fcn\u00fcz\u00fc \u015fu adrese postalamal\u0131s\u0131n\u0131z: {fiziksel adres}.<\/p>\n\n\n\n<p>\u00d6\u011fenizi iade etmek i\u00e7in kendi nakliye masraflar\u0131n\u0131z\u0131 \u00f6demekten siz sorumlu olacaks\u0131n\u0131z. Nakliye masraflar\u0131 iade edilmez. Bir geri \u00f6deme al\u0131rsan\u0131z, iade nakliye maliyeti geri \u00f6demenizden d\u00fc\u015f\u00fclecektir.<\/p>\n\n\n\n<p>Ya\u015fad\u0131\u011f\u0131n\u0131z yere ba\u011fl\u0131 olarak, de\u011fi\u015ftirdi\u011finiz \u00fcr\u00fcn\u00fcn size ula\u015fma s\u00fcresi de\u011fi\u015fiklik g\u00f6sterebilir.<\/p>\n\n\n\n<p>Daha pahal\u0131 \u00fcr\u00fcnleri iade ediyorsan\u0131z izlenebilir bir nakliye hizmeti kullanmay\u0131 veya nakliye sigortas\u0131 sat\u0131n almay\u0131 d\u00fc\u015f\u00fcnebilirsiniz. \u0130ade etti\u011finiz \u00fcr\u00fcn\u00fc alaca\u011f\u0131m\u0131z\u0131 garanti etmiyoruz.<\/p>\n\n\n\n<p><h2>Yard\u0131ma m\u0131 ihtiyac\u0131n\u0131z var?<\/h2><\/p>\n\n\n\n<p>Geri \u00f6demeler ve iadelerle ilgili sorular\u0131n\u0131z i\u00e7in {email} adresinden bize ula\u015f\u0131n.<\/p>","protected":false},"excerpt":{"rendered":"<p>This is a sample page. Overview Our refund and returns policy lasts 30 days. If 30 days have passed since your purchase, we can\u2019t offer you<span class=\"excerpt-hellip\"> [\u2026]<\/span><\/p>\n","protected":false},"author":1,"featured_media":0,"parent":0,"menu_order":0,"comment_status":"closed","ping_status":"closed","template":"","meta":{"nf_dc_page":"","_monsterinsights_skip_tracking":false,"_monsterinsights_sitenote_active":false,"_monsterinsights_sitenote_note":"","_monsterinsights_sitenote_category":0,"footnotes":""},"class_list":["post-1758","page","type-page","status-publish","hentry"],"yoast_head":"<!-- This site is optimized with the Yoast SEO plugin v27.5 - https:\/\/yoast.com\/product\/yoast-seo-wordpress\/ -->\n<title>Refund and Returns Policy - Cajochy<\/title>\n<meta name=\"description\" content=\"Check Cajochy refund and returns policy to get more detailed info.\" \/>\n<meta name=\"robots\" content=\"index, follow, max-snippet:-1, max-image-preview:large, max-video-preview:-1\" \/>\n<link rel=\"canonical\" href=\"https:\/\/cajochy.com\/tr\/refund_returns\/\" \/>\n<meta property=\"og:locale\" content=\"tr_TR\" \/>\n<meta property=\"og:type\" content=\"article\" \/>\n<meta property=\"og:title\" content=\"Refund and Returns Policy - Cajochy\" \/>\n<meta property=\"og:description\" content=\"Check Cajochy refund and returns policy to get more detailed info.\" \/>\n<meta property=\"og:url\" content=\"https:\/\/cajochy.com\/tr\/refund_returns\/\" \/>\n<meta property=\"og:site_name\" content=\"Cajochy\" \/>\n<meta property=\"article:modified_time\" content=\"2021-09-20T09:19:05+00:00\" \/>\n<meta name=\"twitter:card\" content=\"summary_large_image\" \/>\n<meta name=\"twitter:label1\" content=\"Tahmini okuma s\u00fcresi\" \/>\n\t<meta name=\"twitter:data1\" content=\"3 dakika\" \/>\n<script type=\"application\/ld+json\" class=\"yoast-schema-graph\">{\"@context\":\"https:\\\/\\\/schema.org\",\"@graph\":[{\"@type\":\"WebPage\",\"@id\":\"https:\\\/\\\/cajochy.com\\\/refund_returns\\\/\",\"url\":\"https:\\\/\\\/cajochy.com\\\/refund_returns\\\/\",\"name\":\"Refund and Returns Policy - Cajochy\",\"isPartOf\":{\"@id\":\"https:\\\/\\\/cajochy.com\\\/#website\"},\"datePublished\":\"2021-08-28T03:58:12+00:00\",\"dateModified\":\"2021-09-20T09:19:05+00:00\",\"description\":\"Check Cajochy refund and returns policy to get more detailed info.\",\"breadcrumb\":{\"@id\":\"https:\\\/\\\/cajochy.com\\\/refund_returns\\\/#breadcrumb\"},\"inLanguage\":\"tr\",\"potentialAction\":[{\"@type\":\"ReadAction\",\"target\":[\"https:\\\/\\\/cajochy.com\\\/refund_returns\\\/\"]}]},{\"@type\":\"BreadcrumbList\",\"@id\":\"https:\\\/\\\/cajochy.com\\\/refund_returns\\\/#breadcrumb\",\"itemListElement\":[{\"@type\":\"ListItem\",\"position\":1,\"name\":\"Home\",\"item\":\"https:\\\/\\\/cajochy.com\\\/\"},{\"@type\":\"ListItem\",\"position\":2,\"name\":\"Refund and Returns Policy\"}]},{\"@type\":\"WebSite\",\"@id\":\"https:\\\/\\\/cajochy.com\\\/#website\",\"url\":\"https:\\\/\\\/cajochy.com\\\/\",\"name\":\"Cajochy\",\"description\":\"Reduce Hair Loss and Regrow Hair with Chemical-Free Tricks\",\"publisher\":{\"@id\":\"https:\\\/\\\/cajochy.com\\\/#organization\"},\"potentialAction\":[{\"@type\":\"SearchAction\",\"target\":{\"@type\":\"EntryPoint\",\"urlTemplate\":\"https:\\\/\\\/cajochy.com\\\/?s={search_term_string}\"},\"query-input\":{\"@type\":\"PropertyValueSpecification\",\"valueRequired\":true,\"valueName\":\"search_term_string\"}}],\"inLanguage\":\"tr\"},{\"@type\":\"Organization\",\"@id\":\"https:\\\/\\\/cajochy.com\\\/#organization\",\"name\":\"Cajochy\",\"url\":\"https:\\\/\\\/cajochy.com\\\/\",\"logo\":{\"@type\":\"ImageObject\",\"inLanguage\":\"tr\",\"@id\":\"https:\\\/\\\/cajochy.com\\\/#\\\/schema\\\/logo\\\/image\\\/\",\"url\":\"https:\\\/\\\/cajochy.com\\\/wp-content\\\/uploads\\\/2020\\\/09\\\/cropped-cajochy-image-logo-icon.jpg\",\"contentUrl\":\"https:\\\/\\\/cajochy.com\\\/wp-content\\\/uploads\\\/2020\\\/09\\\/cropped-cajochy-image-logo-icon.jpg\",\"width\":512,\"height\":512,\"caption\":\"Cajochy\"},\"image\":{\"@id\":\"https:\\\/\\\/cajochy.com\\\/#\\\/schema\\\/logo\\\/image\\\/\"}}]}<\/script>\n<!-- \/ Yoast SEO plugin. -->","yoast_head_json":{"title":"Geri \u00d6deme ve \u0130ade Politikas\u0131 - Cajochy","description":"Daha ayr\u0131nt\u0131l\u0131 bilgi almak i\u00e7in Cajochy geri \u00f6deme ve iade politikas\u0131n\u0131 kontrol edin.","robots":{"index":"index","follow":"follow","max-snippet":"max-snippet:-1","max-image-preview":"max-image-preview:large","max-video-preview":"max-video-preview:-1"},"canonical":"https:\/\/cajochy.com\/tr\/refund_returns\/","og_locale":"tr_TR","og_type":"article","og_title":"Refund and Returns Policy - Cajochy","og_description":"Check Cajochy refund and returns policy to get more detailed info.","og_url":"https:\/\/cajochy.com\/tr\/refund_returns\/","og_site_name":"Cajochy","article_modified_time":"2021-09-20T09:19:05+00:00","twitter_card":"summary_large_image","twitter_misc":{"Tahmini okuma s\u00fcresi":"3 dakika"},"schema":{"@context":"https:\/\/schema.org","@graph":[{"@type":"WebPage","@id":"https:\/\/cajochy.com\/refund_returns\/","url":"https:\/\/cajochy.com\/refund_returns\/","name":"Geri \u00d6deme ve \u0130ade Politikas\u0131 - Cajochy","isPartOf":{"@id":"https:\/\/cajochy.com\/#website"},"datePublished":"2021-08-28T03:58:12+00:00","dateModified":"2021-09-20T09:19:05+00:00","description":"Daha ayr\u0131nt\u0131l\u0131 bilgi almak i\u00e7in Cajochy geri \u00f6deme ve iade politikas\u0131n\u0131 kontrol edin.","breadcrumb":{"@id":"https:\/\/cajochy.com\/refund_returns\/#breadcrumb"},"inLanguage":"tr","potentialAction":[{"@type":"ReadAction","target":["https:\/\/cajochy.com\/refund_returns\/"]}]},{"@type":"BreadcrumbList","@id":"https:\/\/cajochy.com\/refund_returns\/#breadcrumb","itemListElement":[{"@type":"ListItem","position":1,"name":"Home","item":"https:\/\/cajochy.com\/"},{"@type":"ListItem","position":2,"name":"Refund and Returns Policy"}]},{"@type":"WebSite","@id":"https:\/\/cajochy.com\/#website","url":"https:\/\/cajochy.com\/","name":"Cajochy","description":"Kimyasals\u0131z Hilelerle Sa\u00e7 D\u00f6k\u00fclmesini Azalt\u0131n ve Sa\u00e7lar\u0131 Yeniden B\u00fcy\u00fct\u00fcn","publisher":{"@id":"https:\/\/cajochy.com\/#organization"},"potentialAction":[{"@type":"SearchAction","target":{"@type":"EntryPoint","urlTemplate":"https:\/\/cajochy.com\/?s={search_term_string}"},"query-input":{"@type":"PropertyValueSpecification","valueRequired":true,"valueName":"search_term_string"}}],"inLanguage":"tr"},{"@type":"Organization","@id":"https:\/\/cajochy.com\/#organization","name":"Cajochy","url":"https:\/\/cajochy.com\/","logo":{"@type":"ImageObject","inLanguage":"tr","@id":"https:\/\/cajochy.com\/#\/schema\/logo\/image\/","url":"https:\/\/cajochy.com\/wp-content\/uploads\/2020\/09\/cropped-cajochy-image-logo-icon.jpg","contentUrl":"https:\/\/cajochy.com\/wp-content\/uploads\/2020\/09\/cropped-cajochy-image-logo-icon.jpg","width":512,"height":512,"caption":"Cajochy"},"image":{"@id":"https:\/\/cajochy.com\/#\/schema\/logo\/image\/"}}]}},"jetpack_sharing_enabled":true,"_links":{"self":[{"href":"https:\/\/cajochy.com\/tr\/wp-json\/wp\/v2\/pages\/1758","targetHints":{"allow":["GET"]}}],"collection":[{"href":"https:\/\/cajochy.com\/tr\/wp-json\/wp\/v2\/pages"}],"about":[{"href":"https:\/\/cajochy.com\/tr\/wp-json\/wp\/v2\/types\/page"}],"author":[{"embeddable":true,"href":"https:\/\/cajochy.com\/tr\/wp-json\/wp\/v2\/users\/1"}],"replies":[{"embeddable":true,"href":"https:\/\/cajochy.com\/tr\/wp-json\/wp\/v2\/comments?post=1758"}],"version-history":[{"count":0,"href":"https:\/\/cajochy.com\/tr\/wp-json\/wp\/v2\/pages\/1758\/revisions"}],"wp:attachment":[{"href":"https:\/\/cajochy.com\/tr\/wp-json\/wp\/v2\/media?parent=1758"}],"curies":[{"name":"wp","href":"https:\/\/api.w.org\/{rel}","templated":true}]}}