{"id":1513,"date":"2021-04-07T08:54:19","date_gmt":"2021-04-07T08:54:19","guid":{"rendered":"https:\/\/cajochy.com\/?page_id=1513"},"modified":"2021-11-07T08:54:14","modified_gmt":"2021-11-07T08:54:14","slug":"privacy-policy","status":"publish","type":"page","link":"https:\/\/cajochy.com\/nb\/privacy-policy\/","title":{"rendered":"Personvernerkl\u00e6ring"},"content":{"rendered":"<h1>Personvernerkl\u00e6ring<\/h1>\n<p>Sist oppdatert: 7. april 2021<\/p>\n<p>Denne personvernerkl\u00e6ringen beskriver Cajochys retningslinjer og prosedyrer for innsamling, bruk og avsl\u00f8ring av informasjonen din n\u00e5r du bruker tjenesten og forteller deg om dine personvernrettigheter og hvordan loven beskytter deg.<\/p>\n<p>Cajochy bruker dine personlige data til \u00e5 tilby og forbedre tjenesten. Ved \u00e5 bruke tjenesten godtar du innsamling og bruk av informasjon i samsvar med denne personvernerkl\u00e6ringen.\u00a0<\/p>\n<h2><strong>Tolkning og definisjoner<\/strong><\/h2>\n<h3><strong>Tolkning<\/strong><\/h3>\n<p>Ordene der den f\u00f8rste bokstaven er stor har betydninger definert under f\u00f8lgende forhold. F\u00f8lgende definisjoner skal ha samme betydning uavhengig av om de st\u00e5r i entall eller flertall.<\/p>\n<h3><strong>Definisjoner<\/strong><\/h3>\n<p>For form\u00e5lene med denne personvernerkl\u00e6ringen:<\/p>\n<ul>\n<li><strong>Regnskap<\/strong> betyr en unik konto opprettet for deg for \u00e5 f\u00e5 tilgang til tjenesten v\u00e5r eller deler av Cajochy-tjenesten.<\/li>\n<li><strong>Informasjonskapsler<\/strong> er sm\u00e5 filer som er plassert p\u00e5 datamaskinen din, mobilenheten eller en hvilken som helst annen enhet av et nettsted, som inneholder detaljene om nettleserloggen din p\u00e5 det nettstedet blant dets mange bruksomr\u00e5der.<\/li>\n<li><strong>Enhet<\/strong> betyr enhver enhet som har tilgang til tjenesten, for eksempel en datamaskin, en mobiltelefon eller et digitalt nettbrett.<\/li>\n<li><strong>Personlig informasjon<\/strong> er all informasjon som er relatert til en identifisert eller identifiserbar person.<\/li>\n<li><strong>Service<\/strong> refererer til nettstedet.<\/li>\n<li><strong>Tjenesteleverand\u00f8r<\/strong> betyr enhver fysisk eller juridisk person som behandler dataene p\u00e5 vegne av selskapet. Det refererer til tredjepartsselskaper eller enkeltpersoner ansatt av selskapet for \u00e5 tilrettelegge for tjenesten, for \u00e5 yte tjenesten p\u00e5 vegne av selskapet, for \u00e5 utf\u00f8re tjenester relatert til tjenesten, eller for \u00e5 bist\u00e5 selskapet med \u00e5 analysere hvordan tjenesten brukes.<\/li>\n<li><strong>Tredjeparts sosiale medietjeneste<\/strong> refererer til ethvert nettsted eller et sosialt nettverksnettsted der en bruker kan logge p\u00e5 eller opprette en konto for \u00e5 bruke tjenesten.<\/li>\n<li><strong>Bruksdata<\/strong> refererer til data som samles inn automatisk, enten generert ved bruk av tjenesten eller fra selve tjenesteinfrastrukturen (for eksempel varigheten av et sidebes\u00f8k).<\/li>\n<li><strong>Nettsted<\/strong> refererer til Cajochy, tilgjengelig fra <a href=\"https:\/\/cajochy.com\/nb\/\">https:\/\/cajochy.com\/<\/a><\/li>\n<li><strong>Du<\/strong> bety individet som har tilgang til eller bruker tjenesten, eller selskapet, eller annen juridisk enhet p\u00e5 vegne av denne personen har tilgang til eller bruker tjenesten, alt etter hva som er aktuelt.<\/li>\n<\/ul>\n<h2><strong>Innsamling og bruk av dine personlige data<\/strong><\/h2>\n<h3><strong>Datatyper som samles inn<\/strong><\/h3>\n<p><strong>Personlig informasjon<\/strong><\/p>\n<p>Mens du bruker tjenesten, kan Cajochy be deg om \u00e5 gi oss visse personlig identifiserbare opplysninger som kan brukes til \u00e5 kontakte eller identifisere deg. Personlig identifiserbar informasjon kan omfatte, men er ikke begrenset til:<\/p>\n<ul>\n<li>Epostadresse<\/li>\n<li>Fornavn og etternavn<\/li>\n<li>Bruksdata<\/li>\n<\/ul>\n<p><strong>Bruksdata<\/strong><\/p>\n<p>Bruksdata samles inn automatisk n\u00e5r du bruker tjenesten.<\/p>\n<p>Bruksdata kan inkludere informasjon som enhetens Internett-protokolladresse (f.eks. IP-adresse), nettlesertype, nettleserversjon, sidene i tjenesten v\u00e5r du bes\u00f8ker, klokkeslett og dato for bes\u00f8ket ditt, tiden brukt p\u00e5 disse sidene, unik enhet identifikatorer og andre diagnostiske data.<\/p>\n<p>N\u00e5r du f\u00e5r tilgang til tjenesten via eller via en mobilenhet, kan Cajochy samle inn viss informasjon automatisk, inkludert, men ikke begrenset til, typen mobilenhet du bruker, mobilenhetens unike ID, IP-adressen til mobilenheten din, mobilen din operativsystem, typen mobil nettleser du bruker, unike enhetsidentifikatorer og andre diagnostiske data.<\/p>\n<p>Cajochy kan ogs\u00e5 samle inn informasjon som nettleseren din sender n\u00e5r du bes\u00f8ker tjenesten v\u00e5r eller n\u00e5r du f\u00e5r tilgang til tjenesten via eller via en mobilenhet.<\/p>\n<p><strong>Sporingsteknologier og informasjonskapsler<\/strong><\/p>\n<p>Cajochy bruker informasjonskapsler og lignende sporingsteknologier for \u00e5 spore aktiviteten p\u00e5 Cajochy-tjenesten og lagre visse opplysninger. Sporingsteknologier som brukes er beacons, tags og skript for \u00e5 samle inn og spore informasjon og for \u00e5 forbedre og analysere Cajochy Service. Teknologiene Cajochy bruker kan omfatte:<\/p>\n<ul>\n<li><strong>Informasjonskapsler eller nettleserinformasjonskapsler.<\/strong> En informasjonskapsel er en liten fil plassert p\u00e5 enheten din. Du kan instruere nettleseren din om \u00e5 nekte alle informasjonskapsler eller \u00e5 indikere n\u00e5r en informasjonskapsel sendes. Imidlertid, hvis du ikke godtar informasjonskapsler, kan det hende du ikke kan bruke enkelte deler av Cajochy-tjenesten. Med mindre du har justert nettleserinnstillingen slik at den vil nekte informasjonskapsler, kan tjenesten v\u00e5r bruke informasjonskapsler.<\/li>\n<li><strong>Flash-informasjonskapsler.<\/strong> Visse funksjoner i Cajochy-tjenesten kan bruke lokale lagrede objekter (eller Flash-informasjonskapsler) for \u00e5 samle inn og lagre informasjon om dine preferanser eller din aktivitet p\u00e5 tjenesten v\u00e5r. Flash-informasjonskapsler administreres ikke av de samme nettleserinnstillingene som de som brukes for nettleserinformasjonskapsler.\u00a0<\/li>\n<li><strong>Web Beacons.<\/strong> Enkelte deler av tjenesten v\u00e5r og e-postene v\u00e5re kan inneholde sm\u00e5 elektroniske filer kjent som web beacons (ogs\u00e5 referert til som klare gifs, pikseltagger og enkeltpiksel gifs) som tillater Cajochy for eksempel \u00e5 telle brukere som har bes\u00f8kt disse sidene eller \u00e5pnet en e-post og for annen relatert nettstedstatistikk (for eksempel registrering av populariteten til en bestemt seksjon og verifisering av system- og serverintegritet).<\/li>\n<\/ul>\n<p>Informasjonskapsler kan v\u00e6re &quot;Persistente&quot; eller &quot;Session&quot;-informasjonskapsler. Vedvarende informasjonskapsler forblir p\u00e5 din personlige datamaskin eller mobilenhet n\u00e5r du g\u00e5r offline, mens \u00f8ktinformasjonskapsler slettes s\u00e5 snart du lukker nettleseren.\u00a0<\/p>\n<p>Cajochy bruker b\u00e5de \u00f8kt- og vedvarende informasjonskapsler for form\u00e5lene som er angitt nedenfor:<\/p>\n<ul>\n<li><strong>N\u00f8dvendige \/ essensielle informasjonskapsler<\/strong><\/li>\n<\/ul>\n<p>Type: Sesjonsinformasjonskapsler<\/p>\n<p>Administrert av: Cajochy<\/p>\n<p>Form\u00e5l: Disse informasjonskapslene er essensielle for \u00e5 gi deg tjenester tilgjengelig via nettstedet og for \u00e5 gj\u00f8re det mulig for deg \u00e5 bruke noen av funksjonene. De bidrar til \u00e5 autentisere brukere og forhindre uredelig bruk av brukerkontoer. Uten disse informasjonskapslene kan ikke tjenestene du har bedt om tilbys, og Cajochy bruker kun disse informasjonskapslene for \u00e5 gi deg disse tjenestene.<\/p>\n<ul>\n<li><strong>Retningslinjer for informasjonskapsler \/ godkjenning av varsel Informasjonskapsler<\/strong><\/li>\n<\/ul>\n<p>Type: Vedvarende informasjonskapsler<\/p>\n<p>Administrert av: Cajochy<\/p>\n<p>Form\u00e5l: Disse informasjonskapslene identifiserer om brukere har akseptert bruken av informasjonskapsler p\u00e5 nettstedet.<\/p>\n<ul>\n<li><strong>Funksjonsinformasjonskapsler<\/strong><\/li>\n<\/ul>\n<p>Type: Vedvarende informasjonskapsler<\/p>\n<p>Administrert av: Cajochy<\/p>\n<p>Form\u00e5l: Disse informasjonskapslene lar Cajochy huske valg du gj\u00f8r n\u00e5r du bruker nettstedet, for eksempel \u00e5 huske p\u00e5loggingsdetaljer eller spr\u00e5kpreferanser. Form\u00e5let med disse informasjonskapslene er \u00e5 gi deg en mer personlig opplevelse og unng\u00e5 at du m\u00e5 angi innstillingene dine p\u00e5 nytt hver gang du bruker nettstedet.<\/p>\n<p>For mer informasjon om informasjonskapslene vi bruker og dine valg ang\u00e5ende informasjonskapsler, vennligst bes\u00f8k Cajochys retningslinjer for informasjonskapsler eller delen om informasjonskapsler i Cajochys retningslinjer for personvern.<\/p>\n<h3><strong>Bruk av dine personlige data<\/strong><\/h3>\n<p>Selskapet kan bruke personopplysninger til f\u00f8lgende form\u00e5l:<\/p>\n<ul>\n<li><strong>For \u00e5 tilby og vedlikeholde tjenesten v\u00e5r<\/strong>, inkludert overv\u00e5king av bruken av Cajochy Service.<\/li>\n<li><strong>Slik administrerer du kontoen din:<\/strong> for \u00e5 administrere registreringen din som bruker av tjenesten. Personopplysningene du oppgir kan gi deg tilgang til ulike funksjoner i tjenesten som er tilgjengelige for deg som registrert bruker.<\/li>\n<li><strong>For gjennomf\u00f8ring av en kontrakt:<\/strong> utvikling, overholdelse og gjennomf\u00f8ring av kj\u00f8pskontrakten for produktene, varene eller tjenestene du har kj\u00f8pt eller av en hvilken som helst annen kontrakt med oss gjennom tjenesten.<\/li>\n<li><strong>For \u00e5 kontakte deg:<\/strong> For \u00e5 kontakte deg via e-post, telefonsamtaler, SMS eller andre tilsvarende former for elektronisk kommunikasjon, for eksempel en mobilapplikasjons push-varslinger ang\u00e5ende oppdateringer eller informativ kommunikasjon relatert til funksjonaliteten, produktene eller avtalte tjenestene, inkludert sikkerhetsoppdateringene, n\u00e5r det er n\u00f8dvendig eller rimelig for gjennomf\u00f8ringen.<\/li>\n<li><strong>For \u00e5 gi deg<\/strong> med nyheter, spesialtilbud og generell informasjon om andre varer, tjenester og arrangementer som vi tilbyr som ligner p\u00e5 de du allerede har kj\u00f8pt eller spurt om med mindre du har valgt \u00e5 ikke motta slik informasjon.<\/li>\n<li><strong>Slik administrerer du foresp\u00f8rslene dine:<\/strong> For \u00e5 delta og administrere foresp\u00f8rslene dine til Cajochy.<\/li>\n<li><strong>For virksomhetsoverf\u00f8ringer:<\/strong> Cajochy kan bruke opplysningene dine til \u00e5 evaluere eller gjennomf\u00f8re en fusjon, avhending, restrukturering, omorganisering, oppl\u00f8sning eller annet salg eller overf\u00f8ring av noen eller alle v\u00e5re eiendeler, enten som en fortsatt drift eller som en del av konkurs, likvidasjon eller lignende prosedyre, der personopplysninger som holdes av oss om v\u00e5re tjenestebrukere er blant eiendelene som overf\u00f8res.<\/li>\n<li><strong>For andre form\u00e5l<\/strong>: Cajochy kan bruke informasjonen din til andre form\u00e5l, for eksempel dataanalyse, identifisering av brukstrender, bestemme effektiviteten til Cajochy-kampanjer, og for \u00e5 evaluere og forbedre tjenesten v\u00e5r, produkter, tjenester, markedsf\u00f8ring og din opplevelse.<\/li>\n<\/ul>\n<p>Cajochy kan dele din personlige informasjon i f\u00f8lgende situasjoner:<\/p>\n<ul>\n<li><strong>Med tjenesteleverand\u00f8rer:<\/strong> Cajochy kan dele din personlige informasjon med tjenesteleverand\u00f8rer for \u00e5 overv\u00e5ke og analysere bruken av tjenesten v\u00e5r, for \u00e5 kontakte deg.<\/li>\n<li><strong>For virksomhetsoverf\u00f8ringer:<\/strong> Cajochy kan dele eller overf\u00f8re din personlige informasjon i forbindelse med, eller under forhandlinger om, enhver fusjon, salg av selskapets eiendeler, finansiering eller oppkj\u00f8p av hele eller deler av Cajochy-virksomheten til et annet selskap.<\/li>\n<li><strong>Med tilknyttede selskaper:<\/strong> Cajochy kan dele informasjonen din med v\u00e5re tilknyttede selskaper, i s\u00e5 fall vil Cajochy kreve at disse tilknyttede selskapene overholder denne personvernerkl\u00e6ringen. Cajochy er deltaker i Amazon Services LLC Associates Program, et tilknyttet annonseringsprogram designet for \u00e5 gi nettsteder et middel til \u00e5 tjene annonseringsgebyrer ved \u00e5 annonsere og lenke til Amazon.com.<\/li>\n<li><strong>Med forretningspartnere:<\/strong> Cajochy kan dele informasjonen din med Cajochy forretningspartnere for \u00e5 tilby deg visse produkter, tjenester eller kampanjer.<\/li>\n<li><strong>Med andre brukere:<\/strong> n\u00e5r du deler personlig informasjon eller p\u00e5 annen m\u00e5te samhandler i offentlige omr\u00e5der med andre brukere, kan slik informasjon bli sett av alle brukere og kan distribueres offentlig utenfor. Hvis du samhandler med andre brukere eller registrerer deg gjennom en tredjeparts sosiale medietjeneste, kan kontaktene dine p\u00e5 tredjeparts sosiale medietjeneste se navnet ditt, profilen, bildene og beskrivelsen av aktiviteten din. P\u00e5 samme m\u00e5te vil andre brukere kunne se beskrivelser av aktiviteten din, kommunisere med deg og se profilen din.<\/li>\n<li><strong>Med ditt samtykke<\/strong>: Cajochy kan avsl\u00f8re din personlige informasjon til andre form\u00e5l med ditt samtykke.<\/li>\n<\/ul>\n<h3><strong>Oppbevaring av dine personlige data<\/strong><\/h3>\n<p>Cajochy vil beholde dine personopplysninger bare s\u00e5 lenge det er n\u00f8dvendig for form\u00e5lene angitt i denne personvernerkl\u00e6ringen. Cajochy vil beholde og bruke dine personopplysninger i den grad det er n\u00f8dvendig for \u00e5 overholde v\u00e5re juridiske forpliktelser (for eksempel hvis Cajochy er p\u00e5lagt \u00e5 beholde dataene dine for \u00e5 overholde gjeldende lover), l\u00f8se tvister og h\u00e5ndheve v\u00e5re juridiske avtaler og retningslinjer.<\/p>\n<p>Cajochy vil ogs\u00e5 beholde bruksdata for interne analyseform\u00e5l. Bruksdata oppbevares generelt i en kortere periode, bortsett fra n\u00e5r disse dataene brukes til \u00e5 styrke sikkerheten eller for \u00e5 forbedre funksjonaliteten til tjenesten v\u00e5r, eller Cajochy er juridisk forpliktet til \u00e5 beholde disse dataene i lengre tidsperioder.<\/p>\n<p><strong>Overf\u00f8ring av dine personlige data<\/strong><\/p>\n<p>Din informasjon, inkludert personopplysninger, behandles p\u00e5 Cajochys driftskontorer og p\u00e5 andre steder der partene som er involvert i behandlingen befinner seg. Det betyr at denne informasjonen kan overf\u00f8res til \u2013 og vedlikeholdes p\u00e5 \u2013 datamaskiner som befinner seg utenfor din stat, provins, land eller annen statlig jurisdiksjon der databeskyttelseslovene kan avvike fra de fra din jurisdiksjon.<\/p>\n<p>Ditt samtykke til denne personvernerkl\u00e6ringen etterfulgt av din innsending av slik informasjon representerer din samtykke til den overf\u00f8ringen.<\/p>\n<p>Cajochy vil ta alle n\u00f8dvendige skritt for \u00e5 sikre at dataene dine behandles sikkert og i samsvar med denne personvernerkl\u00e6ringen, og ingen overf\u00f8ring av dine personopplysninger vil finne sted til en organisasjon eller et land med mindre det er tilstrekkelige kontroller p\u00e5 plass, inkludert sikkerheten til din data og annen personlig informasjon.<\/p>\n<h2><strong>Utlevering av dine personlige data<\/strong><\/h2>\n<h3><strong>Forretningstransaksjoner<\/strong><\/h3>\n<p>Hvis Cajochy er involvert i en fusjon, oppkj\u00f8p eller salg av eiendeler, kan dine personopplysninger bli overf\u00f8rt. Vi vil varsle f\u00f8r dine personlige data overf\u00f8res og blir underlagt en annen personvernerkl\u00e6ring.<\/p>\n<h3><strong>Rettsh\u00e5ndhevelse<\/strong><\/h3>\n<p>Under visse omstendigheter kan Cajochy bli p\u00e5lagt \u00e5 avsl\u00f8re dine personopplysninger hvis det er p\u00e5lagt \u00e5 gj\u00f8re det ved lov eller som svar p\u00e5 gyldige foresp\u00f8rsler fra offentlige myndigheter (f.eks. en domstol eller et offentlig organ).<\/p>\n<h3><strong>Andre lovkrav<\/strong><\/h3>\n<p>Cajochy kan avsl\u00f8re dine personopplysninger i god tro om at slik handling er n\u00f8dvendig for \u00e5:<\/p>\n<ul>\n<li>Overhold en juridisk forpliktelse<\/li>\n<li>Beskytte og forsvare rettighetene eller eiendommen til selskapet<\/li>\n<li>Forhindre eller unders\u00f8ke mulige forseelser i forbindelse med tjenesten<\/li>\n<li>Beskytt den personlige sikkerheten til brukere av tjenesten eller offentligheten<\/li>\n<li>Beskytt mot juridisk ansvar<\/li>\n<\/ul>\n<h3><strong>Sikkerhet for dine personlige data<\/strong><\/h3>\n<p>Sikkerheten til dine personlige data er viktig for oss, men husk at ingen metode for overf\u00f8ring over Internett, eller metode for elektronisk lagring er 100% sikker. Selv om Cajochy streber etter \u00e5 bruke kommersielt akseptable midler for \u00e5 beskytte dine personlige data, kan vi ikke garantere absolutt sikkerhet.<\/p>\n<h3><strong>Lenker til andre nettsteder<\/strong><\/h3>\n<p>Cajochy Service kan inneholde lenker til andre nettsteder som ikke drives av oss. Hvis du klikker p\u00e5 en tredjepartskobling, vil du bli dirigert til denne tredjepartens nettsted. Cajochy anbefaler deg p\u00e5 det sterkeste \u00e5 g\u00e5 gjennom personvernreglene for hvert nettsted du bes\u00f8ker.<\/p>\n<p>Cajochy har ingen kontroll over og p\u00e5tar seg intet ansvar for innholdet, personvernreglene eller praksisen til tredjeparts nettsteder eller tjenester.<\/p>\n<h3><strong>Endringer i denne personvernerkl\u00e6ringen<\/strong><\/h3>\n<p>Cajochy kan oppdatere v\u00e5r personvernerkl\u00e6ring fra tid til annen. Cajochy vil varsle deg om eventuelle endringer ved \u00e5 legge ut den nye personvernerkl\u00e6ringen p\u00e5 denne siden.<\/p>\n<p>Cajochy vil gi deg beskjed via e-post og\/eller en fremtredende melding p\u00e5 Cajochy Service, f\u00f8r endringen trer i kraft, og oppdaterer &quot;Sist oppdatert&quot;-datoen \u00f8verst i denne personvernerkl\u00e6ringen.<\/p>\n<p>Du anbefales \u00e5 gjennomg\u00e5 denne personvernerkl\u00e6ringen med jevne mellomrom for eventuelle endringer. Endringer i denne personvernerkl\u00e6ringen trer i kraft n\u00e5r de legges ut p\u00e5 denne siden.<\/p>\n<h2><strong>Kontakt oss<\/strong><\/h2>\n<p>Hvis du har sp\u00f8rsm\u00e5l om denne personvernerkl\u00e6ringen, kan du kontakte Cajochy:<\/p>\n<ul>\n<li>P\u00e5 e-post: carol@cajochy.com<\/li>\n<li>Ved \u00e5 bes\u00f8ke <a href=\"https:\/\/cajochy.com\/nb\/contact\/\">denne siden<\/a> p\u00e5 nettsiden<\/li>\n<\/ul>\n<p>\u00a0<\/p>","protected":false},"excerpt":{"rendered":"<p>Privacy Policy Last updated: April 07, 2021 This Privacy Policy describes Cajochy policies and procedures on the collection, use, and disclosure of Your information when You<span class=\"excerpt-hellip\"> [\u2026]<\/span><\/p>\n","protected":false},"author":2,"featured_media":0,"parent":0,"menu_order":0,"comment_status":"closed","ping_status":"closed","template":"","meta":{"nf_dc_page":"","_monsterinsights_skip_tracking":false,"_monsterinsights_sitenote_active":false,"_monsterinsights_sitenote_note":"","_monsterinsights_sitenote_category":0,"footnotes":""},"class_list":["post-1513","page","type-page","status-publish","hentry"],"yoast_head":"<!-- This site is optimized with the Yoast SEO plugin v27.3 - https:\/\/yoast.com\/product\/yoast-seo-wordpress\/ -->\n<title>Privacy Policy - Cajochy<\/title>\n<meta name=\"description\" content=\"Know how Cajochy collects and processes your personal data while browsing all Cajochy website pages in detail.\" \/>\n<meta name=\"robots\" content=\"index, follow, max-snippet:-1, max-image-preview:large, max-video-preview:-1\" \/>\n<link rel=\"canonical\" href=\"https:\/\/cajochy.com\/nb\/privacy-policy\/\" \/>\n<meta property=\"og:locale\" content=\"nb_NO\" \/>\n<meta property=\"og:type\" content=\"article\" \/>\n<meta property=\"og:title\" content=\"Privacy Policy - Cajochy\" \/>\n<meta property=\"og:description\" content=\"Know how Cajochy collects and processes your personal data while browsing all Cajochy website pages in detail.\" \/>\n<meta property=\"og:url\" content=\"https:\/\/cajochy.com\/nb\/privacy-policy\/\" \/>\n<meta property=\"og:site_name\" content=\"Cajochy\" \/>\n<meta property=\"article:modified_time\" content=\"2021-11-07T08:54:14+00:00\" \/>\n<meta name=\"twitter:card\" content=\"summary_large_image\" \/>\n<meta name=\"twitter:label1\" content=\"Ansl. lesetid\" \/>\n\t<meta name=\"twitter:data1\" content=\"10 minutter\" \/>\n<script type=\"application\/ld+json\" class=\"yoast-schema-graph\">{\"@context\":\"https:\\\/\\\/schema.org\",\"@graph\":[{\"@type\":\"WebPage\",\"@id\":\"https:\\\/\\\/cajochy.com\\\/privacy-policy\\\/\",\"url\":\"https:\\\/\\\/cajochy.com\\\/privacy-policy\\\/\",\"name\":\"Privacy Policy - Cajochy\",\"isPartOf\":{\"@id\":\"https:\\\/\\\/cajochy.com\\\/#website\"},\"datePublished\":\"2021-04-07T08:54:19+00:00\",\"dateModified\":\"2021-11-07T08:54:14+00:00\",\"description\":\"Know how Cajochy collects and processes your personal data while browsing all Cajochy website pages in detail.\",\"breadcrumb\":{\"@id\":\"https:\\\/\\\/cajochy.com\\\/privacy-policy\\\/#breadcrumb\"},\"inLanguage\":\"nb-NO\",\"potentialAction\":[{\"@type\":\"ReadAction\",\"target\":[\"https:\\\/\\\/cajochy.com\\\/privacy-policy\\\/\"]}]},{\"@type\":\"BreadcrumbList\",\"@id\":\"https:\\\/\\\/cajochy.com\\\/privacy-policy\\\/#breadcrumb\",\"itemListElement\":[{\"@type\":\"ListItem\",\"position\":1,\"name\":\"Home\",\"item\":\"https:\\\/\\\/cajochy.com\\\/\"},{\"@type\":\"ListItem\",\"position\":2,\"name\":\"Privacy Policy\"}]},{\"@type\":\"WebSite\",\"@id\":\"https:\\\/\\\/cajochy.com\\\/#website\",\"url\":\"https:\\\/\\\/cajochy.com\\\/\",\"name\":\"Cajochy\",\"description\":\"Reduce Hair Loss and Regrow Hair with Chemical-Free Tricks\",\"publisher\":{\"@id\":\"https:\\\/\\\/cajochy.com\\\/#organization\"},\"potentialAction\":[{\"@type\":\"SearchAction\",\"target\":{\"@type\":\"EntryPoint\",\"urlTemplate\":\"https:\\\/\\\/cajochy.com\\\/?s={search_term_string}\"},\"query-input\":{\"@type\":\"PropertyValueSpecification\",\"valueRequired\":true,\"valueName\":\"search_term_string\"}}],\"inLanguage\":\"nb-NO\"},{\"@type\":\"Organization\",\"@id\":\"https:\\\/\\\/cajochy.com\\\/#organization\",\"name\":\"Cajochy\",\"url\":\"https:\\\/\\\/cajochy.com\\\/\",\"logo\":{\"@type\":\"ImageObject\",\"inLanguage\":\"nb-NO\",\"@id\":\"https:\\\/\\\/cajochy.com\\\/#\\\/schema\\\/logo\\\/image\\\/\",\"url\":\"https:\\\/\\\/cajochy.com\\\/wp-content\\\/uploads\\\/2020\\\/09\\\/cropped-cajochy-image-logo-icon.jpg\",\"contentUrl\":\"https:\\\/\\\/cajochy.com\\\/wp-content\\\/uploads\\\/2020\\\/09\\\/cropped-cajochy-image-logo-icon.jpg\",\"width\":512,\"height\":512,\"caption\":\"Cajochy\"},\"image\":{\"@id\":\"https:\\\/\\\/cajochy.com\\\/#\\\/schema\\\/logo\\\/image\\\/\"}}]}<\/script>\n<!-- \/ Yoast SEO plugin. -->","yoast_head_json":{"title":"Personvernerkl\u00e6ring - Cajochy","description":"Vit hvordan Cajochy samler inn og behandler dine personopplysninger mens du blar gjennom alle Cajochy nettsider i detalj.","robots":{"index":"index","follow":"follow","max-snippet":"max-snippet:-1","max-image-preview":"max-image-preview:large","max-video-preview":"max-video-preview:-1"},"canonical":"https:\/\/cajochy.com\/nb\/privacy-policy\/","og_locale":"nb_NO","og_type":"article","og_title":"Privacy Policy - Cajochy","og_description":"Know how Cajochy collects and processes your personal data while browsing all Cajochy website pages in detail.","og_url":"https:\/\/cajochy.com\/nb\/privacy-policy\/","og_site_name":"Cajochy","article_modified_time":"2021-11-07T08:54:14+00:00","twitter_card":"summary_large_image","twitter_misc":{"Ansl. lesetid":"10 minutter"},"schema":{"@context":"https:\/\/schema.org","@graph":[{"@type":"WebPage","@id":"https:\/\/cajochy.com\/privacy-policy\/","url":"https:\/\/cajochy.com\/privacy-policy\/","name":"Personvernerkl\u00e6ring - Cajochy","isPartOf":{"@id":"https:\/\/cajochy.com\/#website"},"datePublished":"2021-04-07T08:54:19+00:00","dateModified":"2021-11-07T08:54:14+00:00","description":"Vit hvordan Cajochy samler inn og behandler dine personopplysninger mens du blar gjennom alle Cajochy nettsider i detalj.","breadcrumb":{"@id":"https:\/\/cajochy.com\/privacy-policy\/#breadcrumb"},"inLanguage":"nb-NO","potentialAction":[{"@type":"ReadAction","target":["https:\/\/cajochy.com\/privacy-policy\/"]}]},{"@type":"BreadcrumbList","@id":"https:\/\/cajochy.com\/privacy-policy\/#breadcrumb","itemListElement":[{"@type":"ListItem","position":1,"name":"Home","item":"https:\/\/cajochy.com\/"},{"@type":"ListItem","position":2,"name":"Privacy Policy"}]},{"@type":"WebSite","@id":"https:\/\/cajochy.com\/#website","url":"https:\/\/cajochy.com\/","name":"Cajochy","description":"Reduser h\u00e5rtap og gjenopprett h\u00e5r med kjemikaliefrie triks","publisher":{"@id":"https:\/\/cajochy.com\/#organization"},"potentialAction":[{"@type":"SearchAction","target":{"@type":"EntryPoint","urlTemplate":"https:\/\/cajochy.com\/?s={search_term_string}"},"query-input":{"@type":"PropertyValueSpecification","valueRequired":true,"valueName":"search_term_string"}}],"inLanguage":"nb-NO"},{"@type":"Organization","@id":"https:\/\/cajochy.com\/#organization","name":"Cajochy","url":"https:\/\/cajochy.com\/","logo":{"@type":"ImageObject","inLanguage":"nb-NO","@id":"https:\/\/cajochy.com\/#\/schema\/logo\/image\/","url":"https:\/\/cajochy.com\/wp-content\/uploads\/2020\/09\/cropped-cajochy-image-logo-icon.jpg","contentUrl":"https:\/\/cajochy.com\/wp-content\/uploads\/2020\/09\/cropped-cajochy-image-logo-icon.jpg","width":512,"height":512,"caption":"Cajochy"},"image":{"@id":"https:\/\/cajochy.com\/#\/schema\/logo\/image\/"}}]}},"jetpack_sharing_enabled":true,"_links":{"self":[{"href":"https:\/\/cajochy.com\/nb\/wp-json\/wp\/v2\/pages\/1513","targetHints":{"allow":["GET"]}}],"collection":[{"href":"https:\/\/cajochy.com\/nb\/wp-json\/wp\/v2\/pages"}],"about":[{"href":"https:\/\/cajochy.com\/nb\/wp-json\/wp\/v2\/types\/page"}],"author":[{"embeddable":true,"href":"https:\/\/cajochy.com\/nb\/wp-json\/wp\/v2\/users\/2"}],"replies":[{"embeddable":true,"href":"https:\/\/cajochy.com\/nb\/wp-json\/wp\/v2\/comments?post=1513"}],"version-history":[{"count":0,"href":"https:\/\/cajochy.com\/nb\/wp-json\/wp\/v2\/pages\/1513\/revisions"}],"wp:attachment":[{"href":"https:\/\/cajochy.com\/nb\/wp-json\/wp\/v2\/media?parent=1513"}],"curies":[{"name":"wp","href":"https:\/\/api.w.org\/{rel}","templated":true}]}}