{"id":1513,"date":"2021-04-07T08:54:19","date_gmt":"2021-04-07T08:54:19","guid":{"rendered":"https:\/\/cajochy.com\/?page_id=1513"},"modified":"2021-11-07T08:54:14","modified_gmt":"2021-11-07T08:54:14","slug":"privacy-policy","status":"publish","type":"page","link":"https:\/\/cajochy.com\/it\/privacy-policy\/","title":{"rendered":"politica sulla riservatezza"},"content":{"rendered":"<h1>politica sulla riservatezza<\/h1>\n<p>Ultimo aggiornamento: 07 aprile 2021<\/p>\n<p>Questa Informativa sulla privacy descrive le politiche e le procedure di Cajochy sulla raccolta, l&#039;uso e la divulgazione delle tue informazioni quando utilizzi il Servizio e ti informa sui tuoi diritti alla privacy e su come la legge ti protegge.<\/p>\n<p>Cajochy utilizza i tuoi dati personali per fornire e migliorare il servizio. Utilizzando il Servizio, accetti la raccolta e l&#039;utilizzo delle informazioni in conformit\u00e0 con la presente Informativa sulla privacy.\u00a0<\/p>\n<h2><strong>Interpretazione e definizioni<\/strong><\/h2>\n<h3><strong>Interpretazione<\/strong><\/h3>\n<p>Le parole la cui lettera iniziale \u00e8 maiuscola hanno significati definiti alle seguenti condizioni. Le seguenti definizioni hanno lo stesso significato indipendentemente dal fatto che appaiano al singolare o al plurale.<\/p>\n<h3><strong>Definizioni<\/strong><\/h3>\n<p>Ai fini della presente Informativa sulla privacy:<\/p>\n<ul>\n<li><strong>Account<\/strong> indica un account unico creato per te per accedere al nostro servizio o parti del servizio Cajochy.<\/li>\n<li><strong>Biscotti<\/strong> sono piccoli file che vengono inseriti sul tuo computer, dispositivo mobile o qualsiasi altro dispositivo da un sito Web, contenenti i dettagli della tua cronologia di navigazione su quel sito Web tra i suoi numerosi usi.<\/li>\n<li><strong>Dispositivo<\/strong> indica qualsiasi dispositivo che pu\u00f2 accedere al Servizio come un computer, un cellulare o un tablet digitale.<\/li>\n<li><strong>Dati personali<\/strong> \u00e8 qualsiasi informazione relativa a un individuo identificato o identificabile.<\/li>\n<li><strong>Servizio<\/strong> fa riferimento al sito web.<\/li>\n<li><strong>Fornitore di servizi<\/strong> indica qualsiasi persona fisica o giuridica che tratta i dati per conto della Societ\u00e0. Si riferisce a societ\u00e0 o persone terze impiegate dalla Societ\u00e0 per facilitare il Servizio, per fornire il Servizio per conto della Societ\u00e0, per eseguire servizi relativi al Servizio o per assistere la Societ\u00e0 nell&#039;analisi di come viene utilizzato il Servizio.<\/li>\n<li><strong>Servizio di social media di terze parti<\/strong> si riferisce a qualsiasi sito Web o qualsiasi sito Web di social network attraverso il quale un utente pu\u00f2 accedere o creare un account per utilizzare il Servizio.<\/li>\n<li><strong>Dati di utilizzo<\/strong> si riferisce ai dati raccolti automaticamente, generati dall&#039;uso del Servizio o dall&#039;infrastruttura del Servizio stesso (ad esempio, la durata di una visita alla pagina).<\/li>\n<li><strong>Sito web<\/strong> si riferisce a Cajochy, accessibile da <a href=\"https:\/\/cajochy.com\/it\/\">https:\/\/cajochy.com\/<\/a><\/li>\n<li><strong>Voi<\/strong> indica la persona che accede o utilizza il Servizio, o la societ\u00e0 o altra entit\u00e0 legale per conto della quale tale persona accede o utilizza il Servizio, a seconda dei casi.<\/li>\n<\/ul>\n<h2><strong>Raccolta e utilizzo dei dati personali<\/strong><\/h2>\n<h3><strong>Tipi di dati raccolti<\/strong><\/h3>\n<p><strong>Dati personali<\/strong><\/p>\n<p>Durante l&#039;utilizzo del Servizio, Cajochy pu\u00f2 chiederti di fornirci alcune informazioni di identificazione personale che possono essere utilizzate per contattarti o identificarti. Le informazioni di identificazione personale possono includere, ma non sono limitate a:<\/p>\n<ul>\n<li>Indirizzo e-mail<\/li>\n<li>Nome e cognome<\/li>\n<li>Dati di utilizzo<\/li>\n<\/ul>\n<p><strong>Dati di utilizzo<\/strong><\/p>\n<p>I Dati di utilizzo vengono raccolti automaticamente durante l&#039;utilizzo del Servizio.<\/p>\n<p>I Dati di utilizzo possono includere informazioni quali l&#039;indirizzo del protocollo Internet del tuo dispositivo (ad esempio l&#039;indirizzo IP), il tipo di browser, la versione del browser, le pagine del nostro servizio che visiti, l&#039;ora e la data della tua visita, il tempo trascorso su tali pagine, il dispositivo unico identificatori e altri dati diagnostici.<\/p>\n<p>Quando accedi al Servizio da o tramite un dispositivo mobile, Cajochy pu\u00f2 raccogliere determinate informazioni automaticamente, incluso, ma non limitato a, il tipo di dispositivo mobile che utilizzi, l&#039;ID univoco del tuo dispositivo mobile, l&#039;indirizzo IP del tuo dispositivo mobile, il tuo dispositivo mobile sistema operativo, il tipo di browser Internet mobile utilizzato, identificatori univoci del dispositivo e altri dati diagnostici.<\/p>\n<p>Cajochy pu\u00f2 anche raccogliere informazioni che il tuo browser invia ogni volta che visiti il nostro Servizio o quando accedi al Servizio da o attraverso un dispositivo mobile.<\/p>\n<p><strong>Tecnologie di tracciamento e cookie<\/strong><\/p>\n<p>Cajochy utilizza cookie e tecnologie di tracciamento simili per tracciare l&#039;attivit\u00e0 sul servizio Cajochy e memorizzare determinate informazioni. Le tecnologie di tracciamento utilizzate sono beacon, tag e script per raccogliere e tenere traccia delle informazioni e per migliorare e analizzare il servizio Cajochy. Le tecnologie utilizzate da Cajochy possono includere:<\/p>\n<ul>\n<li><strong>Cookie o Cookie del browser.<\/strong> Un cookie \u00e8 un piccolo file posizionato sul tuo dispositivo. Puoi istruire il tuo browser a rifiutare tutti i cookie o a indicare quando viene inviato un cookie. Tuttavia, se non accetti i cookie, potresti non essere in grado di utilizzare alcune parti del servizio Cajochy. A meno che tu non abbia regolato le impostazioni del tuo browser in modo tale da rifiutare i cookie, il nostro Servizio potrebbe utilizzare i cookie.<\/li>\n<li><strong>Cookie Flash.<\/strong> Alcune funzionalit\u00e0 del servizio Cajochy possono utilizzare oggetti memorizzati locali (o cookie Flash) per raccogliere e archiviare informazioni sulle tue preferenze o sulla tua attivit\u00e0 sul nostro servizio. I Flash Cookies non sono gestiti dalle stesse impostazioni del browser utilizzate per i Browser Cookies.\u00a0<\/li>\n<li><strong>Web beacon.<\/strong> Alcune sezioni del nostro Servizio e le nostre e-mail possono contenere piccoli file elettronici noti come web beacon (noti anche come clear gif, pixel tag e single-pixel gif) che consentono a Cajochy, ad esempio, di contare gli utenti che hanno visitato quelle pagine o ha aperto un&#039;e-mail e per altre statistiche relative al sito Web (ad esempio, registrando la popolarit\u00e0 di una determinata sezione e verificando l&#039;integrit\u00e0 del sistema e del server).<\/li>\n<\/ul>\n<p>I cookie possono essere &quot;persistenti&quot; o &quot;di sessione&quot;. I cookie persistenti rimangono sul tuo personal computer o dispositivo mobile quando vai offline, mentre i cookie di sessione vengono eliminati non appena chiudi il browser web.\u00a0<\/p>\n<p>Cajochy utilizza sia i cookie di sessione che i cookie persistenti per gli scopi indicati di seguito:<\/p>\n<ul>\n<li><strong>Cookie necessari \/ essenziali<\/strong><\/li>\n<\/ul>\n<p>Tipo: Cookie di sessione<\/p>\n<p>Amministrato da: Cajochy<\/p>\n<p>Scopo: questi cookie sono essenziali per fornirti i servizi disponibili attraverso il sito Web e per consentirti di utilizzare alcune delle sue funzionalit\u00e0. Aiutano ad autenticare gli utenti e prevenire l&#039;uso fraudolento degli account utente. Senza questi cookie, i servizi che hai richiesto non possono essere forniti e Cajochy utilizza questi cookie solo per fornirti tali servizi.<\/p>\n<ul>\n<li><strong>Cookies Policy \/ Avviso Accettazione Cookies<\/strong><\/li>\n<\/ul>\n<p>Tipo: cookie persistenti<\/p>\n<p>Amministrato da: Cajochy<\/p>\n<p>Scopo: questi cookie identificano se gli utenti hanno accettato l&#039;uso dei cookie sul sito web.<\/p>\n<ul>\n<li><strong>Cookie di funzionalit\u00e0<\/strong><\/li>\n<\/ul>\n<p>Tipo: cookie persistenti<\/p>\n<p>Amministrato da: Cajochy<\/p>\n<p>Scopo: questi cookie consentono a Cajochy di ricordare le scelte effettuate dall&#039;utente durante l&#039;utilizzo del sito Web, come ricordare i dettagli di accesso o le preferenze della lingua. Lo scopo di questi cookie \u00e8 quello di fornirti un&#039;esperienza pi\u00f9 personale e di evitare che tu debba reinserire le tue preferenze ogni volta che usi il sito web.<\/p>\n<p>Per ulteriori informazioni sui cookie che utilizziamo e sulle tue scelte in merito ai cookie, visita la Politica sui cookie di Cajochy o la sezione Cookie della Politica sulla privacy di Cajochy.<\/p>\n<h3><strong>Uso dei tuoi dati personali<\/strong><\/h3>\n<p>La Societ\u00e0 pu\u00f2 utilizzare i Dati Personali per le seguenti finalit\u00e0:<\/p>\n<ul>\n<li><strong>Per fornire e mantenere il nostro Servizio<\/strong>, incluso il monitoraggio dell&#039;utilizzo del servizio Cajochy.<\/li>\n<li><strong>Per gestire il tuo account:<\/strong> per gestire la tua registrazione come utente del Servizio. I Dati Personali che fornisci possono darti accesso a diverse funzionalit\u00e0 del Servizio che sono a tua disposizione come utente registrato.<\/li>\n<li><strong>Per l&#039;esecuzione di un contratto:<\/strong> lo sviluppo, la conformit\u00e0 e l&#039;esecuzione del contratto di acquisto per i prodotti, articoli o servizi che hai acquistato o di qualsiasi altro contratto con noi tramite il Servizio.<\/li>\n<li><strong>Per contattarti:<\/strong> Per contattarti tramite e-mail, telefonate, SMS o altre forme equivalenti di comunicazione elettronica, come le notifiche push di un&#039;applicazione mobile relative ad aggiornamenti o comunicazioni informative relative alle funzionalit\u00e0, ai prodotti o ai servizi contrattati, inclusi gli aggiornamenti di sicurezza, quando necessario o ragionevole per la loro attuazione.<\/li>\n<li><strong>Per fornirti<\/strong> con notizie, offerte speciali e informazioni generali su altri beni, servizi ed eventi che offriamo che sono simili a quelli che hai gi\u00e0 acquistato o richiesto a meno che tu non abbia scelto di non ricevere tali informazioni.<\/li>\n<li><strong>Per gestire le tue richieste:<\/strong> Per assistere e gestire le vostre richieste a Cajochy.<\/li>\n<li><strong>Per i trasferimenti d&#039;azienda:<\/strong> Cajochy pu\u00f2 utilizzare le informazioni dell&#039;utente per valutare o condurre una fusione, cessione, ristrutturazione, riorganizzazione, scioglimento o altra vendita o trasferimento di alcuni o tutti i nostri beni, sia come azienda in attivit\u00e0 che come parte di un fallimento, liquidazione o procedimento simile, in cui i dati personali da noi detenuti sugli utenti del nostro servizio sono tra le risorse trasferite.<\/li>\n<li><strong>Per altri scopi<\/strong>: Cajochy pu\u00f2 utilizzare le tue informazioni per altri scopi, come l&#039;analisi dei dati, l&#039;identificazione delle tendenze di utilizzo, la determinazione dell&#039;efficacia delle campagne promozionali di Cajochy e per valutare e migliorare il nostro servizio, i prodotti, i servizi, il marketing e la tua esperienza.<\/li>\n<\/ul>\n<p>Cajochy pu\u00f2 condividere le tue informazioni personali nelle seguenti situazioni:<\/p>\n<ul>\n<li><strong>Con i fornitori di servizi:<\/strong> Cajochy pu\u00f2 condividere le tue informazioni personali con i fornitori di servizi per monitorare e analizzare l&#039;utilizzo del nostro servizio, per contattarti.<\/li>\n<li><strong>Per i trasferimenti d&#039;azienda:<\/strong> Cajochy pu\u00f2 condividere o trasferire le informazioni personali dell&#039;utente in relazione a, o durante le negoziazioni di, qualsiasi fusione, vendita di beni della Societ\u00e0, finanziamento o acquisizione di tutte o parte delle attivit\u00e0 di Cajochy a un&#039;altra societ\u00e0.<\/li>\n<li><strong>Con Affiliati:<\/strong> Cajochy pu\u00f2 condividere le tue informazioni con i nostri affiliati, nel qual caso Cajochy richieder\u00e0 a tali affiliati di onorare la presente Informativa sulla privacy. Cajochy \u00e8 un partecipante al programma Amazon Services LLC Associates, un programma pubblicitario di affiliazione progettato per fornire ai siti un mezzo per guadagnare commissioni pubblicitarie pubblicizzando e collegandosi ad Amazon.com.<\/li>\n<li><strong>Con i partner commerciali:<\/strong> Cajochy pu\u00f2 condividere le tue informazioni con i partner commerciali di Cajochy per offrirti determinati prodotti, servizi o promozioni.<\/li>\n<li><strong>Con altri utenti:<\/strong> quando condividi informazioni personali o interagisci in altro modo nelle aree pubbliche con altri utenti, tali informazioni possono essere visualizzate da tutti gli utenti e possono essere distribuite pubblicamente all&#039;esterno. Se interagisci con altri utenti o ti registri tramite un servizio di social media di terze parti, i tuoi contatti sul servizio di social media di terze parti potrebbero vedere il tuo nome, profilo, immagini e descrizione della tua attivit\u00e0. Allo stesso modo, altri utenti potranno visualizzare le descrizioni della Tua attivit\u00e0, comunicare con Te e visualizzare il Tuo profilo.<\/li>\n<li><strong>Con il tuo consenso<\/strong>: Cajochy pu\u00f2 divulgare le tue informazioni personali per qualsiasi altro scopo con il tuo consenso.<\/li>\n<\/ul>\n<h3><strong>Conservazione dei tuoi dati personali<\/strong><\/h3>\n<p>Cajochy conserver\u00e0 i tuoi dati personali solo per il tempo necessario agli scopi indicati nella presente Informativa sulla privacy. Cajochy conserver\u00e0 e utilizzer\u00e0 i tuoi dati personali nella misura necessaria per adempiere ai nostri obblighi legali (ad esempio, se Cajochy \u00e8 tenuta a conservare i tuoi dati per conformarsi alle leggi applicabili), risolvere controversie e applicare i nostri accordi e politiche legali.<\/p>\n<p>Cajochy conserver\u00e0 inoltre i Dati di utilizzo per scopi di analisi interna. I Dati di utilizzo vengono generalmente conservati per un periodo di tempo pi\u00f9 breve, tranne quando questi dati vengono utilizzati per rafforzare la sicurezza o per migliorare la funzionalit\u00e0 del Nostro Servizio, o quando Cajochy \u00e8 legalmente obbligata a conservare questi dati per periodi di tempo pi\u00f9 lunghi.<\/p>\n<p><strong>Trasferimento dei tuoi dati personali<\/strong><\/p>\n<p>Le tue informazioni, inclusi i Dati personali, sono trattate presso gli uffici operativi di Cajochy e in qualsiasi altro luogo in cui si trovano le parti coinvolte nel trattamento. Significa che queste informazioni possono essere trasferite a - e mantenute su - computer situati al di fuori del tuo stato, provincia, paese o altra giurisdizione governativa in cui le leggi sulla protezione dei dati possono differire da quelle della tua giurisdizione.<\/p>\n<p>Il tuo consenso alla presente Informativa sulla privacy seguito dall&#039;invio di tali informazioni rappresenta il tuo consenso a tale trasferimento.<\/p>\n<p>Cajochy adotter\u00e0 tutte le misure ragionevolmente necessarie per garantire che i tuoi dati siano trattati in modo sicuro e in conformit\u00e0 con la presente Informativa sulla privacy e nessun trasferimento dei tuoi dati personali avr\u00e0 luogo a un&#039;organizzazione o a un paese a meno che non siano in atto controlli adeguati, inclusa la sicurezza dei tuoi dati e altre informazioni personali.<\/p>\n<h2><strong>Divulgazione dei tuoi dati personali<\/strong><\/h2>\n<h3><strong>Transazione d&#039;affari<\/strong><\/h3>\n<p>Se Cajochy \u00e8 coinvolta in una fusione, acquisizione o vendita di attivit\u00e0, i tuoi dati personali potrebbero essere trasferiti. Forniremo un avviso prima che i tuoi dati personali vengano trasferiti e diventino soggetti a una diversa Informativa sulla privacy.<\/p>\n<h3><strong>Applicazione della legge<\/strong><\/h3>\n<p>In determinate circostanze, Cajochy potrebbe essere tenuta a divulgare i tuoi dati personali se richiesto dalla legge o in risposta a richieste valide da parte delle autorit\u00e0 pubbliche (ad esempio un tribunale o un&#039;agenzia governativa).<\/p>\n<h3><strong>Altri requisiti legali<\/strong><\/h3>\n<p>Cajochy pu\u00f2 divulgare i tuoi dati personali in buona fede, ritenendo che tale azione sia necessaria per:<\/p>\n<ul>\n<li>Rispettare un obbligo legale<\/li>\n<li>Proteggere e difendere i diritti o la propriet\u00e0 della Societ\u00e0<\/li>\n<li>Prevenire o indagare su possibili illeciti in relazione al Servizio<\/li>\n<li>Proteggere la sicurezza personale degli Utenti del Servizio o del pubblico<\/li>\n<li>Protezione contro la responsabilit\u00e0 legale<\/li>\n<\/ul>\n<h3><strong>Sicurezza dei tuoi dati personali<\/strong><\/h3>\n<p>La sicurezza dei tuoi dati personali \u00e8 importante per noi, ma ricorda che nessun metodo di trasmissione su Internet o metodo di archiviazione elettronica \u00e8 sicuro 100%. Mentre Cajochy si impegna a utilizzare mezzi commercialmente accettabili per proteggere i tuoi dati personali, non possiamo garantirne l&#039;assoluta sicurezza.<\/p>\n<h3><strong>Link ad altri siti web<\/strong><\/h3>\n<p>Il servizio Cajochy pu\u00f2 contenere collegamenti ad altri siti Web che non sono gestiti da noi. Se fai clic su un collegamento di terze parti, verrai indirizzato al sito di tale terza parte. Cajochy ti consiglia vivamente di rivedere l&#039;informativa sulla privacy di ogni sito che visiti.<\/p>\n<p>Cajochy non ha alcun controllo e non si assume alcuna responsabilit\u00e0 per il contenuto, le politiche sulla privacy o le pratiche di qualsiasi sito o servizio di terze parti.<\/p>\n<h3><strong>Modifiche alla presente Informativa sulla privacy<\/strong><\/h3>\n<p>Cajochy pu\u00f2 aggiornare la nostra politica sulla privacy di volta in volta. Cajochy ti informer\u00e0 di eventuali modifiche pubblicando la nuova Informativa sulla privacy in questa pagina.<\/p>\n<p>Cajochy ti informer\u00e0 via e-mail e\/o un avviso ben visibile sul Servizio Cajochy, prima che la modifica diventi effettiva e aggiorner\u00e0 la data di &quot;Ultimo aggiornamento&quot; nella parte superiore di questa Informativa sulla privacy.<\/p>\n<p>Si consiglia di rivedere periodicamente la presente Informativa sulla privacy per eventuali modifiche. Le modifiche alla presente Informativa sulla privacy entrano in vigore quando vengono pubblicate su questa pagina.<\/p>\n<h2><strong>Contattaci<\/strong><\/h2>\n<p>In caso di domande sulla presente Informativa sulla privacy, \u00e8 possibile contattare Cajochy:<\/p>\n<ul>\n<li>Per e-mail: carol@cajochy.com<\/li>\n<li>Visitando <a href=\"https:\/\/cajochy.com\/it\/contact\/\">questa pagina<\/a> sul sito<\/li>\n<\/ul>\n<p>\u00a0<\/p>","protected":false},"excerpt":{"rendered":"<p>Privacy Policy Last updated: April 07, 2021 This Privacy Policy describes Cajochy policies and procedures on the collection, use, and disclosure of Your information when You<span class=\"excerpt-hellip\"> [\u2026]<\/span><\/p>\n","protected":false},"author":2,"featured_media":0,"parent":0,"menu_order":0,"comment_status":"closed","ping_status":"closed","template":"","meta":{"nf_dc_page":"","_monsterinsights_skip_tracking":false,"_monsterinsights_sitenote_active":false,"_monsterinsights_sitenote_note":"","_monsterinsights_sitenote_category":0,"footnotes":""},"class_list":["post-1513","page","type-page","status-publish","hentry"],"yoast_head":"<!-- This site is optimized with the Yoast SEO plugin v27.5 - https:\/\/yoast.com\/product\/yoast-seo-wordpress\/ -->\n<title>Privacy Policy - Cajochy<\/title>\n<meta name=\"description\" content=\"Know how Cajochy collects and processes your personal data while browsing all Cajochy website pages in detail.\" \/>\n<meta name=\"robots\" content=\"index, follow, max-snippet:-1, max-image-preview:large, max-video-preview:-1\" \/>\n<link rel=\"canonical\" href=\"https:\/\/cajochy.com\/it\/privacy-policy\/\" \/>\n<meta property=\"og:locale\" content=\"it_IT\" \/>\n<meta property=\"og:type\" content=\"article\" \/>\n<meta property=\"og:title\" content=\"Privacy Policy - Cajochy\" \/>\n<meta property=\"og:description\" content=\"Know how Cajochy collects and processes your personal data while browsing all Cajochy website pages in detail.\" \/>\n<meta property=\"og:url\" content=\"https:\/\/cajochy.com\/it\/privacy-policy\/\" \/>\n<meta property=\"og:site_name\" content=\"Cajochy\" \/>\n<meta property=\"article:modified_time\" content=\"2021-11-07T08:54:14+00:00\" \/>\n<meta name=\"twitter:card\" content=\"summary_large_image\" \/>\n<meta name=\"twitter:label1\" content=\"Tempo di lettura stimato\" \/>\n\t<meta name=\"twitter:data1\" content=\"10 minuti\" \/>\n<script type=\"application\/ld+json\" class=\"yoast-schema-graph\">{\"@context\":\"https:\\\/\\\/schema.org\",\"@graph\":[{\"@type\":\"WebPage\",\"@id\":\"https:\\\/\\\/cajochy.com\\\/privacy-policy\\\/\",\"url\":\"https:\\\/\\\/cajochy.com\\\/privacy-policy\\\/\",\"name\":\"Privacy Policy - Cajochy\",\"isPartOf\":{\"@id\":\"https:\\\/\\\/cajochy.com\\\/#website\"},\"datePublished\":\"2021-04-07T08:54:19+00:00\",\"dateModified\":\"2021-11-07T08:54:14+00:00\",\"description\":\"Know how Cajochy collects and processes your personal data while browsing all Cajochy website pages in detail.\",\"breadcrumb\":{\"@id\":\"https:\\\/\\\/cajochy.com\\\/privacy-policy\\\/#breadcrumb\"},\"inLanguage\":\"it-IT\",\"potentialAction\":[{\"@type\":\"ReadAction\",\"target\":[\"https:\\\/\\\/cajochy.com\\\/privacy-policy\\\/\"]}]},{\"@type\":\"BreadcrumbList\",\"@id\":\"https:\\\/\\\/cajochy.com\\\/privacy-policy\\\/#breadcrumb\",\"itemListElement\":[{\"@type\":\"ListItem\",\"position\":1,\"name\":\"Home\",\"item\":\"https:\\\/\\\/cajochy.com\\\/\"},{\"@type\":\"ListItem\",\"position\":2,\"name\":\"Privacy Policy\"}]},{\"@type\":\"WebSite\",\"@id\":\"https:\\\/\\\/cajochy.com\\\/#website\",\"url\":\"https:\\\/\\\/cajochy.com\\\/\",\"name\":\"Cajochy\",\"description\":\"Reduce Hair Loss and Regrow Hair with Chemical-Free Tricks\",\"publisher\":{\"@id\":\"https:\\\/\\\/cajochy.com\\\/#organization\"},\"potentialAction\":[{\"@type\":\"SearchAction\",\"target\":{\"@type\":\"EntryPoint\",\"urlTemplate\":\"https:\\\/\\\/cajochy.com\\\/?s={search_term_string}\"},\"query-input\":{\"@type\":\"PropertyValueSpecification\",\"valueRequired\":true,\"valueName\":\"search_term_string\"}}],\"inLanguage\":\"it-IT\"},{\"@type\":\"Organization\",\"@id\":\"https:\\\/\\\/cajochy.com\\\/#organization\",\"name\":\"Cajochy\",\"url\":\"https:\\\/\\\/cajochy.com\\\/\",\"logo\":{\"@type\":\"ImageObject\",\"inLanguage\":\"it-IT\",\"@id\":\"https:\\\/\\\/cajochy.com\\\/#\\\/schema\\\/logo\\\/image\\\/\",\"url\":\"https:\\\/\\\/cajochy.com\\\/wp-content\\\/uploads\\\/2020\\\/09\\\/cropped-cajochy-image-logo-icon.jpg\",\"contentUrl\":\"https:\\\/\\\/cajochy.com\\\/wp-content\\\/uploads\\\/2020\\\/09\\\/cropped-cajochy-image-logo-icon.jpg\",\"width\":512,\"height\":512,\"caption\":\"Cajochy\"},\"image\":{\"@id\":\"https:\\\/\\\/cajochy.com\\\/#\\\/schema\\\/logo\\\/image\\\/\"}}]}<\/script>\n<!-- \/ Yoast SEO plugin. -->","yoast_head_json":{"title":"Informativa sulla privacy - Cajochy","description":"Scopri in che modo Cajochy raccoglie e tratta i tuoi dati personali mentre navighi in dettaglio su tutte le pagine del sito web di Cajochy.","robots":{"index":"index","follow":"follow","max-snippet":"max-snippet:-1","max-image-preview":"max-image-preview:large","max-video-preview":"max-video-preview:-1"},"canonical":"https:\/\/cajochy.com\/it\/privacy-policy\/","og_locale":"it_IT","og_type":"article","og_title":"Privacy Policy - Cajochy","og_description":"Know how Cajochy collects and processes your personal data while browsing all Cajochy website pages in detail.","og_url":"https:\/\/cajochy.com\/it\/privacy-policy\/","og_site_name":"Cajochy","article_modified_time":"2021-11-07T08:54:14+00:00","twitter_card":"summary_large_image","twitter_misc":{"Tempo di lettura stimato":"10 minuti"},"schema":{"@context":"https:\/\/schema.org","@graph":[{"@type":"WebPage","@id":"https:\/\/cajochy.com\/privacy-policy\/","url":"https:\/\/cajochy.com\/privacy-policy\/","name":"Informativa sulla privacy - Cajochy","isPartOf":{"@id":"https:\/\/cajochy.com\/#website"},"datePublished":"2021-04-07T08:54:19+00:00","dateModified":"2021-11-07T08:54:14+00:00","description":"Scopri in che modo Cajochy raccoglie e tratta i tuoi dati personali mentre navighi in dettaglio su tutte le pagine del sito web di Cajochy.","breadcrumb":{"@id":"https:\/\/cajochy.com\/privacy-policy\/#breadcrumb"},"inLanguage":"it-IT","potentialAction":[{"@type":"ReadAction","target":["https:\/\/cajochy.com\/privacy-policy\/"]}]},{"@type":"BreadcrumbList","@id":"https:\/\/cajochy.com\/privacy-policy\/#breadcrumb","itemListElement":[{"@type":"ListItem","position":1,"name":"Home","item":"https:\/\/cajochy.com\/"},{"@type":"ListItem","position":2,"name":"Privacy Policy"}]},{"@type":"WebSite","@id":"https:\/\/cajochy.com\/#website","url":"https:\/\/cajochy.com\/","name":"Cajochy","description":"Riduci la caduta dei capelli e fai ricrescere i capelli con trucchi privi di sostanze chimiche","publisher":{"@id":"https:\/\/cajochy.com\/#organization"},"potentialAction":[{"@type":"SearchAction","target":{"@type":"EntryPoint","urlTemplate":"https:\/\/cajochy.com\/?s={search_term_string}"},"query-input":{"@type":"PropertyValueSpecification","valueRequired":true,"valueName":"search_term_string"}}],"inLanguage":"it-IT"},{"@type":"Organization","@id":"https:\/\/cajochy.com\/#organization","name":"Cajochy","url":"https:\/\/cajochy.com\/","logo":{"@type":"ImageObject","inLanguage":"it-IT","@id":"https:\/\/cajochy.com\/#\/schema\/logo\/image\/","url":"https:\/\/cajochy.com\/wp-content\/uploads\/2020\/09\/cropped-cajochy-image-logo-icon.jpg","contentUrl":"https:\/\/cajochy.com\/wp-content\/uploads\/2020\/09\/cropped-cajochy-image-logo-icon.jpg","width":512,"height":512,"caption":"Cajochy"},"image":{"@id":"https:\/\/cajochy.com\/#\/schema\/logo\/image\/"}}]}},"jetpack_sharing_enabled":true,"_links":{"self":[{"href":"https:\/\/cajochy.com\/it\/wp-json\/wp\/v2\/pages\/1513","targetHints":{"allow":["GET"]}}],"collection":[{"href":"https:\/\/cajochy.com\/it\/wp-json\/wp\/v2\/pages"}],"about":[{"href":"https:\/\/cajochy.com\/it\/wp-json\/wp\/v2\/types\/page"}],"author":[{"embeddable":true,"href":"https:\/\/cajochy.com\/it\/wp-json\/wp\/v2\/users\/2"}],"replies":[{"embeddable":true,"href":"https:\/\/cajochy.com\/it\/wp-json\/wp\/v2\/comments?post=1513"}],"version-history":[{"count":0,"href":"https:\/\/cajochy.com\/it\/wp-json\/wp\/v2\/pages\/1513\/revisions"}],"wp:attachment":[{"href":"https:\/\/cajochy.com\/it\/wp-json\/wp\/v2\/media?parent=1513"}],"curies":[{"name":"wp","href":"https:\/\/api.w.org\/{rel}","templated":true}]}}