{"id":1758,"date":"2021-08-28T03:58:12","date_gmt":"2021-08-28T03:58:12","guid":{"rendered":"https:\/\/cajochy.com\/?page_id=1758"},"modified":"2021-09-20T09:19:05","modified_gmt":"2021-09-20T09:19:05","slug":"refund_returns","status":"publish","type":"page","link":"https:\/\/cajochy.com\/hr\/refund_returns\/","title":{"rendered":"Politika povrata novca i povrata"},"content":{"rendered":"<p><b>Ovo je ogledna stranica.<\/b><\/p>\n\n\n\n<p><h3>Pregled<\/h3><\/p>\n\n\n\n<p>Na\u0161a politika povrata novca i povrata vrijedi 30 dana. Ako je pro\u0161lo 30 dana od va\u0161e kupnje, ne mo\u017eemo vam ponuditi puni povrat ili zamjenu.<\/p>\n\n\n\n<p>Da biste ispunili uvjete za povrat, va\u0161 artikl mora biti nekori\u0161ten i u istom stanju u kojem ste ga primili. Tako\u0111er mora biti u originalnom pakiranju.<\/p>\n\n\n\n<p>Nekoliko vrsta robe je izuzeto od povrata. Kvarljiva roba poput hrane, cvije\u0107a, novina ili \u010dasopisa ne mo\u017ee se vratiti. Tako\u0111er ne prihva\u0107amo proizvode koji su intimna ili higijenska roba, opasne materijale ili zapaljive teku\u0107ine ili plinove.<\/p>\n\n\n\n<p>Dodatni nepovratni artikli:<\/p>\n\n\n\n<ul class=\"wp-block-list\"><li>Poklon kartice<\/li><li>Softverski proizvodi koji se mogu preuzeti<\/li><li>Neki predmeti za zdravlje i osobnu njegu<\/li><\/ul>\n\n\n\n<p>Za dovr\u0161etak povrata potreban nam je ra\u010dun ili dokaz o kupnji.<\/p>\n\n\n\n<p>Molimo nemojte svoju kupljenu robu vra\u0107ati proizvo\u0111a\u010du.<\/p>\n\n\n\n<p>Postoje odre\u0111ene situacije u kojima se odobravaju samo djelomi\u010dni povrati:<\/p>\n\n\n\n<ul class=\"wp-block-list\"><li>Knjiga sa vidljivim tragovima kori\u0161tenja<\/li><li>CD, DVD, VHS vrpca, softver, video igra, kaseta ili vinilna plo\u010da koja je otvorena.<\/li><li>Svaki predmet koji nije u izvornom stanju, o\u0161te\u0107en je ili mu nedostaju dijelovi iz razloga koji nisu posljedica na\u0161e pogre\u0161ke.<\/li><li>Svaki artikl koji se vrati vi\u0161e od 30 dana nakon isporuke<\/li><\/ul>\n\n\n\n<p><h2>Povrat novca<\/h2><\/p>\n\n\n\n<p>Nakon \u0161to primimo i pregledamo va\u0161 povrat, poslat \u0107emo vam e-poruku da vas obavijestimo da smo primili va\u0161 vra\u0107eni artikl. Tako\u0111er \u0107emo vas obavijestiti o odobrenju ili odbijanju povrata novca.<\/p>\n\n\n\n<p>Ako ste odobreni, tada \u0107e va\u0161 povrat biti obra\u0111en, a kredit \u0107e se automatski primijeniti na va\u0161u kreditnu karticu ili izvorni na\u010din pla\u0107anja, unutar odre\u0111enog broja dana.<\/p>\n\n\n\n<p><b>Zaka\u0161njeli ili nedostaju\u0107i povrati<\/b><\/p>\n\n\n\n<p>Ako jo\u0161 niste primili povrat novca, prvo ponovno provjerite svoj bankovni ra\u010dun.<\/p>\n\n\n\n<p>Zatim kontaktirajte tvrtku koja vam je izdala kreditnu karticu, mo\u017ee pro\u0107i neko vrijeme prije nego \u0161to povrat bude slu\u017ebeno objavljen.<\/p>\n\n\n\n<p>Zatim kontaktirajte svoju banku. \u010cesto postoji neko vrijeme obrade prije nego \u0161to se povrat objavi.<\/p>\n\n\n\n<p>Ako ste u\u010dinili sve ovo, a jo\u0161 uvijek niste primili povrat novca, kontaktirajte nas na {email address}.<\/p>\n\n\n\n<p><b>Prodajni predmeti<\/b><\/p>\n\n\n\n<p>Povrat se mo\u017ee izvr\u0161iti samo za artikle po redovnoj cijeni. Artikli na rasprodaji ne mogu se vratiti.<\/p>\n\n\n\n<p><h2>Razmjene<\/h2><\/p>\n\n\n\n<p>Stavke mijenjamo samo ako su neispravne ili o\u0161te\u0107ene. Ako ga trebate zamijeniti za isti artikl, po\u0161aljite nam e-poruku na {email address} i po\u0161aljite svoj artikl na: {physical address}.<\/p>\n\n\n\n<p><h2>Pokloni<\/h2><\/p>\n\n\n\n<p>Ako je artikl bio ozna\u010den kao dar kada je kupljen i poslan izravno vama, primit \u0107ete poklon kredit u vrijednosti povrata. Nakon \u0161to primite vra\u0107eni artikl, poklon bon \u0107e vam biti poslan po\u0161tom.<\/p>\n\n\n\n<p>Ako artikal nije bio ozna\u010den kao dar prilikom kupnje ili je darivatelj sam sebi poslao narud\u017ebu da vam je preda kasnije, poslat \u0107emo povrat novca darivatelju i on \u0107e saznati za va\u0161 povrat.<\/p>\n\n\n\n<p><h2>Dostava povrata<\/h2><\/p>\n\n\n\n<p>Da biste vratili svoj proizvod, trebate ga poslati po\u0161tom na: {fizi\u010dka adresa}.<\/p>\n\n\n\n<p>Vi \u0107ete biti odgovorni za pla\u0107anje vlastitih tro\u0161kova dostave za vra\u0107anje va\u0161eg artikla. Tro\u0161kovi dostave su nepovratni. Ako primite povrat, tro\u0161ak povratne dostave bit \u0107e odbijen od va\u0161eg povrata.<\/p>\n\n\n\n<p>Ovisno o tome gdje \u017eivite, vrijeme koje mo\u017ee biti potrebno da va\u0161 zamijenjeni proizvod stigne do vas mo\u017ee varirati.<\/p>\n\n\n\n<p>Ako vra\u0107ate skuplje artikle, razmislite o kori\u0161tenju usluge dostave koja se mo\u017ee pratiti ili o kupnji osiguranja dostave. Ne jam\u010dimo da \u0107emo primiti va\u0161 vra\u0107eni artikl.<\/p>\n\n\n\n<p><h2>Trebate pomo\u0107?<\/h2><\/p>\n\n\n\n<p>Kontaktirajte nas na {email} za pitanja u vezi s povratima novca i povratima.<\/p>","protected":false},"excerpt":{"rendered":"<p>This is a sample page. Overview Our refund and returns policy lasts 30 days. If 30 days have passed since your purchase, we can\u2019t offer you<span class=\"excerpt-hellip\"> [\u2026]<\/span><\/p>\n","protected":false},"author":1,"featured_media":0,"parent":0,"menu_order":0,"comment_status":"closed","ping_status":"closed","template":"","meta":{"nf_dc_page":"","_monsterinsights_skip_tracking":false,"_monsterinsights_sitenote_active":false,"_monsterinsights_sitenote_note":"","_monsterinsights_sitenote_category":0,"footnotes":""},"class_list":["post-1758","page","type-page","status-publish","hentry"],"yoast_head":"<!-- This site is optimized with the Yoast SEO plugin v27.5 - https:\/\/yoast.com\/product\/yoast-seo-wordpress\/ -->\n<title>Refund and Returns Policy - Cajochy<\/title>\n<meta name=\"description\" content=\"Check Cajochy refund and returns policy to get more detailed info.\" \/>\n<meta name=\"robots\" content=\"index, follow, max-snippet:-1, max-image-preview:large, max-video-preview:-1\" \/>\n<link rel=\"canonical\" href=\"https:\/\/cajochy.com\/hr\/refund_returns\/\" \/>\n<meta property=\"og:locale\" content=\"hr_HR\" \/>\n<meta property=\"og:type\" content=\"article\" \/>\n<meta property=\"og:title\" content=\"Refund and Returns Policy - Cajochy\" \/>\n<meta property=\"og:description\" content=\"Check Cajochy refund and returns policy to get more detailed info.\" \/>\n<meta property=\"og:url\" content=\"https:\/\/cajochy.com\/hr\/refund_returns\/\" \/>\n<meta property=\"og:site_name\" content=\"Cajochy\" \/>\n<meta property=\"article:modified_time\" content=\"2021-09-20T09:19:05+00:00\" \/>\n<meta name=\"twitter:card\" content=\"summary_large_image\" \/>\n<meta name=\"twitter:label1\" content=\"Procijenjeno vrijeme \u010ditanja\" \/>\n\t<meta name=\"twitter:data1\" content=\"3 minute\" \/>\n<script type=\"application\/ld+json\" class=\"yoast-schema-graph\">{\"@context\":\"https:\\\/\\\/schema.org\",\"@graph\":[{\"@type\":\"WebPage\",\"@id\":\"https:\\\/\\\/cajochy.com\\\/refund_returns\\\/\",\"url\":\"https:\\\/\\\/cajochy.com\\\/refund_returns\\\/\",\"name\":\"Refund and Returns Policy - Cajochy\",\"isPartOf\":{\"@id\":\"https:\\\/\\\/cajochy.com\\\/#website\"},\"datePublished\":\"2021-08-28T03:58:12+00:00\",\"dateModified\":\"2021-09-20T09:19:05+00:00\",\"description\":\"Check Cajochy refund and returns policy to get more detailed info.\",\"breadcrumb\":{\"@id\":\"https:\\\/\\\/cajochy.com\\\/refund_returns\\\/#breadcrumb\"},\"inLanguage\":\"hr\",\"potentialAction\":[{\"@type\":\"ReadAction\",\"target\":[\"https:\\\/\\\/cajochy.com\\\/refund_returns\\\/\"]}]},{\"@type\":\"BreadcrumbList\",\"@id\":\"https:\\\/\\\/cajochy.com\\\/refund_returns\\\/#breadcrumb\",\"itemListElement\":[{\"@type\":\"ListItem\",\"position\":1,\"name\":\"Home\",\"item\":\"https:\\\/\\\/cajochy.com\\\/\"},{\"@type\":\"ListItem\",\"position\":2,\"name\":\"Refund and Returns Policy\"}]},{\"@type\":\"WebSite\",\"@id\":\"https:\\\/\\\/cajochy.com\\\/#website\",\"url\":\"https:\\\/\\\/cajochy.com\\\/\",\"name\":\"Cajochy\",\"description\":\"Reduce Hair Loss and Regrow Hair with Chemical-Free Tricks\",\"publisher\":{\"@id\":\"https:\\\/\\\/cajochy.com\\\/#organization\"},\"potentialAction\":[{\"@type\":\"SearchAction\",\"target\":{\"@type\":\"EntryPoint\",\"urlTemplate\":\"https:\\\/\\\/cajochy.com\\\/?s={search_term_string}\"},\"query-input\":{\"@type\":\"PropertyValueSpecification\",\"valueRequired\":true,\"valueName\":\"search_term_string\"}}],\"inLanguage\":\"hr\"},{\"@type\":\"Organization\",\"@id\":\"https:\\\/\\\/cajochy.com\\\/#organization\",\"name\":\"Cajochy\",\"url\":\"https:\\\/\\\/cajochy.com\\\/\",\"logo\":{\"@type\":\"ImageObject\",\"inLanguage\":\"hr\",\"@id\":\"https:\\\/\\\/cajochy.com\\\/#\\\/schema\\\/logo\\\/image\\\/\",\"url\":\"https:\\\/\\\/cajochy.com\\\/wp-content\\\/uploads\\\/2020\\\/09\\\/cropped-cajochy-image-logo-icon.jpg\",\"contentUrl\":\"https:\\\/\\\/cajochy.com\\\/wp-content\\\/uploads\\\/2020\\\/09\\\/cropped-cajochy-image-logo-icon.jpg\",\"width\":512,\"height\":512,\"caption\":\"Cajochy\"},\"image\":{\"@id\":\"https:\\\/\\\/cajochy.com\\\/#\\\/schema\\\/logo\\\/image\\\/\"}}]}<\/script>\n<!-- \/ Yoast SEO plugin. -->","yoast_head_json":{"title":"Politika povrata novca i povrata - Cajochy","description":"Provjerite Cajochy pravila povrata novca i povrata kako biste dobili detaljnije informacije.","robots":{"index":"index","follow":"follow","max-snippet":"max-snippet:-1","max-image-preview":"max-image-preview:large","max-video-preview":"max-video-preview:-1"},"canonical":"https:\/\/cajochy.com\/hr\/refund_returns\/","og_locale":"hr_HR","og_type":"article","og_title":"Refund and Returns Policy - Cajochy","og_description":"Check Cajochy refund and returns policy to get more detailed info.","og_url":"https:\/\/cajochy.com\/hr\/refund_returns\/","og_site_name":"Cajochy","article_modified_time":"2021-09-20T09:19:05+00:00","twitter_card":"summary_large_image","twitter_misc":{"Procijenjeno vrijeme \u010ditanja":"3 minute"},"schema":{"@context":"https:\/\/schema.org","@graph":[{"@type":"WebPage","@id":"https:\/\/cajochy.com\/refund_returns\/","url":"https:\/\/cajochy.com\/refund_returns\/","name":"Politika povrata novca i povrata - Cajochy","isPartOf":{"@id":"https:\/\/cajochy.com\/#website"},"datePublished":"2021-08-28T03:58:12+00:00","dateModified":"2021-09-20T09:19:05+00:00","description":"Provjerite Cajochy pravila povrata novca i povrata kako biste dobili detaljnije informacije.","breadcrumb":{"@id":"https:\/\/cajochy.com\/refund_returns\/#breadcrumb"},"inLanguage":"hr","potentialAction":[{"@type":"ReadAction","target":["https:\/\/cajochy.com\/refund_returns\/"]}]},{"@type":"BreadcrumbList","@id":"https:\/\/cajochy.com\/refund_returns\/#breadcrumb","itemListElement":[{"@type":"ListItem","position":1,"name":"Home","item":"https:\/\/cajochy.com\/"},{"@type":"ListItem","position":2,"name":"Refund and Returns Policy"}]},{"@type":"WebSite","@id":"https:\/\/cajochy.com\/#website","url":"https:\/\/cajochy.com\/","name":"Cajochy","description":"Smanjite gubitak kose i obnovite rast kose uz trikove bez kemikalija","publisher":{"@id":"https:\/\/cajochy.com\/#organization"},"potentialAction":[{"@type":"SearchAction","target":{"@type":"EntryPoint","urlTemplate":"https:\/\/cajochy.com\/?s={search_term_string}"},"query-input":{"@type":"PropertyValueSpecification","valueRequired":true,"valueName":"search_term_string"}}],"inLanguage":"hr"},{"@type":"Organization","@id":"https:\/\/cajochy.com\/#organization","name":"Cajochy","url":"https:\/\/cajochy.com\/","logo":{"@type":"ImageObject","inLanguage":"hr","@id":"https:\/\/cajochy.com\/#\/schema\/logo\/image\/","url":"https:\/\/cajochy.com\/wp-content\/uploads\/2020\/09\/cropped-cajochy-image-logo-icon.jpg","contentUrl":"https:\/\/cajochy.com\/wp-content\/uploads\/2020\/09\/cropped-cajochy-image-logo-icon.jpg","width":512,"height":512,"caption":"Cajochy"},"image":{"@id":"https:\/\/cajochy.com\/#\/schema\/logo\/image\/"}}]}},"jetpack_sharing_enabled":true,"_links":{"self":[{"href":"https:\/\/cajochy.com\/hr\/wp-json\/wp\/v2\/pages\/1758","targetHints":{"allow":["GET"]}}],"collection":[{"href":"https:\/\/cajochy.com\/hr\/wp-json\/wp\/v2\/pages"}],"about":[{"href":"https:\/\/cajochy.com\/hr\/wp-json\/wp\/v2\/types\/page"}],"author":[{"embeddable":true,"href":"https:\/\/cajochy.com\/hr\/wp-json\/wp\/v2\/users\/1"}],"replies":[{"embeddable":true,"href":"https:\/\/cajochy.com\/hr\/wp-json\/wp\/v2\/comments?post=1758"}],"version-history":[{"count":0,"href":"https:\/\/cajochy.com\/hr\/wp-json\/wp\/v2\/pages\/1758\/revisions"}],"wp:attachment":[{"href":"https:\/\/cajochy.com\/hr\/wp-json\/wp\/v2\/media?parent=1758"}],"curies":[{"name":"wp","href":"https:\/\/api.w.org\/{rel}","templated":true}]}}