{"id":1513,"date":"2021-04-07T08:54:19","date_gmt":"2021-04-07T08:54:19","guid":{"rendered":"https:\/\/cajochy.com\/?page_id=1513"},"modified":"2021-11-07T08:54:14","modified_gmt":"2021-11-07T08:54:14","slug":"privacy-policy","status":"publish","type":"page","link":"https:\/\/cajochy.com\/es\/privacy-policy\/","title":{"rendered":"Pol\u00edtica de privacidad"},"content":{"rendered":"<h1>Pol\u00edtica de privacidad<\/h1>\n<p>\u00daltima actualizaci\u00f3n: 07 de abril de 2021<\/p>\n<p>Esta Pol\u00edtica de privacidad describe las pol\u00edticas y los procedimientos de Cajochy sobre la recopilaci\u00f3n, el uso y la divulgaci\u00f3n de Su informaci\u00f3n cuando utiliza el Servicio y le informa sobre Sus derechos de privacidad y c\u00f3mo la ley lo protege.<\/p>\n<p>Cajochy utiliza sus datos personales para proporcionar y mejorar el Servicio. Al usar el Servicio, acepta la recopilaci\u00f3n y el uso de informaci\u00f3n de acuerdo con esta Pol\u00edtica de privacidad.\u00a0<\/p>\n<h2><strong>Interpretaci\u00f3n y Definiciones<\/strong><\/h2>\n<h3><strong>Interpretaci\u00f3n<\/strong><\/h3>\n<p>Las palabras cuya letra inicial est\u00e1 en may\u00fascula tienen significados definidos bajo las siguientes condiciones. Las siguientes definiciones tendr\u00e1n el mismo significado independientemente de que aparezcan en singular o en plural.<\/p>\n<h3><strong>Definiciones<\/strong><\/h3>\n<p>A los efectos de esta Pol\u00edtica de Privacidad:<\/p>\n<ul>\n<li><strong>Cuenta<\/strong> significa una cuenta \u00fanica creada para que Usted acceda a nuestro Servicio o partes del Servicio Cajochy.<\/li>\n<li><strong>Galletas<\/strong> son peque\u00f1os archivos que un sitio web coloca en su computadora, dispositivo m\u00f3vil o cualquier otro dispositivo, y que contienen los detalles de su historial de navegaci\u00f3n en ese sitio web entre sus m\u00faltiples usos.<\/li>\n<li><strong>Dispositivo<\/strong> significa cualquier dispositivo que pueda acceder al Servicio, como una computadora, un tel\u00e9fono celular o una tableta digital.<\/li>\n<li><strong>Informaci\u00f3n personal<\/strong> es cualquier informaci\u00f3n que se relaciona con un individuo identificado o identificable.<\/li>\n<li><strong>Servicio<\/strong> hace referencia al Sitio Web.<\/li>\n<li><strong>Proveedor de servicio<\/strong> significa cualquier persona f\u00edsica o jur\u00eddica que procesa los datos en nombre de la Compa\u00f1\u00eda. Se refiere a empresas de terceros o personas empleadas por la Empresa para facilitar el Servicio, proporcionar el Servicio en nombre de la Empresa, realizar servicios relacionados con el Servicio o ayudar a la Empresa a analizar c\u00f3mo se utiliza el Servicio.<\/li>\n<li><strong>Servicio de redes sociales de terceros<\/strong> se refiere a cualquier sitio web o cualquier sitio web de red social a trav\u00e9s del cual un usuario puede iniciar sesi\u00f3n o crear una cuenta para usar el Servicio.<\/li>\n<li><strong>Datos de uso<\/strong> se refiere a los datos recopilados autom\u00e1ticamente, ya sea generados por el uso del Servicio o de la propia infraestructura del Servicio (por ejemplo, la duraci\u00f3n de una visita a la p\u00e1gina).<\/li>\n<li><strong>Sitio web<\/strong> se refiere a Cajochy, accesible desde <a href=\"https:\/\/cajochy.com\/es\/\">https:\/\/cajochy.com\/<\/a><\/li>\n<li><strong>T\u00fa<\/strong> significa la persona que accede o utiliza el Servicio, o la empresa u otra entidad legal en nombre de la cual dicha persona accede o utiliza el Servicio, seg\u00fan corresponda.<\/li>\n<\/ul>\n<h2><strong>Recopilaci\u00f3n y uso de sus datos personales<\/strong><\/h2>\n<h3><strong>Tipos de datos recopilados<\/strong><\/h3>\n<p><strong>Informaci\u00f3n personal<\/strong><\/p>\n<p>Mientras usa el Servicio, Cajochy puede pedirle que nos proporcione cierta informaci\u00f3n de identificaci\u00f3n personal que se puede usar para contactarlo o identificarlo. La informaci\u00f3n de identificaci\u00f3n personal puede incluir, entre otros:<\/p>\n<ul>\n<li>Direcci\u00f3n de correo electr\u00f3nico<\/li>\n<li>Nombre y apellido<\/li>\n<li>Datos de uso<\/li>\n<\/ul>\n<p><strong>Datos de uso<\/strong><\/p>\n<p>Los Datos de uso se recopilan autom\u00e1ticamente cuando se utiliza el Servicio.<\/p>\n<p>Los datos de uso pueden incluir informaci\u00f3n como la direcci\u00f3n del protocolo de Internet de su dispositivo (por ejemplo, la direcci\u00f3n IP), el tipo de navegador, la versi\u00f3n del navegador, las p\u00e1ginas de nuestro Servicio que visita, la hora y la fecha de su visita, el tiempo dedicado a esas p\u00e1ginas, dispositivo \u00fanico identificadores y otros datos de diagn\u00f3stico.<\/p>\n<p>Cuando accede al Servicio a trav\u00e9s de un dispositivo m\u00f3vil, Cajochy puede recopilar cierta informaci\u00f3n autom\u00e1ticamente, que incluye, entre otros, el tipo de dispositivo m\u00f3vil que utiliza, la identificaci\u00f3n \u00fanica de su dispositivo m\u00f3vil, la direcci\u00f3n IP de su dispositivo m\u00f3vil, su sistema operativo, el tipo de navegador de Internet m\u00f3vil que utiliza, identificadores \u00fanicos de dispositivos y otros datos de diagn\u00f3stico.<\/p>\n<p>Cajochy tambi\u00e9n puede recopilar informaci\u00f3n que su navegador env\u00eda cada vez que visita nuestro Servicio o cuando accede al Servicio a trav\u00e9s de un dispositivo m\u00f3vil.<\/p>\n<p><strong>Tecnolog\u00edas de seguimiento y cookies<\/strong><\/p>\n<p>Cajochy utiliza cookies y tecnolog\u00edas de seguimiento similares para rastrear la actividad en el Servicio de Cajochy y almacenar cierta informaci\u00f3n. Las tecnolog\u00edas de seguimiento utilizadas son balizas, etiquetas y scripts para recopilar y rastrear informaci\u00f3n y para mejorar y analizar el Servicio Cajochy. Las tecnolog\u00edas que utiliza Cajochy pueden incluir:<\/p>\n<ul>\n<li><strong>Cookies o Cookies del Navegador.<\/strong> Una cookie es un peque\u00f1o archivo que se coloca en su dispositivo. Puede indicar a su navegador que rechace todas las cookies o que indique cu\u00e1ndo se env\u00eda una cookie. Sin embargo, si no acepta las cookies, es posible que no pueda utilizar algunas partes del servicio de Cajochy. A menos que haya ajustado la configuraci\u00f3n de su navegador para que rechace las cookies, nuestro Servicio puede usar Cookies.<\/li>\n<li><strong>Cookies Flash.<\/strong> Ciertas funciones del Servicio Cajochy pueden usar objetos almacenados localmente (o cookies Flash) para recopilar y almacenar informaci\u00f3n sobre Sus preferencias o Su actividad en nuestro Servicio. Las cookies de Flash no se gestionan con la misma configuraci\u00f3n del navegador que las utilizadas para las cookies del navegador.\u00a0<\/li>\n<li><strong>Balizas web.<\/strong> Ciertas secciones de nuestro Servicio y nuestros correos electr\u00f3nicos pueden contener peque\u00f1os archivos electr\u00f3nicos conocidos como web beacons (tambi\u00e9n conocidos como gifs transparentes, etiquetas de p\u00edxeles y gifs de un solo p\u00edxel) que permiten a Cajochy, por ejemplo, contar los usuarios que han visitado esas p\u00e1ginas. o abri\u00f3 un correo electr\u00f3nico y para otras estad\u00edsticas relacionadas con el sitio web (por ejemplo, registrar la popularidad de una determinada secci\u00f3n y verificar la integridad del sistema y del servidor).<\/li>\n<\/ul>\n<p>Las cookies pueden ser cookies &quot;persistentes&quot; o de &quot;sesi\u00f3n&quot;. Las cookies persistentes permanecen en su computadora personal o dispositivo m\u00f3vil cuando se desconecta, mientras que las cookies de sesi\u00f3n se eliminan tan pronto como cierra su navegador web.\u00a0<\/p>\n<p>Cajochy utiliza cookies de sesi\u00f3n y persistentes para los fines que se establecen a continuaci\u00f3n:<\/p>\n<ul>\n<li><strong>Cookies necesarias\/esenciales<\/strong><\/li>\n<\/ul>\n<p>Tipo: Cookies de sesi\u00f3n<\/p>\n<p>Administrado por: Cajochy<\/p>\n<p>Prop\u00f3sito: estas cookies son esenciales para brindarle los servicios disponibles a trav\u00e9s del sitio web y permitirle usar algunas de sus funciones. Ayudan a autenticar a los usuarios y previenen el uso fraudulento de cuentas de usuario. Sin estas Cookies, no se pueden proporcionar los servicios que ha solicitado, y Cajochy solo utiliza estas Cookies para proporcionarle esos servicios.<\/p>\n<ul>\n<li><strong>Pol\u00edtica de Cookies \/ Aviso de Aceptaci\u00f3n de Cookies<\/strong><\/li>\n<\/ul>\n<p>Tipo: Cookies persistentes<\/p>\n<p>Administrado por: Cajochy<\/p>\n<p>Finalidad: Estas Cookies identifican si los usuarios han aceptado el uso de cookies en el Sitio Web.<\/p>\n<ul>\n<li><strong>Cookies de funcionalidad<\/strong><\/li>\n<\/ul>\n<p>Tipo: Cookies persistentes<\/p>\n<p>Administrado por: Cajochy<\/p>\n<p>Prop\u00f3sito: estas cookies permiten que Cajochy recuerde las elecciones que hace cuando usa el sitio web, como recordar sus datos de inicio de sesi\u00f3n o su preferencia de idioma. El prop\u00f3sito de estas Cookies es brindarle una experiencia m\u00e1s personal y evitar que tenga que volver a ingresar sus preferencias cada vez que use el sitio web.<\/p>\n<p>Para obtener m\u00e1s informaci\u00f3n sobre las cookies que utilizamos y sus opciones con respecto a las cookies, visite la Pol\u00edtica de cookies de Cajochy o la secci\u00f3n de Cookies de la Pol\u00edtica de privacidad de Cajochy.<\/p>\n<h3><strong>Uso de sus datos personales<\/strong><\/h3>\n<p>La Compa\u00f1\u00eda puede utilizar los Datos Personales para los siguientes fines:<\/p>\n<ul>\n<li><strong>Para proporcionar y mantener nuestro Servicio<\/strong>, incluida la supervisi\u00f3n del uso del Servicio Cajochy.<\/li>\n<li><strong>Para administrar su cuenta:<\/strong> para gestionar Su registro como usuario del Servicio. Los Datos Personales que proporcione pueden darle acceso a diferentes funcionalidades del Servicio que est\u00e1n disponibles para Usted como usuario registrado.<\/li>\n<li><strong>Para la ejecuci\u00f3n de un contrato:<\/strong> el desarrollo, cumplimiento y realizaci\u00f3n del contrato de compra de los productos, art\u00edculos o servicios que haya comprado o de cualquier otro contrato con Nosotros a trav\u00e9s del Servicio.<\/li>\n<li><strong>Para contactarte:<\/strong> Para contactarlo por correo electr\u00f3nico, llamadas telef\u00f3nicas, SMS u otras formas equivalentes de comunicaci\u00f3n electr\u00f3nica, como notificaciones autom\u00e1ticas de una aplicaci\u00f3n m\u00f3vil sobre actualizaciones o comunicaciones informativas relacionadas con las funcionalidades, productos o servicios contratados, incluidas las actualizaciones de seguridad, cuando sea necesario o razonable para su implementaci\u00f3n.<\/li>\n<li><strong>Para proporcionarle<\/strong> con noticias, ofertas especiales e informaci\u00f3n general sobre otros bienes, servicios y eventos que ofrecemos que son similares a los que ya compr\u00f3 o pregunt\u00f3, a menos que haya optado por no recibir dicha informaci\u00f3n.<\/li>\n<li><strong>Para gestionar sus solicitudes:<\/strong> Atender y gestionar Sus solicitudes a Cajochy.<\/li>\n<li><strong>Para transmisiones de empresas:<\/strong> Cajochy puede usar su informaci\u00f3n para evaluar o realizar una fusi\u00f3n, desinversi\u00f3n, reestructuraci\u00f3n, reorganizaci\u00f3n, disoluci\u00f3n u otra venta o transferencia de algunos o todos nuestros activos, ya sea como una empresa en marcha o como parte de una quiebra, liquidaci\u00f3n o procedimiento similar. en el que los Datos personales que tenemos sobre los usuarios de nuestro Servicio se encuentran entre los activos transferidos.<\/li>\n<li><strong>Para otros fines<\/strong>: Cajochy puede utilizar su informaci\u00f3n para otros fines, como el an\u00e1lisis de datos, la identificaci\u00f3n de tendencias de uso, la determinaci\u00f3n de la eficacia de las campa\u00f1as promocionales de Cajochy y la evaluaci\u00f3n y mejora de nuestro Servicio, productos, servicios, marketing y su experiencia.<\/li>\n<\/ul>\n<p>Cajochy puede compartir su informaci\u00f3n personal en las siguientes situaciones:<\/p>\n<ul>\n<li><strong>Con proveedores de servicios:<\/strong> Cajochy puede compartir Su informaci\u00f3n personal con Proveedores de Servicios para monitorear y analizar el uso de nuestro Servicio, para contactarlo.<\/li>\n<li><strong>Para transmisiones de empresas:<\/strong> Cajochy puede compartir o transferir su informaci\u00f3n personal en relaci\u00f3n con, o durante las negociaciones de, cualquier fusi\u00f3n, venta de activos de la empresa, financiaci\u00f3n o adquisici\u00f3n de la totalidad o una parte del negocio de Cajochy a otra empresa.<\/li>\n<li><strong>Con Afiliados:<\/strong> Cajochy puede compartir su informaci\u00f3n con nuestros afiliados, en cuyo caso Cajochy requerir\u00e1 que dichos afiliados respeten esta Pol\u00edtica de privacidad. Cajochy es un participante en el Programa de Asociados de Amazon Services LLC, un programa de publicidad de afiliados dise\u00f1ado para proporcionar un medio para que los sitios ganen tarifas de publicidad publicitando y vinculando a Amazon.com.<\/li>\n<li><strong>Con socios comerciales:<\/strong> Cajochy puede compartir su informaci\u00f3n con los socios comerciales de Cajochy para ofrecerle ciertos productos, servicios o promociones.<\/li>\n<li><strong>Con otros usuarios:<\/strong> cuando comparte informaci\u00f3n personal o interact\u00faa de otra manera en las \u00e1reas p\u00fablicas con otros usuarios, dicha informaci\u00f3n puede ser vista por todos los usuarios y puede distribuirse p\u00fablicamente al exterior. Si interact\u00faa con otros usuarios o se registra a trav\u00e9s de un Servicio de redes sociales de terceros, Sus contactos en el Servicio de redes sociales de terceros pueden ver Su nombre, perfil, im\u00e1genes y descripci\u00f3n de Su actividad. De manera similar, otros usuarios podr\u00e1n ver descripciones de Su actividad, comunicarse con Usted y ver Su perfil.<\/li>\n<li><strong>con su consentimiento<\/strong>: Cajochy puede divulgar su informaci\u00f3n personal para cualquier otro prop\u00f3sito con su consentimiento.<\/li>\n<\/ul>\n<h3><strong>Retenci\u00f3n de sus datos personales<\/strong><\/h3>\n<p>Cajochy conservar\u00e1 sus datos personales solo durante el tiempo que sea necesario para los fines establecidos en esta Pol\u00edtica de privacidad. Cajochy conservar\u00e1 y utilizar\u00e1 sus datos personales en la medida necesaria para cumplir con nuestras obligaciones legales (por ejemplo, si Cajochy debe conservar sus datos para cumplir con las leyes aplicables), resolver disputas y hacer cumplir nuestras pol\u00edticas y acuerdos legales.<\/p>\n<p>Cajochy tambi\u00e9n conservar\u00e1 los Datos de uso para fines de an\u00e1lisis interno. Los Datos de uso generalmente se retienen por un per\u00edodo de tiempo m\u00e1s corto, excepto cuando estos datos se utilizan para fortalecer la seguridad o mejorar la funcionalidad de Nuestro Servicio, o Cajochy est\u00e1 legalmente obligado a retener estos datos por per\u00edodos de tiempo m\u00e1s largos.<\/p>\n<p><strong>Transferencia de sus datos personales<\/strong><\/p>\n<p>Su informaci\u00f3n, incluidos los Datos personales, se procesa en las oficinas operativas de Cajochy y en cualquier otro lugar donde se encuentren las partes involucradas en el procesamiento. Significa que esta informaci\u00f3n puede transferirse y mantenerse en computadoras ubicadas fuera de Su estado, provincia, pa\u00eds u otra jurisdicci\u00f3n gubernamental donde las leyes de protecci\u00f3n de datos pueden diferir de las de Su jurisdicci\u00f3n.<\/p>\n<p>Su consentimiento a esta Pol\u00edtica de privacidad seguido de Su env\u00edo de dicha informaci\u00f3n representa Su acuerdo con esa transferencia.<\/p>\n<p>Cajochy tomar\u00e1 todas las medidas razonablemente necesarias para garantizar que sus datos se traten de forma segura y de acuerdo con esta Pol\u00edtica de privacidad y no se realizar\u00e1 ninguna transferencia de sus datos personales a una organizaci\u00f3n o pa\u00eds, a menos que existan controles adecuados establecidos, incluida la seguridad de sus datos y otra informaci\u00f3n personal.<\/p>\n<h2><strong>Divulgaci\u00f3n de sus datos personales<\/strong><\/h2>\n<h3><strong>Transacciones de negocios<\/strong><\/h3>\n<p>Si Cajochy participa en una fusi\u00f3n, adquisici\u00f3n o venta de activos, sus datos personales pueden transferirse. Le enviaremos un aviso antes de que sus Datos personales se transfieran y queden sujetos a una Pol\u00edtica de privacidad diferente.<\/p>\n<h3><strong>Cumplimiento de la ley<\/strong><\/h3>\n<p>En determinadas circunstancias, es posible que se le solicite a Cajochy que divulgue sus datos personales si as\u00ed lo requiere la ley o en respuesta a solicitudes v\u00e1lidas de las autoridades p\u00fablicas (por ejemplo, un tribunal o una agencia gubernamental).<\/p>\n<h3><strong>Otros requisitos legales<\/strong><\/h3>\n<p>Cajochy puede divulgar sus datos personales de buena fe cuando considere que esta acci\u00f3n es necesaria para lo siguiente:<\/p>\n<ul>\n<li>Cumplir con una obligaci\u00f3n legal<\/li>\n<li>Proteger y defender los derechos o propiedad de la Compa\u00f1\u00eda<\/li>\n<li>Prevenir o investigar posibles irregularidades en relaci\u00f3n con el Servicio<\/li>\n<li>Proteger la seguridad personal de los Usuarios del Servicio o del p\u00fablico<\/li>\n<li>Prot\u00e9jase contra la responsabilidad legal<\/li>\n<\/ul>\n<h3><strong>Seguridad de sus datos personales<\/strong><\/h3>\n<p>La seguridad de sus datos personales es importante para nosotros, pero recuerde que ning\u00fan m\u00e9todo de transmisi\u00f3n por Internet o m\u00e9todo de almacenamiento electr\u00f3nico es 100% seguro. Si bien Cajochy se esfuerza por utilizar medios comercialmente aceptables para proteger sus datos personales, no podemos garantizar su seguridad absoluta.<\/p>\n<h3><strong>Enlaces a otros sitios web<\/strong><\/h3>\n<p>El Servicio Cajochy puede contener enlaces a otros sitios web que no son operados por Nosotros. Si hace clic en un enlace de un tercero, ser\u00e1 dirigido al sitio de ese tercero. Cajochy le recomienda encarecidamente que revise la Pol\u00edtica de privacidad de cada sitio que visite.<\/p>\n<p>Cajochy no tiene control ni asume ninguna responsabilidad por el contenido, las pol\u00edticas de privacidad o las pr\u00e1cticas de los sitios o servicios de terceros.<\/p>\n<h3><strong>Cambios a esta Pol\u00edtica de Privacidad<\/strong><\/h3>\n<p>Cajochy puede actualizar nuestra Pol\u00edtica de privacidad de vez en cuando. Cajochy le notificar\u00e1 cualquier cambio mediante la publicaci\u00f3n de la nueva Pol\u00edtica de privacidad en esta p\u00e1gina.<\/p>\n<p>Cajochy le informar\u00e1 por correo electr\u00f3nico y\/o un aviso destacado en el Servicio de Cajochy, antes de que el cambio entre en vigencia y actualizar\u00e1 la fecha de &quot;\u00daltima actualizaci\u00f3n&quot; en la parte superior de esta Pol\u00edtica de privacidad.<\/p>\n<p>Se le recomienda revisar esta Pol\u00edtica de Privacidad peri\u00f3dicamente para cualquier cambio. Los cambios a esta Pol\u00edtica de privacidad son efectivos cuando se publican en esta p\u00e1gina.<\/p>\n<h2><strong>Cont\u00e1ctenos<\/strong><\/h2>\n<p>Si tiene alguna pregunta sobre esta Pol\u00edtica de privacidad, puede comunicarse con Cajochy:<\/p>\n<ul>\n<li>Por correo electr\u00f3nico: carol@cajochy.com<\/li>\n<li>Visitando <a href=\"https:\/\/cajochy.com\/es\/contact\/\">esta p\u00e1gina<\/a> en el sitio web<\/li>\n<\/ul>\n<p>\u00a0<\/p>","protected":false},"excerpt":{"rendered":"<p>Privacy Policy Last updated: April 07, 2021 This Privacy Policy describes Cajochy policies and procedures on the collection, use, and disclosure of Your information when You<span class=\"excerpt-hellip\"> [\u2026]<\/span><\/p>\n","protected":false},"author":2,"featured_media":0,"parent":0,"menu_order":0,"comment_status":"closed","ping_status":"closed","template":"","meta":{"nf_dc_page":"","_monsterinsights_skip_tracking":false,"_monsterinsights_sitenote_active":false,"_monsterinsights_sitenote_note":"","_monsterinsights_sitenote_category":0,"footnotes":""},"class_list":["post-1513","page","type-page","status-publish","hentry"],"yoast_head":"<!-- This site is optimized with the Yoast SEO plugin v27.3 - https:\/\/yoast.com\/product\/yoast-seo-wordpress\/ -->\n<title>Privacy Policy - Cajochy<\/title>\n<meta name=\"description\" content=\"Know how Cajochy collects and processes your personal data while browsing all Cajochy website pages in detail.\" \/>\n<meta name=\"robots\" content=\"index, follow, max-snippet:-1, max-image-preview:large, max-video-preview:-1\" \/>\n<link rel=\"canonical\" href=\"https:\/\/cajochy.com\/es\/privacy-policy\/\" \/>\n<meta property=\"og:locale\" content=\"es_ES\" \/>\n<meta property=\"og:type\" content=\"article\" \/>\n<meta property=\"og:title\" content=\"Privacy Policy - Cajochy\" \/>\n<meta property=\"og:description\" content=\"Know how Cajochy collects and processes your personal data while browsing all Cajochy website pages in detail.\" \/>\n<meta property=\"og:url\" content=\"https:\/\/cajochy.com\/es\/privacy-policy\/\" \/>\n<meta property=\"og:site_name\" content=\"Cajochy\" \/>\n<meta property=\"article:modified_time\" content=\"2021-11-07T08:54:14+00:00\" \/>\n<meta name=\"twitter:card\" content=\"summary_large_image\" \/>\n<meta name=\"twitter:label1\" content=\"Tiempo de lectura\" \/>\n\t<meta name=\"twitter:data1\" content=\"10 minutos\" \/>\n<script type=\"application\/ld+json\" class=\"yoast-schema-graph\">{\"@context\":\"https:\\\/\\\/schema.org\",\"@graph\":[{\"@type\":\"WebPage\",\"@id\":\"https:\\\/\\\/cajochy.com\\\/privacy-policy\\\/\",\"url\":\"https:\\\/\\\/cajochy.com\\\/privacy-policy\\\/\",\"name\":\"Privacy Policy - Cajochy\",\"isPartOf\":{\"@id\":\"https:\\\/\\\/cajochy.com\\\/#website\"},\"datePublished\":\"2021-04-07T08:54:19+00:00\",\"dateModified\":\"2021-11-07T08:54:14+00:00\",\"description\":\"Know how Cajochy collects and processes your personal data while browsing all Cajochy website pages in detail.\",\"breadcrumb\":{\"@id\":\"https:\\\/\\\/cajochy.com\\\/privacy-policy\\\/#breadcrumb\"},\"inLanguage\":\"es\",\"potentialAction\":[{\"@type\":\"ReadAction\",\"target\":[\"https:\\\/\\\/cajochy.com\\\/privacy-policy\\\/\"]}]},{\"@type\":\"BreadcrumbList\",\"@id\":\"https:\\\/\\\/cajochy.com\\\/privacy-policy\\\/#breadcrumb\",\"itemListElement\":[{\"@type\":\"ListItem\",\"position\":1,\"name\":\"Home\",\"item\":\"https:\\\/\\\/cajochy.com\\\/\"},{\"@type\":\"ListItem\",\"position\":2,\"name\":\"Privacy Policy\"}]},{\"@type\":\"WebSite\",\"@id\":\"https:\\\/\\\/cajochy.com\\\/#website\",\"url\":\"https:\\\/\\\/cajochy.com\\\/\",\"name\":\"Cajochy\",\"description\":\"Reduce Hair Loss and Regrow Hair with Chemical-Free Tricks\",\"publisher\":{\"@id\":\"https:\\\/\\\/cajochy.com\\\/#organization\"},\"potentialAction\":[{\"@type\":\"SearchAction\",\"target\":{\"@type\":\"EntryPoint\",\"urlTemplate\":\"https:\\\/\\\/cajochy.com\\\/?s={search_term_string}\"},\"query-input\":{\"@type\":\"PropertyValueSpecification\",\"valueRequired\":true,\"valueName\":\"search_term_string\"}}],\"inLanguage\":\"es\"},{\"@type\":\"Organization\",\"@id\":\"https:\\\/\\\/cajochy.com\\\/#organization\",\"name\":\"Cajochy\",\"url\":\"https:\\\/\\\/cajochy.com\\\/\",\"logo\":{\"@type\":\"ImageObject\",\"inLanguage\":\"es\",\"@id\":\"https:\\\/\\\/cajochy.com\\\/#\\\/schema\\\/logo\\\/image\\\/\",\"url\":\"https:\\\/\\\/cajochy.com\\\/wp-content\\\/uploads\\\/2020\\\/09\\\/cropped-cajochy-image-logo-icon.jpg\",\"contentUrl\":\"https:\\\/\\\/cajochy.com\\\/wp-content\\\/uploads\\\/2020\\\/09\\\/cropped-cajochy-image-logo-icon.jpg\",\"width\":512,\"height\":512,\"caption\":\"Cajochy\"},\"image\":{\"@id\":\"https:\\\/\\\/cajochy.com\\\/#\\\/schema\\\/logo\\\/image\\\/\"}}]}<\/script>\n<!-- \/ Yoast SEO plugin. -->","yoast_head_json":{"title":"Pol\u00edtica de Privacidad - Cajochy","description":"Conozca c\u00f3mo Cajochy recopila y procesa sus datos personales mientras navega en detalle por todas las p\u00e1ginas del sitio web de Cajochy.","robots":{"index":"index","follow":"follow","max-snippet":"max-snippet:-1","max-image-preview":"max-image-preview:large","max-video-preview":"max-video-preview:-1"},"canonical":"https:\/\/cajochy.com\/es\/privacy-policy\/","og_locale":"es_ES","og_type":"article","og_title":"Privacy Policy - Cajochy","og_description":"Know how Cajochy collects and processes your personal data while browsing all Cajochy website pages in detail.","og_url":"https:\/\/cajochy.com\/es\/privacy-policy\/","og_site_name":"Cajochy","article_modified_time":"2021-11-07T08:54:14+00:00","twitter_card":"summary_large_image","twitter_misc":{"Tiempo de lectura":"10 minutos"},"schema":{"@context":"https:\/\/schema.org","@graph":[{"@type":"WebPage","@id":"https:\/\/cajochy.com\/privacy-policy\/","url":"https:\/\/cajochy.com\/privacy-policy\/","name":"Pol\u00edtica de Privacidad - Cajochy","isPartOf":{"@id":"https:\/\/cajochy.com\/#website"},"datePublished":"2021-04-07T08:54:19+00:00","dateModified":"2021-11-07T08:54:14+00:00","description":"Conozca c\u00f3mo Cajochy recopila y procesa sus datos personales mientras navega en detalle por todas las p\u00e1ginas del sitio web de Cajochy.","breadcrumb":{"@id":"https:\/\/cajochy.com\/privacy-policy\/#breadcrumb"},"inLanguage":"es","potentialAction":[{"@type":"ReadAction","target":["https:\/\/cajochy.com\/privacy-policy\/"]}]},{"@type":"BreadcrumbList","@id":"https:\/\/cajochy.com\/privacy-policy\/#breadcrumb","itemListElement":[{"@type":"ListItem","position":1,"name":"Home","item":"https:\/\/cajochy.com\/"},{"@type":"ListItem","position":2,"name":"Privacy Policy"}]},{"@type":"WebSite","@id":"https:\/\/cajochy.com\/#website","url":"https:\/\/cajochy.com\/","name":"Cajochy","description":"Reduzca la ca\u00edda del cabello y vuelva a crecer el cabello con trucos sin qu\u00edmicos","publisher":{"@id":"https:\/\/cajochy.com\/#organization"},"potentialAction":[{"@type":"SearchAction","target":{"@type":"EntryPoint","urlTemplate":"https:\/\/cajochy.com\/?s={search_term_string}"},"query-input":{"@type":"PropertyValueSpecification","valueRequired":true,"valueName":"search_term_string"}}],"inLanguage":"es"},{"@type":"Organization","@id":"https:\/\/cajochy.com\/#organization","name":"Cajochy","url":"https:\/\/cajochy.com\/","logo":{"@type":"ImageObject","inLanguage":"es","@id":"https:\/\/cajochy.com\/#\/schema\/logo\/image\/","url":"https:\/\/cajochy.com\/wp-content\/uploads\/2020\/09\/cropped-cajochy-image-logo-icon.jpg","contentUrl":"https:\/\/cajochy.com\/wp-content\/uploads\/2020\/09\/cropped-cajochy-image-logo-icon.jpg","width":512,"height":512,"caption":"Cajochy"},"image":{"@id":"https:\/\/cajochy.com\/#\/schema\/logo\/image\/"}}]}},"jetpack_sharing_enabled":true,"_links":{"self":[{"href":"https:\/\/cajochy.com\/es\/wp-json\/wp\/v2\/pages\/1513","targetHints":{"allow":["GET"]}}],"collection":[{"href":"https:\/\/cajochy.com\/es\/wp-json\/wp\/v2\/pages"}],"about":[{"href":"https:\/\/cajochy.com\/es\/wp-json\/wp\/v2\/types\/page"}],"author":[{"embeddable":true,"href":"https:\/\/cajochy.com\/es\/wp-json\/wp\/v2\/users\/2"}],"replies":[{"embeddable":true,"href":"https:\/\/cajochy.com\/es\/wp-json\/wp\/v2\/comments?post=1513"}],"version-history":[{"count":0,"href":"https:\/\/cajochy.com\/es\/wp-json\/wp\/v2\/pages\/1513\/revisions"}],"wp:attachment":[{"href":"https:\/\/cajochy.com\/es\/wp-json\/wp\/v2\/media?parent=1513"}],"curies":[{"name":"wp","href":"https:\/\/api.w.org\/{rel}","templated":true}]}}