{"id":1758,"date":"2021-08-28T03:58:12","date_gmt":"2021-08-28T03:58:12","guid":{"rendered":"https:\/\/cajochy.com\/?page_id=1758"},"modified":"2021-09-20T09:19:05","modified_gmt":"2021-09-20T09:19:05","slug":"refund_returns","status":"publish","type":"page","link":"https:\/\/cajochy.com\/eo\/refund_returns\/","title":{"rendered":"Politiko pri Repago kaj Reveno"},"content":{"rendered":"<p><b>\u0108i tio estas specimena pa\u011do.<\/b><\/p>\n\n\n\n<p><h3>Superrigardo<\/h3><\/p>\n\n\n\n<p>Nia politiko pri repago kaj reveno da\u016dras 30 tagojn. Se 30 tagoj pasis post via a\u0109eto, ni ne povas proponi al vi plenan repagon a\u016d inter\u015dan\u011don.<\/p>\n\n\n\n<p>Por esti elektebla por reveno, via objekto devas esti neuzata kaj en la sama kondi\u0109o, kiam vi ricevis \u011din. \u011ci anka\u016d devas esti en la originala paka\u0135o.<\/p>\n\n\n\n<p>Pluraj specoj de varoj estas esceptitaj de esti resenditaj. Pereemaj varoj kiel man\u011da\u0135oj, floroj, gazetoj a\u016d revuoj ne povas esti resenditaj. Ni anka\u016d ne akceptas produktojn kiuj estas intimaj a\u016d sanitaraj varoj, dan\u011deraj materialoj a\u016d brulemaj likva\u0135oj a\u016d gasoj.<\/p>\n\n\n\n<p>Pliaj nereveneblaj a\u0135oj:<\/p>\n\n\n\n<ul class=\"wp-block-list\"><li>Donacaj kartoj<\/li><li>El\u015duteblaj softvara\u0135oj<\/li><li>Kelkaj sanaj kaj personaj zorgaj objektoj<\/li><\/ul>\n\n\n\n<p>Por kompletigi vian revenon, ni postulas kvitancon a\u016d pruvon de a\u0109eto.<\/p>\n\n\n\n<p>Bonvolu ne resendi vian a\u0109eton al la fabrikanto.<\/p>\n\n\n\n<p>Estas certaj situacioj kie nur partaj repagoj estas donitaj:<\/p>\n\n\n\n<ul class=\"wp-block-list\"><li>Libro kun evidentaj signoj de uzo<\/li><li>KD, DVD, VHS-bendo, programaro, videoludo, kasedo a\u016d vinildisko kiu estis malfermita.<\/li><li>Ajna objekto ne en sia originala stato, estas difektita a\u016d mankas partoj pro kialoj ne pro nia eraro.<\/li><li>Ajna objekto, kiu estas resendita pli ol 30 tagojn post livero<\/li><\/ul>\n\n\n\n<p><h2>Repagoj<\/h2><\/p>\n\n\n\n<p>Post kiam via reveno estos ricevita kaj inspektita, ni sendos al vi retpo\u015dton por sciigi vin, ke ni ricevis vian resenditan objekton. Ni anka\u016d sciigos vin pri la aprobo a\u016d malakcepto de via repago.<\/p>\n\n\n\n<p>Se vi estas aprobita, tiam via repago estos procesita, kaj kredito estos a\u016dtomate aplikita al via kreditkarto a\u016d originala metodo de pago, ene de certa kvanto da tagoj.<\/p>\n\n\n\n<p><b>Malfruaj a\u016d mankantaj repagoj<\/b><\/p>\n\n\n\n<p>Se vi ankora\u016d ne ricevis repagon, unue kontrolu vian bankkonton denove.<\/p>\n\n\n\n<p>Tiam kontaktu vian kreditkartan kompanion, eble da\u016dros iom da tempo anta\u016d ol via repago estas oficiale afi\u015dita.<\/p>\n\n\n\n<p>Poste kontaktu vian bankon. Ofte estas iom da prilaborado anta\u016d ol repago estas afi\u015dita.<\/p>\n\n\n\n<p>Se vi faris \u0109ion \u0109i kaj vi ankora\u016d ne ricevis vian repagon, bonvolu kontakti nin \u0109e {retpo\u015dtadreso}.<\/p>\n\n\n\n<p><b>Vendaj eroj<\/b><\/p>\n\n\n\n<p>Nur regulaj prezoj povas esti repagitaj. Vendaj a\u0135oj ne povas esti repagitaj.<\/p>\n\n\n\n<p><h2>Inter\u015dan\u011doj<\/h2><\/p>\n\n\n\n<p>Ni anstata\u016digas erojn nur se ili estas difektitaj a\u016d difektitaj. Se vi bezonas inter\u015dan\u011di \u011din kontra\u016d la sama objekto, sendu al ni retmesa\u011don \u0109e {retpo\u015dtadreso} kaj sendu vian objekton al: {fizika adreso}.<\/p>\n\n\n\n<p><h2>Donacoj<\/h2><\/p>\n\n\n\n<p>Se la objekto estis markita kiel donaco kiam a\u0109etita kaj sendita rekte al vi, vi ricevos donackrediton por la valoro de via reveno. Post kiam la resendita objekto estas ricevita, donaca atestilo estos sendita al vi.<\/p>\n\n\n\n<p>Se la objekto ne estis markita kiel donaco kiam a\u0109etite, a\u016d la donacanto havis la mendon sendita al si por doni al vi poste, ni sendos repagon al la donacisto kaj ili ekscios pri via reveno.<\/p>\n\n\n\n<p><h2>Sendaj revenoj<\/h2><\/p>\n\n\n\n<p>Por resendi vian produkton, vi devas sendi vian produkton al: {fizika adreso}.<\/p>\n\n\n\n<p>Vi respondecos pagi viajn proprajn sendokostojn por resendado de via objekto. Sendkostoj estas nerepageblaj. Se vi ricevas repagon, la kosto de resendo estos subtrahita de via repago.<\/p>\n\n\n\n<p>Depende de kie vi lo\u011das, la tempo necesa por via inter\u015dan\u011dita produkto atingi vin povas varii.<\/p>\n\n\n\n<p>Se vi resendas pli multekostajn erojn, vi povas konsideri uzi spureblan sendoservon a\u016d a\u0109eti sendasekuron. Ni ne garantias, ke ni ricevos vian resenditan objekton.<\/p>\n\n\n\n<p><h2>Bezonas helpon?<\/h2><\/p>\n\n\n\n<p>Kontaktu nin \u0109e {retpo\u015dto} por demandoj rilataj al repagoj kaj revenoj.<\/p>","protected":false},"excerpt":{"rendered":"<p>This is a sample page. Overview Our refund and returns policy lasts 30 days. If 30 days have passed since your purchase, we can\u2019t offer you<span class=\"excerpt-hellip\"> [\u2026]<\/span><\/p>\n","protected":false},"author":1,"featured_media":0,"parent":0,"menu_order":0,"comment_status":"closed","ping_status":"closed","template":"","meta":{"nf_dc_page":"","_monsterinsights_skip_tracking":false,"_monsterinsights_sitenote_active":false,"_monsterinsights_sitenote_note":"","_monsterinsights_sitenote_category":0,"footnotes":""},"class_list":["post-1758","page","type-page","status-publish","hentry"],"yoast_head":"<!-- This site is optimized with the Yoast SEO plugin v27.5 - https:\/\/yoast.com\/product\/yoast-seo-wordpress\/ -->\n<title>Refund and Returns Policy - Cajochy<\/title>\n<meta name=\"description\" content=\"Check Cajochy refund and returns policy to get more detailed info.\" \/>\n<meta name=\"robots\" content=\"index, follow, max-snippet:-1, max-image-preview:large, max-video-preview:-1\" \/>\n<link rel=\"canonical\" href=\"https:\/\/cajochy.com\/eo\/refund_returns\/\" \/>\n<meta property=\"og:locale\" content=\"eo_EO\" \/>\n<meta property=\"og:type\" content=\"article\" \/>\n<meta property=\"og:title\" content=\"Refund and Returns Policy - Cajochy\" \/>\n<meta property=\"og:description\" content=\"Check Cajochy refund and returns policy to get more detailed info.\" \/>\n<meta property=\"og:url\" content=\"https:\/\/cajochy.com\/eo\/refund_returns\/\" \/>\n<meta property=\"og:site_name\" content=\"Cajochy\" \/>\n<meta property=\"article:modified_time\" content=\"2021-09-20T09:19:05+00:00\" \/>\n<meta name=\"twitter:card\" content=\"summary_large_image\" \/>\n<meta name=\"twitter:label1\" content=\"Est. reading time\" \/>\n\t<meta name=\"twitter:data1\" content=\"3 minutoj\" \/>\n<script type=\"application\/ld+json\" class=\"yoast-schema-graph\">{\"@context\":\"https:\\\/\\\/schema.org\",\"@graph\":[{\"@type\":\"WebPage\",\"@id\":\"https:\\\/\\\/cajochy.com\\\/refund_returns\\\/\",\"url\":\"https:\\\/\\\/cajochy.com\\\/refund_returns\\\/\",\"name\":\"Refund and Returns Policy - Cajochy\",\"isPartOf\":{\"@id\":\"https:\\\/\\\/cajochy.com\\\/#website\"},\"datePublished\":\"2021-08-28T03:58:12+00:00\",\"dateModified\":\"2021-09-20T09:19:05+00:00\",\"description\":\"Check Cajochy refund and returns policy to get more detailed info.\",\"breadcrumb\":{\"@id\":\"https:\\\/\\\/cajochy.com\\\/refund_returns\\\/#breadcrumb\"},\"inLanguage\":\"eo\",\"potentialAction\":[{\"@type\":\"ReadAction\",\"target\":[\"https:\\\/\\\/cajochy.com\\\/refund_returns\\\/\"]}]},{\"@type\":\"BreadcrumbList\",\"@id\":\"https:\\\/\\\/cajochy.com\\\/refund_returns\\\/#breadcrumb\",\"itemListElement\":[{\"@type\":\"ListItem\",\"position\":1,\"name\":\"Home\",\"item\":\"https:\\\/\\\/cajochy.com\\\/\"},{\"@type\":\"ListItem\",\"position\":2,\"name\":\"Refund and Returns Policy\"}]},{\"@type\":\"WebSite\",\"@id\":\"https:\\\/\\\/cajochy.com\\\/#website\",\"url\":\"https:\\\/\\\/cajochy.com\\\/\",\"name\":\"Cajochy\",\"description\":\"Reduce Hair Loss and Regrow Hair with Chemical-Free Tricks\",\"publisher\":{\"@id\":\"https:\\\/\\\/cajochy.com\\\/#organization\"},\"potentialAction\":[{\"@type\":\"SearchAction\",\"target\":{\"@type\":\"EntryPoint\",\"urlTemplate\":\"https:\\\/\\\/cajochy.com\\\/?s={search_term_string}\"},\"query-input\":{\"@type\":\"PropertyValueSpecification\",\"valueRequired\":true,\"valueName\":\"search_term_string\"}}],\"inLanguage\":\"eo\"},{\"@type\":\"Organization\",\"@id\":\"https:\\\/\\\/cajochy.com\\\/#organization\",\"name\":\"Cajochy\",\"url\":\"https:\\\/\\\/cajochy.com\\\/\",\"logo\":{\"@type\":\"ImageObject\",\"inLanguage\":\"eo\",\"@id\":\"https:\\\/\\\/cajochy.com\\\/#\\\/schema\\\/logo\\\/image\\\/\",\"url\":\"https:\\\/\\\/cajochy.com\\\/wp-content\\\/uploads\\\/2020\\\/09\\\/cropped-cajochy-image-logo-icon.jpg\",\"contentUrl\":\"https:\\\/\\\/cajochy.com\\\/wp-content\\\/uploads\\\/2020\\\/09\\\/cropped-cajochy-image-logo-icon.jpg\",\"width\":512,\"height\":512,\"caption\":\"Cajochy\"},\"image\":{\"@id\":\"https:\\\/\\\/cajochy.com\\\/#\\\/schema\\\/logo\\\/image\\\/\"}}]}<\/script>\n<!-- \/ Yoast SEO plugin. -->","yoast_head_json":{"title":"Politiko pri Repago kaj Reveno - Cajochy","description":"Kontrolu la politikon pri repago kaj resendo de Cajochy por akiri pli detalajn informojn.","robots":{"index":"index","follow":"follow","max-snippet":"max-snippet:-1","max-image-preview":"max-image-preview:large","max-video-preview":"max-video-preview:-1"},"canonical":"https:\/\/cajochy.com\/eo\/refund_returns\/","og_locale":"eo_EO","og_type":"article","og_title":"Refund and Returns Policy - Cajochy","og_description":"Check Cajochy refund and returns policy to get more detailed info.","og_url":"https:\/\/cajochy.com\/eo\/refund_returns\/","og_site_name":"Cajochy","article_modified_time":"2021-09-20T09:19:05+00:00","twitter_card":"summary_large_image","twitter_misc":{"Est. reading time":"3 minutoj"},"schema":{"@context":"https:\/\/schema.org","@graph":[{"@type":"WebPage","@id":"https:\/\/cajochy.com\/refund_returns\/","url":"https:\/\/cajochy.com\/refund_returns\/","name":"Politiko pri Repago kaj Reveno - Cajochy","isPartOf":{"@id":"https:\/\/cajochy.com\/#website"},"datePublished":"2021-08-28T03:58:12+00:00","dateModified":"2021-09-20T09:19:05+00:00","description":"Kontrolu la politikon pri repago kaj resendo de Cajochy por akiri pli detalajn informojn.","breadcrumb":{"@id":"https:\/\/cajochy.com\/refund_returns\/#breadcrumb"},"inLanguage":"eo","potentialAction":[{"@type":"ReadAction","target":["https:\/\/cajochy.com\/refund_returns\/"]}]},{"@type":"BreadcrumbList","@id":"https:\/\/cajochy.com\/refund_returns\/#breadcrumb","itemListElement":[{"@type":"ListItem","position":1,"name":"Home","item":"https:\/\/cajochy.com\/"},{"@type":"ListItem","position":2,"name":"Refund and Returns Policy"}]},{"@type":"WebSite","@id":"https:\/\/cajochy.com\/#website","url":"https:\/\/cajochy.com\/","name":"Cajochy","description":"Reduktu harperdon kaj rekresku harojn per senkemiaj lerta\u0135oj","publisher":{"@id":"https:\/\/cajochy.com\/#organization"},"potentialAction":[{"@type":"SearchAction","target":{"@type":"EntryPoint","urlTemplate":"https:\/\/cajochy.com\/?s={search_term_string}"},"query-input":{"@type":"PropertyValueSpecification","valueRequired":true,"valueName":"search_term_string"}}],"inLanguage":"eo"},{"@type":"Organization","@id":"https:\/\/cajochy.com\/#organization","name":"Cajochy","url":"https:\/\/cajochy.com\/","logo":{"@type":"ImageObject","inLanguage":"eo","@id":"https:\/\/cajochy.com\/#\/schema\/logo\/image\/","url":"https:\/\/cajochy.com\/wp-content\/uploads\/2020\/09\/cropped-cajochy-image-logo-icon.jpg","contentUrl":"https:\/\/cajochy.com\/wp-content\/uploads\/2020\/09\/cropped-cajochy-image-logo-icon.jpg","width":512,"height":512,"caption":"Cajochy"},"image":{"@id":"https:\/\/cajochy.com\/#\/schema\/logo\/image\/"}}]}},"jetpack_sharing_enabled":true,"_links":{"self":[{"href":"https:\/\/cajochy.com\/eo\/wp-json\/wp\/v2\/pages\/1758","targetHints":{"allow":["GET"]}}],"collection":[{"href":"https:\/\/cajochy.com\/eo\/wp-json\/wp\/v2\/pages"}],"about":[{"href":"https:\/\/cajochy.com\/eo\/wp-json\/wp\/v2\/types\/page"}],"author":[{"embeddable":true,"href":"https:\/\/cajochy.com\/eo\/wp-json\/wp\/v2\/users\/1"}],"replies":[{"embeddable":true,"href":"https:\/\/cajochy.com\/eo\/wp-json\/wp\/v2\/comments?post=1758"}],"version-history":[{"count":0,"href":"https:\/\/cajochy.com\/eo\/wp-json\/wp\/v2\/pages\/1758\/revisions"}],"wp:attachment":[{"href":"https:\/\/cajochy.com\/eo\/wp-json\/wp\/v2\/media?parent=1758"}],"curies":[{"name":"wp","href":"https:\/\/api.w.org\/{rel}","templated":true}]}}