{"id":1513,"date":"2021-04-07T08:54:19","date_gmt":"2021-04-07T08:54:19","guid":{"rendered":"https:\/\/cajochy.com\/?page_id=1513"},"modified":"2021-11-07T08:54:14","modified_gmt":"2021-11-07T08:54:14","slug":"privacy-policy","status":"publish","type":"page","link":"https:\/\/cajochy.com\/eo\/privacy-policy\/","title":{"rendered":"Privateca Politiko"},"content":{"rendered":"<h1>Privateca Politiko<\/h1>\n<p>Laste \u011disdatigita: la 07-an de aprilo 2021<\/p>\n<p>\u0108i tiu Privateca Politiko priskribas Cajochy-politikojn kaj procedurojn pri la kolekto, uzo kaj malka\u015do de Viaj informoj kiam Vi uzas la Servon kaj rakontas al Vi pri Viaj privatecaj rajtoj kaj kiel la le\u011do protektas Vin.<\/p>\n<p>Cajochy uzas Viajn Personajn datumojn por provizi kaj plibonigi la Servon. Uzante la Servon, Vi konsentas pri la kolekto kaj uzo de informoj konforme al \u0109i tiu Privateca Politiko.\u00a0<\/p>\n<h2><strong>Interpreto kaj Difinoj<\/strong><\/h2>\n<h3><strong>Interpreto<\/strong><\/h3>\n<p>La vortoj, kies komenca litero estas majuskla, havas signifojn difinitajn sub la sekvaj kondi\u0109oj. La sekvaj difinoj havu la saman signifon sendepende de \u0109u ili aperas singulare a\u016d plurale.<\/p>\n<h3><strong>Difinoj<\/strong><\/h3>\n<p>Por la celoj de \u0109i tiu Privateca Politiko:<\/p>\n<ul>\n<li><strong>Konto<\/strong> signifas unikan konton kreitan por ke Vi aliru nian Servon a\u016d partojn de Cajochy Servo.<\/li>\n<li><strong>Kuketoj<\/strong> estas malgrandaj dosieroj, kiuj estas metitaj sur Via komputilo, po\u015dtelefono a\u016d ajna alia aparato de retejo, enhavantaj la detalojn de Via foliumhistorio en tiu retejo inter \u011diaj multaj uzoj.<\/li>\n<li><strong>Aparato<\/strong> signifas ajnan aparaton kiu povas aliri la Servon kiel komputilo, po\u015dtelefono a\u016d cifereca tablojdo.<\/li>\n<li><strong>Personaj Datumoj<\/strong> estas ajna informo kiu rilatas al identigita a\u016d identigebla individuo.<\/li>\n<li><strong>Servo<\/strong> rilatas al la Retejo.<\/li>\n<li><strong>Servoprovizanto<\/strong> signifas ajnan naturan a\u016d juran personon, kiu prilaboras la datumojn nome de la Kompanio. \u011ci rilatas al triaj kompanioj a\u016d individuoj dungitaj de la Kompanio por faciligi la Servon, por provizi la Servon nome de la Kompanio, por plenumi servojn rilatajn al la Servo a\u016d por helpi la Kompanion analizi kiel la Servo estas uzata.<\/li>\n<li><strong>Triaparta Socia Media Servo<\/strong> rilatas al iu ajn retejo a\u016d iu ajn socia reto retejo per kiu uzanto povas ensaluti a\u016d krei konton por uzi la Servon.<\/li>\n<li><strong>Uzado-Datumoj<\/strong> rilatas al datumoj kolektitaj a\u016dtomate, a\u016d generitaj per la uzo de la Servo a\u016d de la Serva infrastrukturo mem (ekzemple, la da\u016dro de pa\u011da vizito).<\/li>\n<li><strong>Retejo<\/strong> rilatas al Cajochy, alirebla de <a href=\"https:\/\/cajochy.com\/eo\/\">https:\/\/cajochy.com\/<\/a><\/li>\n<li><strong>Vi<\/strong> signifas la individuon alirantan a\u016d uzas la Servon, a\u016d la firmaon, a\u016d alian juran enton nome de kiu tia individuo aliras a\u016d uzas la Servon, la\u016deble.<\/li>\n<\/ul>\n<h2><strong>Kolektado kaj Uzado de Viaj Personaj Datumoj<\/strong><\/h2>\n<h3><strong>Tipoj de Datumoj Kolektitaj<\/strong><\/h3>\n<p><strong>Personaj Datumoj<\/strong><\/p>\n<p>Dum uzado de la Servo, Cajochy povas peti Vin provizi al Ni certajn persone identigeblajn informojn, kiuj povas esti uzataj por kontakti a\u016d identigi Vin. Persone identigeblaj informoj povas inkluzivi, sed ne estas limigitaj al:<\/p>\n<ul>\n<li>Retpo\u015dta adreso<\/li>\n<li>Anta\u016dnomo kaj familia nomo<\/li>\n<li>Uzado-Datumoj<\/li>\n<\/ul>\n<p><strong>Uzado-Datumoj<\/strong><\/p>\n<p>Uzado-Datumoj estas kolektitaj a\u016dtomate kiam vi uzas la Servon.<\/p>\n<p>Uzado-Datumoj povas inkluzivi informojn kiel la adreso de Interreta Protokolo de Via Aparato (ekz. IP-adreso), retumila tipo, retumila versio, la pa\u011doj de nia Servo kiun Vi vizitas, la tempo kaj dato de Via vizito, la tempo pasigita sur tiuj pa\u011doj, unika aparato. identigiloj kaj aliaj diagnozaj datumoj.<\/p>\n<p>Kiam Vi aliras la Servon per a\u016d per po\u015dtelefono, Cajochy povas kolekti iujn informojn a\u016dtomate, inkluzive, sed ne limigitaj al, la tipo de po\u015dtelefono kiun Vi uzas, Via po\u015dtelefona unika ID, la IP-adreso de Via po\u015dtelefono, Via po\u015dtelefono. operaciumo, la tipo de movebla Interreta retumilo, kiun Vi uzas, unikaj aparato-identigiloj kaj aliaj diagnozaj datumoj.<\/p>\n<p>Cajochy anka\u016d povas kolekti informojn, kiujn Via retumilo sendas kiam ajn Vi vizitas nian Servon a\u016d kiam Vi aliras la Servon per a\u016d per movebla aparato.<\/p>\n<p><strong>Spurado de Teknologioj kaj Kuketoj<\/strong><\/p>\n<p>Cajochy uzas Kuketojn kaj similajn spurajn teknologiojn por spuri la agadon en Cajochy-Servo kaj konservi certajn informojn. Spuraj teknologioj uzataj estas signoj, etikedoj kaj skriptoj por kolekti kaj spuri informojn kaj plibonigi kaj analizi Cajochy-Servon. La teknologioj kiujn Cajochy uzas povas inkluzivi:<\/p>\n<ul>\n<li><strong>Kuketoj a\u016d Retumilo Kuketoj.<\/strong> Kuketo estas malgranda dosiero metita sur Via Aparato. Vi povas ordoni al Via retumilo rifuzi \u0109iujn Kuketojn a\u016d indiki kiam kuketo estas sendita. Tamen, se Vi ne akceptas Kuketojn, Vi eble ne povos uzi iujn partojn de Cajochy Servo. Krom se vi al\u011dustigis Vian retumilon por ke \u011di rifuzos kuketojn, nia Servo povas uzi Kuketojn.<\/li>\n<li><strong>Ekbrilaj Kuketoj.<\/strong> Iuj funkcioj de Cajochy Servo povas uzi lokajn konservitajn objektojn (a\u016d Flash-kuketojn) por kolekti kaj konservi informojn pri Viaj preferoj a\u016d Via agado en nia Servo. Fulmaj Kuketoj ne estas administritaj per la samaj agordoj de retumilo kiel tiuj uzataj por Retumiloj.\u00a0<\/li>\n<li><strong>Retaj Signoj.<\/strong> Iuj sekcioj de nia Servo kaj niaj retpo\u015dtoj povas enhavi malgrandajn elektronikajn dosierojn konatajn kiel retaj signoj (anka\u016d nomataj klaraj gifoj, pikselaj etikedoj kaj unupikselaj gifoj) kiuj permesas al la Cajochy, ekzemple, nombri uzantojn kiuj vizitis tiujn pa\u011dojn. a\u016d malfermis retpo\u015dton kaj por aliaj rilataj retejo-statistikoj (ekzemple, registri la popularecon de certa sekcio kaj kontroli sistemon kaj servilon integrecon).<\/li>\n<\/ul>\n<p>Kuketoj povas esti &quot;Konstantaj&quot; a\u016d &quot;Sesio&quot; Kuketoj. Konstantaj Kuketoj restas en Via persona komputilo a\u016d po\u015dtelefono kiam Vi malkonektas, dum Sesaj Kuketoj estas forigitaj tuj kiam Vi fermas Vian retumilon.\u00a0<\/p>\n<p>Cajochy uzas kaj Sesiajn kaj Konstantajn Kuketojn por la celoj prezentitaj sube:<\/p>\n<ul>\n<li><strong>Necesaj \/ Esencaj Kuketoj<\/strong><\/li>\n<\/ul>\n<p>Tipo: Sesiaj Kuketoj<\/p>\n<p>Administras: Cajochy<\/p>\n<p>Celo: \u0108i tiuj Kuketoj estas esencaj por provizi al Vi servojn disponeblajn per la Retejo kaj por ebligi al Vi uzi kelkajn el \u011diaj funkcioj. Ili helpas a\u016dtentikigi uzantojn kaj malhelpi fra\u016ddan uzon de uzantkontoj. Sen \u0109i tiuj Kuketoj, la servoj, kiujn Vi petis, ne povas esti provizitaj, kaj Cajochy nur uzas \u0109i tiujn Kuketojn por provizi al Vi tiujn servojn.<\/p>\n<ul>\n<li><strong>Kuketoj Politiko\/Avizo Akcepto Kuketoj<\/strong><\/li>\n<\/ul>\n<p>Tipo: Konstantaj Kuketoj<\/p>\n<p>Administras: Cajochy<\/p>\n<p>Celo: \u0108i tiuj Kuketoj identigas \u0109u uzantoj akceptis la uzon de kuketoj en la Retejo.<\/p>\n<ul>\n<li><strong>Funkciaj Kuketoj<\/strong><\/li>\n<\/ul>\n<p>Tipo: Konstantaj Kuketoj<\/p>\n<p>Administras: Cajochy<\/p>\n<p>Celo: \u0108i tiuj Kuketoj permesas al Cajochy memori elektojn, kiujn Vi faras kiam Vi uzas la Retejon, kiel memori viajn ensalutajn detalojn a\u016d lingvan preferon. La celo de \u0109i tiuj Kuketoj estas provizi al Vi pli personan sperton kaj eviti ke Vi devas reenigi viajn preferojn \u0109iufoje kiam Vi uzas la Retejon.<\/p>\n<p>Por pliaj informoj pri la kuketoj, kiujn ni uzas kaj viaj elektoj pri kuketoj, bonvolu viziti Kuketojn-Politiko de Cajochy a\u016d la sekcion pri Kuketoj de Privateca Politiko de Cajochy.<\/p>\n<h3><strong>Uzo de Viaj Personaj Datumoj<\/strong><\/h3>\n<p>La Kompanio povas uzi Personajn Datumojn por la sekvaj celoj:<\/p>\n<ul>\n<li><strong>Provizi kaj konservi nian Servon<\/strong>, inkluzive de monitorado de la uzado de Cajochy Service.<\/li>\n<li><strong>Por administri Vian Konton:<\/strong> administri Vian registri\u011don kiel uzanto de la Servo. La Personaj Datumoj, kiujn Vi provizas, povas doni al Vi aliron al malsamaj funkcioj de la Servo, kiuj estas disponeblaj por Vi kiel registrita uzanto.<\/li>\n<li><strong>Por plenumo de kontrakto:<\/strong> la disvolvi\u011do, plenumo kaj entrepreno de la a\u0109etkontrakto por la produktoj, a\u0135oj a\u016d servoj kiujn Vi a\u0109etis a\u016d de iu ajn alia kontrakto kun Ni per la Servo.<\/li>\n<li><strong>Por kontakti Vin:<\/strong> Kontakti Vin per retpo\u015dto, telefonvokoj, SMS a\u016d aliaj ekvivalentaj formoj de elektronika komunikado, kiel pu\u015daj sciigoj de po\u015dtelefona aplika\u0135o pri \u011disdatigoj a\u016d informaj komunikadoj rilataj al la funkcioj, produktoj a\u016d kontraktitaj servoj, inkluzive de sekurecaj \u011disdatigoj, kiam necese a\u016d raciaj por ilia efektivigo.<\/li>\n<li><strong>Por havigi al Vi<\/strong> kun nova\u0135oj, specialaj ofertoj kaj \u011deneralaj informoj pri aliaj varoj, servoj kaj eventoj, kiujn ni proponas, kiuj estas similaj al tiuj, pri kiuj vi jam a\u0109etis a\u016d demandis, krom se Vi elektis ne ricevi tiajn informojn.<\/li>\n<li><strong>Por administri Viajn petojn:<\/strong> \u0108eesti kaj administri Viajn petojn al Cajochy.<\/li>\n<li><strong>Por komercaj translokigoj:<\/strong> Cajochy povas uzi Viajn informojn por taksi a\u016d fari fuzion, senvestadon, restrukturadon, reorganizadon, dissolvon a\u016d alian vendon a\u016d translokigon de iuj a\u016d \u0109iuj Niaj aktivoj, \u0109u kiel funkcianta entrepreno a\u016d kiel parto de bankroto, likvidado a\u016d simila procedo, en kiu Personaj Datumoj tenitaj de Ni pri niaj Servaj uzantoj estas inter la aktivoj transdonitaj.<\/li>\n<li><strong>Por aliaj celoj<\/strong>: Cajochy povas uzi Viajn informojn por aliaj celoj, kiel datuma analizo, identigado de uzadotendencoj, determini la efikecon de Cajochy reklamaj kampanjoj kaj taksi kaj plibonigi nian Servon, produktojn, servojn, merkatadon kaj vian sperton.<\/li>\n<\/ul>\n<p>Cajochy povas dividi Viajn personajn informojn en la sekvaj situacioj:<\/p>\n<ul>\n<li><strong>Kun Servaj Provizantoj:<\/strong> Cajochy povas dividi Viajn personajn informojn kun Servaj Provizantoj por kontroli kaj analizi la uzon de nia Servo, por kontakti Vin.<\/li>\n<li><strong>Por komercaj translokigoj:<\/strong> Cajochy povas dividi a\u016d transdoni Viajn personajn informojn rilate a\u016d dum intertraktadoj de iu ajn fuzio, vendo de Firmaaj aktivoj, financado a\u016d akiro de \u0109io a\u016d parto de Cajochy-komerco al alia kompanio.<\/li>\n<li><strong>Kun filioj:<\/strong> Cajochy povas dividi Viajn informojn kun Niaj filioj, en kiu kazo Cajochy postulos tiujn filiojn honori \u0109i tiun Privatecan Politikon. Cajochy estas partoprenanto en la Programo de Asocioj de Amazon Services LLC, filia reklamprogramo desegnita por provizi rimedon por retejoj por gajni reklamajn kotizojn per reklamado kaj ligado al Amazon.com.<\/li>\n<li><strong>Kun komercaj partneroj:<\/strong> Cajochy povas dividi Viajn informojn kun komercaj partneroj de Cajochy por proponi al Vi iujn produktojn, servojn a\u016d reklamojn.<\/li>\n<li><strong>Kun aliaj uzantoj:<\/strong> kiam Vi dividas personajn informojn a\u016d alie interagas en la publikaj areoj kun aliaj uzantoj, tiaj informoj povas esti viditaj de \u0109iuj uzantoj kaj povas esti publike distribuitaj ekstere. Se Vi interagas kun aliaj uzantoj a\u016d registri\u011das per Tria Partia Socia Amaskomunikilara Servo, Viaj kontaktoj en la Tria Partia Socia Amaskomunikilara Servo povas vidi Vian nomon, profilon, bildojn kaj priskribon de Via agado. Simile, aliaj uzantoj povos vidi priskribojn de Via agado, komuniki kun Vi kaj vidi Vian profilon.<\/li>\n<li><strong>Kun Via konsento<\/strong>: Cajochy povas malka\u015di Viajn personajn informojn por iu ajn alia celo kun Via konsento.<\/li>\n<\/ul>\n<h3><strong>Reteno de Viaj Personaj Datumoj<\/strong><\/h3>\n<p>Cajochy konservos Viajn Personajn Datumojn nur tiom longe kiom necesas por la celoj fiksitaj en \u0109i tiu Privateca Politiko. Cajochy retenos kaj uzos Viajn Personajn Datumojn la\u016d la mezuro necesa por plenumi niajn la\u016dle\u011dajn devojn (ekzemple, se Cajochy estas postulata konservi viajn datumojn por plenumi aplikeblajn le\u011dojn), solvi disputojn kaj plenumi niajn la\u016dle\u011dajn interkonsentojn kaj politikojn.<\/p>\n<p>Cajochy anka\u016d konservos Uzajn Datumojn por internaj analizceloj. Uzado-Datumoj estas \u011denerale konservitaj por pli mallonga tempoda\u016dro, krom kiam \u0109i tiuj datumoj estas uzataj por plifortigi la sekurecon a\u016d plibonigi la funkciecon de Nia Servo, a\u016d Cajochy estas la\u016dle\u011de devigata konservi \u0109i tiujn datumojn por pli longaj periodoj.<\/p>\n<p><strong>Transdono de Viaj Personaj Datumoj<\/strong><\/p>\n<p>Viaj informoj, inkluzive de Personaj Datumoj, estas traktataj \u0109e la operaciaj oficejoj de Cajochy kaj en iuj aliaj lokoj, kie trovi\u011das la partioj implikitaj en la prilaborado. \u011ci signifas, ke \u0109i tiuj informoj povas esti transdonitaj al \u2014 kaj konservitaj sur \u2014 komputiloj situantaj ekster Via \u015dtato, provinco, lando a\u016d alia registara jurisdikcio, kie la le\u011doj pri datuma protekto povas diferenci de tiuj de Via jurisdikcio.<\/p>\n<p>Via konsento al \u0109i tiu Privateca Politiko sekvita de Via transdono de tiaj informoj reprezentas Vian konsenton al tiu translokigo.<\/p>\n<p>Cajochy faros \u0109iujn pa\u015dojn prudente necesajn por certigi, ke Viaj datumoj estas traktataj sekure kaj konforme al \u0109i tiu Privateca Politiko kaj neniu translokigo de Viaj Personaj Datumoj okazos al organizo a\u016d lando krom se ekzistas ta\u016dgaj kontroloj inkluzive de la sekureco de Via. datumoj kaj aliaj personaj informoj.<\/p>\n<h2><strong>Diskonigo de Viaj Personaj Datumoj<\/strong><\/h2>\n<h3><strong>Komercaj Transakcioj<\/strong><\/h3>\n<p>Se Cajochy estas implikita en fuzio, akiro a\u016d valora\u0135o-vendo, Viaj Personaj Datumoj povas esti transdonitaj. Ni donos avizon anta\u016d ol Viaj Personaj Datumoj estos transdonitaj kaj submeti\u011dos al malsama Privateca Politiko.<\/p>\n<h3><strong>Le\u011ddevigo<\/strong><\/h3>\n<p>Sub certaj cirkonstancoj, Cajochy povas esti postulata malka\u015di Viajn Personajn Datumojn se necese fari tion la\u016dle\u011de a\u016d responde al validaj petoj de publikaj a\u016dtoritatoj (ekz. tribunalo a\u016d registara agentejo).<\/p>\n<h3><strong>Aliaj le\u011daj postuloj<\/strong><\/h3>\n<p>Cajochy povas malka\u015di Viajn Personajn Datumojn la\u016d la bona kredo, ke tia ago estas necesa por:<\/p>\n<ul>\n<li>Observu le\u011dan devon<\/li>\n<li>Protektu kaj defendu la rajtojn a\u016d poseda\u0135on de la Kompanio<\/li>\n<li>Malhelpi a\u016d esplori eblajn misfarojn lige kun la Servo<\/li>\n<li>Protektu la personan sekurecon de Uzantoj de la Servo a\u016d publiko<\/li>\n<li>Protektu kontra\u016d jura respondeco<\/li>\n<\/ul>\n<h3><strong>Sekureco de Viaj Personaj Datumoj<\/strong><\/h3>\n<p>La sekureco de Viaj Personaj Datumoj estas grava por Ni, sed memoru, ke neniu metodo de transdono per Interreto a\u016d metodo de elektronika konservado estas 100% sekura. Dum Cajochy strebas uzi komerce akcepteblajn rimedojn por protekti Viajn Personajn Datumojn, Ni ne povas garantii \u011dian absolutan sekurecon.<\/p>\n<h3><strong>Ligiloj al Aliaj Retejoj<\/strong><\/h3>\n<p>Cajochy-Servo povas enhavi ligilojn al aliaj retejoj, kiuj ne estas funkciigitaj de Ni. Se Vi klakas sur triaparta ligilo, Vi estos direktita al la retejo de tiu tria partio. Cajochy forte konsilas al Vi revizii la Privatecan Politikon de \u0109iu retejo, kiun Vi vizitas.<\/p>\n<p>Cajochy havas neniun kontrolon kaj supozas neniun respondecon pri la enhavo, privatecaj politikoj a\u016d praktikoj de iu ajn triapartaj retejoj a\u016d servoj.<\/p>\n<h3><strong>\u015can\u011doj al \u0109i tiu Privateca Politiko<\/strong><\/h3>\n<p>Cajochy povas \u011disdatigi Nian Privatecan Politikon de tempo al tempo. Cajochy sciigos Vin pri ajnaj \u015dan\u011doj afi\u015dante la novan Privatecan Politikon sur \u0109i tiu pa\u011do.<\/p>\n<p>Cajochy sciigos Vin per retpo\u015dto kaj\/a\u016d elstara avizo pri Cajochy Servo, anta\u016d ol la \u015dan\u011do efektivi\u011dos kaj \u011disdatigos la &quot;Laste \u011cisdatigitan&quot; daton \u0109e la supro de \u0109i tiu Privateca Politiko.<\/p>\n<p>Vi konsilas revizii \u0109i tiun Privatecan Politikon periode por ajnaj \u015dan\u011doj. \u015can\u011doj al \u0109i tiu Privateca Politiko estas efikaj kiam ili estas afi\u015ditaj sur \u0109i tiu pa\u011do.<\/p>\n<h2><strong>Kontaktu Nin<\/strong><\/h2>\n<p>Se vi havas demandojn pri \u0109i tiu Privateca Politiko, Vi povas kontakti Cajochy:<\/p>\n<ul>\n<li>Retpo\u015dte: carol@cajochy.com<\/li>\n<li>Per vizito <a href=\"https:\/\/cajochy.com\/eo\/contact\/\">\u0109i tiu pa\u011do<\/a> sur la retejo<\/li>\n<\/ul>\n<p>\u00a0<\/p>","protected":false},"excerpt":{"rendered":"<p>Privacy Policy Last updated: April 07, 2021 This Privacy Policy describes Cajochy policies and procedures on the collection, use, and disclosure of Your information when You<span class=\"excerpt-hellip\"> [\u2026]<\/span><\/p>\n","protected":false},"author":2,"featured_media":0,"parent":0,"menu_order":0,"comment_status":"closed","ping_status":"closed","template":"","meta":{"nf_dc_page":"","_monsterinsights_skip_tracking":false,"_monsterinsights_sitenote_active":false,"_monsterinsights_sitenote_note":"","_monsterinsights_sitenote_category":0,"footnotes":""},"class_list":["post-1513","page","type-page","status-publish","hentry"],"yoast_head":"<!-- This site is optimized with the Yoast SEO plugin v27.4 - https:\/\/yoast.com\/product\/yoast-seo-wordpress\/ -->\n<title>Privacy Policy - Cajochy<\/title>\n<meta name=\"description\" content=\"Know how Cajochy collects and processes your personal data while browsing all Cajochy website pages in detail.\" \/>\n<meta name=\"robots\" content=\"index, follow, max-snippet:-1, max-image-preview:large, max-video-preview:-1\" \/>\n<link rel=\"canonical\" href=\"https:\/\/cajochy.com\/eo\/privacy-policy\/\" \/>\n<meta property=\"og:locale\" content=\"eo_EO\" \/>\n<meta property=\"og:type\" content=\"article\" \/>\n<meta property=\"og:title\" content=\"Privacy Policy - Cajochy\" \/>\n<meta property=\"og:description\" content=\"Know how Cajochy collects and processes your personal data while browsing all Cajochy website pages in detail.\" \/>\n<meta property=\"og:url\" content=\"https:\/\/cajochy.com\/eo\/privacy-policy\/\" \/>\n<meta property=\"og:site_name\" content=\"Cajochy\" \/>\n<meta property=\"article:modified_time\" content=\"2021-11-07T08:54:14+00:00\" \/>\n<meta name=\"twitter:card\" content=\"summary_large_image\" \/>\n<meta name=\"twitter:label1\" content=\"Est. reading time\" \/>\n\t<meta name=\"twitter:data1\" content=\"10 minutoj\" \/>\n<script type=\"application\/ld+json\" class=\"yoast-schema-graph\">{\"@context\":\"https:\\\/\\\/schema.org\",\"@graph\":[{\"@type\":\"WebPage\",\"@id\":\"https:\\\/\\\/cajochy.com\\\/privacy-policy\\\/\",\"url\":\"https:\\\/\\\/cajochy.com\\\/privacy-policy\\\/\",\"name\":\"Privacy Policy - Cajochy\",\"isPartOf\":{\"@id\":\"https:\\\/\\\/cajochy.com\\\/#website\"},\"datePublished\":\"2021-04-07T08:54:19+00:00\",\"dateModified\":\"2021-11-07T08:54:14+00:00\",\"description\":\"Know how Cajochy collects and processes your personal data while browsing all Cajochy website pages in detail.\",\"breadcrumb\":{\"@id\":\"https:\\\/\\\/cajochy.com\\\/privacy-policy\\\/#breadcrumb\"},\"inLanguage\":\"eo\",\"potentialAction\":[{\"@type\":\"ReadAction\",\"target\":[\"https:\\\/\\\/cajochy.com\\\/privacy-policy\\\/\"]}]},{\"@type\":\"BreadcrumbList\",\"@id\":\"https:\\\/\\\/cajochy.com\\\/privacy-policy\\\/#breadcrumb\",\"itemListElement\":[{\"@type\":\"ListItem\",\"position\":1,\"name\":\"Home\",\"item\":\"https:\\\/\\\/cajochy.com\\\/\"},{\"@type\":\"ListItem\",\"position\":2,\"name\":\"Privacy Policy\"}]},{\"@type\":\"WebSite\",\"@id\":\"https:\\\/\\\/cajochy.com\\\/#website\",\"url\":\"https:\\\/\\\/cajochy.com\\\/\",\"name\":\"Cajochy\",\"description\":\"Reduce Hair Loss and Regrow Hair with Chemical-Free Tricks\",\"publisher\":{\"@id\":\"https:\\\/\\\/cajochy.com\\\/#organization\"},\"potentialAction\":[{\"@type\":\"SearchAction\",\"target\":{\"@type\":\"EntryPoint\",\"urlTemplate\":\"https:\\\/\\\/cajochy.com\\\/?s={search_term_string}\"},\"query-input\":{\"@type\":\"PropertyValueSpecification\",\"valueRequired\":true,\"valueName\":\"search_term_string\"}}],\"inLanguage\":\"eo\"},{\"@type\":\"Organization\",\"@id\":\"https:\\\/\\\/cajochy.com\\\/#organization\",\"name\":\"Cajochy\",\"url\":\"https:\\\/\\\/cajochy.com\\\/\",\"logo\":{\"@type\":\"ImageObject\",\"inLanguage\":\"eo\",\"@id\":\"https:\\\/\\\/cajochy.com\\\/#\\\/schema\\\/logo\\\/image\\\/\",\"url\":\"https:\\\/\\\/cajochy.com\\\/wp-content\\\/uploads\\\/2020\\\/09\\\/cropped-cajochy-image-logo-icon.jpg\",\"contentUrl\":\"https:\\\/\\\/cajochy.com\\\/wp-content\\\/uploads\\\/2020\\\/09\\\/cropped-cajochy-image-logo-icon.jpg\",\"width\":512,\"height\":512,\"caption\":\"Cajochy\"},\"image\":{\"@id\":\"https:\\\/\\\/cajochy.com\\\/#\\\/schema\\\/logo\\\/image\\\/\"}}]}<\/script>\n<!-- \/ Yoast SEO plugin. -->","yoast_head_json":{"title":"Privateca Politiko - Cajochy","description":"Sciu kiel Cajochy kolektas kaj prilaboras viajn personajn datumojn dum detale foliumas \u0109iujn retpa\u011dojn de Cajochy.","robots":{"index":"index","follow":"follow","max-snippet":"max-snippet:-1","max-image-preview":"max-image-preview:large","max-video-preview":"max-video-preview:-1"},"canonical":"https:\/\/cajochy.com\/eo\/privacy-policy\/","og_locale":"eo_EO","og_type":"article","og_title":"Privacy Policy - Cajochy","og_description":"Know how Cajochy collects and processes your personal data while browsing all Cajochy website pages in detail.","og_url":"https:\/\/cajochy.com\/eo\/privacy-policy\/","og_site_name":"Cajochy","article_modified_time":"2021-11-07T08:54:14+00:00","twitter_card":"summary_large_image","twitter_misc":{"Est. reading time":"10 minutoj"},"schema":{"@context":"https:\/\/schema.org","@graph":[{"@type":"WebPage","@id":"https:\/\/cajochy.com\/privacy-policy\/","url":"https:\/\/cajochy.com\/privacy-policy\/","name":"Privateca Politiko - Cajochy","isPartOf":{"@id":"https:\/\/cajochy.com\/#website"},"datePublished":"2021-04-07T08:54:19+00:00","dateModified":"2021-11-07T08:54:14+00:00","description":"Sciu kiel Cajochy kolektas kaj prilaboras viajn personajn datumojn dum detale foliumas \u0109iujn retpa\u011dojn de Cajochy.","breadcrumb":{"@id":"https:\/\/cajochy.com\/privacy-policy\/#breadcrumb"},"inLanguage":"eo","potentialAction":[{"@type":"ReadAction","target":["https:\/\/cajochy.com\/privacy-policy\/"]}]},{"@type":"BreadcrumbList","@id":"https:\/\/cajochy.com\/privacy-policy\/#breadcrumb","itemListElement":[{"@type":"ListItem","position":1,"name":"Home","item":"https:\/\/cajochy.com\/"},{"@type":"ListItem","position":2,"name":"Privacy Policy"}]},{"@type":"WebSite","@id":"https:\/\/cajochy.com\/#website","url":"https:\/\/cajochy.com\/","name":"Cajochy","description":"Reduktu harperdon kaj rekresku harojn per senkemiaj lerta\u0135oj","publisher":{"@id":"https:\/\/cajochy.com\/#organization"},"potentialAction":[{"@type":"SearchAction","target":{"@type":"EntryPoint","urlTemplate":"https:\/\/cajochy.com\/?s={search_term_string}"},"query-input":{"@type":"PropertyValueSpecification","valueRequired":true,"valueName":"search_term_string"}}],"inLanguage":"eo"},{"@type":"Organization","@id":"https:\/\/cajochy.com\/#organization","name":"Cajochy","url":"https:\/\/cajochy.com\/","logo":{"@type":"ImageObject","inLanguage":"eo","@id":"https:\/\/cajochy.com\/#\/schema\/logo\/image\/","url":"https:\/\/cajochy.com\/wp-content\/uploads\/2020\/09\/cropped-cajochy-image-logo-icon.jpg","contentUrl":"https:\/\/cajochy.com\/wp-content\/uploads\/2020\/09\/cropped-cajochy-image-logo-icon.jpg","width":512,"height":512,"caption":"Cajochy"},"image":{"@id":"https:\/\/cajochy.com\/#\/schema\/logo\/image\/"}}]}},"jetpack_sharing_enabled":true,"_links":{"self":[{"href":"https:\/\/cajochy.com\/eo\/wp-json\/wp\/v2\/pages\/1513","targetHints":{"allow":["GET"]}}],"collection":[{"href":"https:\/\/cajochy.com\/eo\/wp-json\/wp\/v2\/pages"}],"about":[{"href":"https:\/\/cajochy.com\/eo\/wp-json\/wp\/v2\/types\/page"}],"author":[{"embeddable":true,"href":"https:\/\/cajochy.com\/eo\/wp-json\/wp\/v2\/users\/2"}],"replies":[{"embeddable":true,"href":"https:\/\/cajochy.com\/eo\/wp-json\/wp\/v2\/comments?post=1513"}],"version-history":[{"count":0,"href":"https:\/\/cajochy.com\/eo\/wp-json\/wp\/v2\/pages\/1513\/revisions"}],"wp:attachment":[{"href":"https:\/\/cajochy.com\/eo\/wp-json\/wp\/v2\/media?parent=1513"}],"curies":[{"name":"wp","href":"https:\/\/api.w.org\/{rel}","templated":true}]}}