{"id":1513,"date":"2021-04-07T08:54:19","date_gmt":"2021-04-07T08:54:19","guid":{"rendered":"https:\/\/cajochy.com\/?page_id=1513"},"modified":"2021-11-07T08:54:14","modified_gmt":"2021-11-07T08:54:14","slug":"privacy-policy","status":"publish","type":"page","link":"https:\/\/cajochy.com\/da\/privacy-policy\/","title":{"rendered":"Fortrolighedspolitik"},"content":{"rendered":"<h1>Fortrolighedspolitik<\/h1>\n<p>Sidst opdateret: 7. april 2021<\/p>\n<p>Denne privatlivspolitik beskriver Cajochys politikker og procedurer for indsamling, brug og videregivelse af dine oplysninger, n\u00e5r du bruger tjenesten, og fort\u00e6ller dig om dine rettigheder til privatlivets fred, og hvordan loven beskytter dig.<\/p>\n<p>Cajochy bruger dine personlige data til at levere og forbedre tjenesten. Ved at bruge tjenesten accepterer du indsamling og brug af oplysninger i overensstemmelse med denne fortrolighedspolitik.\u00a0<\/p>\n<h2><strong>Fortolkning og definitioner<\/strong><\/h2>\n<h3><strong>Fortolkning<\/strong><\/h3>\n<p>De ord, hvoraf det f\u00f8rste bogstav er stort, har betydninger defineret under f\u00f8lgende betingelser. De f\u00f8lgende definitioner skal have samme betydning, uanset om de optr\u00e6der i ental eller flertal.<\/p>\n<h3><strong>Definitioner<\/strong><\/h3>\n<p>Med henblik p\u00e5 denne privatlivspolitik:<\/p>\n<ul>\n<li><strong>Konto<\/strong> betyder en unik konto oprettet til dig for at f\u00e5 adgang til vores tjeneste eller dele af Cajochy-tjenesten.<\/li>\n<li><strong>Cookies<\/strong> er sm\u00e5 filer, der placeres p\u00e5 din computer, mobilenhed eller enhver anden enhed af et websted, og som indeholder detaljerne om din browserhistorik p\u00e5 det p\u00e5g\u00e6ldende websted blandt dets mange anvendelser.<\/li>\n<li><strong>Enhed<\/strong> betyder enhver enhed, der kan f\u00e5 adgang til Tjenesten, s\u00e5som en computer, en mobiltelefon eller en digital tablet.<\/li>\n<li><strong>Personlig data<\/strong> er enhver information, der vedr\u00f8rer en identificeret eller identificerbar person.<\/li>\n<li><strong>Service<\/strong> henviser til hjemmesiden.<\/li>\n<li><strong>Service udbyder<\/strong> betyder enhver fysisk eller juridisk person, der behandler dataene p\u00e5 vegne af virksomheden. Det refererer til tredjepartsvirksomheder eller enkeltpersoner, der er ansat af virksomheden til at facilitere tjenesten, levere tjenesten p\u00e5 vegne af virksomheden, udf\u00f8re tjenester relateret til tjenesten eller bist\u00e5 virksomheden med at analysere, hvordan tjenesten bruges.<\/li>\n<li><strong>Tredjeparts sociale medietjeneste<\/strong> henviser til ethvert websted eller ethvert socialt netv\u00e6rkswebsted, hvorigennem en bruger kan logge ind eller oprette en konto for at bruge Tjenesten.<\/li>\n<li><strong>Brugsdata<\/strong> henviser til data indsamlet automatisk, enten genereret af brugen af tjenesten eller fra selve tjenestens infrastruktur (f.eks. varigheden af et sidebes\u00f8g).<\/li>\n<li><strong>Internet side<\/strong> henviser til Cajochy, tilg\u00e6ngelig fra <a href=\"https:\/\/cajochy.com\/da\/\">https:\/\/cajochy.com\/<\/a><\/li>\n<li><strong>Du<\/strong> betyde den person, der f\u00e5r adgang til eller bruger Tjenesten, eller den virksomhed eller anden juridisk enhed, p\u00e5 vegne af hvilken en s\u00e5dan person tilg\u00e5r eller bruger Tjenesten, alt efter hvad der er relevant.<\/li>\n<\/ul>\n<h2><strong>Indsamling og brug af dine personlige data<\/strong><\/h2>\n<h3><strong>Typer af indsamlet data<\/strong><\/h3>\n<p><strong>Personlig data<\/strong><\/p>\n<p>Mens du bruger tjenesten, kan Cajochy bede dig om at give os visse personligt identificerbare oplysninger, som kan bruges til at kontakte eller identificere dig. Personligt identificerbare oplysninger kan omfatte, men er ikke begr\u00e6nset til:<\/p>\n<ul>\n<li>Email adresse<\/li>\n<li>Fornavn og efternavn<\/li>\n<li>Brugsdata<\/li>\n<\/ul>\n<p><strong>Brugsdata<\/strong><\/p>\n<p>Brugsdata indsamles automatisk, n\u00e5r tjenesten bruges.<\/p>\n<p>Brugsdata kan omfatte oplysninger s\u00e5som din enheds internetprotokoladresse (f.eks. IP-adresse), browsertype, browserversion, siderne i vores tjeneste, du bes\u00f8ger, tidspunktet og datoen for dit bes\u00f8g, tiden brugt p\u00e5 disse sider, unik enhed identifikatorer og andre diagnostiske data.<\/p>\n<p>N\u00e5r du f\u00e5r adgang til tjenesten via eller via en mobilenhed, kan Cajochy indsamle visse oplysninger automatisk, herunder, men ikke begr\u00e6nset til, typen af mobilenhed, du bruger, din mobile enheds unikke id, IP-adressen p\u00e5 din mobilenhed, din mobil operativsystem, typen af mobil internetbrowser, du bruger, unikke enhedsidentifikatorer og andre diagnostiske data.<\/p>\n<p>Cajochy kan ogs\u00e5 indsamle oplysninger, som din browser sender, n\u00e5r du bes\u00f8ger vores tjeneste, eller n\u00e5r du f\u00e5r adgang til tjenesten via eller via en mobilenhed.<\/p>\n<p><strong>Sporingsteknologier og cookies<\/strong><\/p>\n<p>Cajochy bruger cookies og lignende sporingsteknologier til at spore aktiviteten p\u00e5 Cajochy Service og gemme visse oplysninger. De anvendte sporingsteknologier er beacons, tags og scripts til at indsamle og spore information og til at forbedre og analysere Cajochy Service. De teknologier, som Cajochy bruger, kan omfatte:<\/p>\n<ul>\n<li><strong>Cookies eller browsercookies.<\/strong> En cookie er en lille fil placeret p\u00e5 din enhed. Du kan instruere din browser til at afvise alle cookies eller angive, hvorn\u00e5r en cookie sendes. Men hvis du ikke accepterer cookies, kan du muligvis ikke bruge nogle dele af Cajochy-tjenesten. Medmindre du har justeret din browserindstilling, s\u00e5 den afviser cookies, kan vores tjeneste bruge cookies.<\/li>\n<li><strong>Flash-cookies.<\/strong> Visse funktioner i Cajochy Service kan bruge lokale lagrede objekter (eller Flash-cookies) til at indsamle og gemme oplysninger om dine pr\u00e6ferencer eller din aktivitet p\u00e5 vores service. Flash-cookies administreres ikke af de samme browserindstillinger som dem, der bruges til browsercookies.\u00a0<\/li>\n<li><strong>Web Beacons.<\/strong> Visse sektioner af vores Tjeneste og vores e-mails kan indeholde sm\u00e5 elektroniske filer kendt som web beacons (ogs\u00e5 kaldet klare gifs, pixel tags og single-pixel gifs), der tillader Cajochy, for eksempel at t\u00e6lle brugere, der har bes\u00f8gt disse sider eller \u00e5bnet en e-mail og for andre relaterede webstedsstatistikker (for eksempel registrering af populariteten af en bestemt sektion og verifikation af system- og serverintegritet).<\/li>\n<\/ul>\n<p>Cookies kan v\u00e6re &quot;vedvarende&quot; eller &quot;sessions&quot;-cookies. Vedvarende cookies forbliver p\u00e5 din personlige computer eller mobilenhed, n\u00e5r du g\u00e5r offline, mens sessionscookies slettes, s\u00e5 snart du lukker din webbrowser.\u00a0<\/p>\n<p>Cajochy bruger b\u00e5de sessions- og persistente cookies til de form\u00e5l, der er angivet nedenfor:<\/p>\n<ul>\n<li><strong>N\u00f8dvendige \/ essentielle cookies<\/strong><\/li>\n<\/ul>\n<p>Type: Sessionscookies<\/p>\n<p>Administreret af: Cajochy<\/p>\n<p>Form\u00e5l: Disse cookies er vigtige for at give dig tjenester, der er tilg\u00e6ngelige via webstedet, og for at g\u00f8re det muligt for dig at bruge nogle af dets funktioner. De hj\u00e6lper med at autentificere brugere og forhindre svigagtig brug af brugerkonti. Uden disse cookies kan de tjenester, du har bedt om, ikke leveres, og Cajochy bruger kun disse cookies til at give dig disse tjenester.<\/p>\n<ul>\n<li><strong>Cookiespolitik \/ meddelelsesaccept Cookies<\/strong><\/li>\n<\/ul>\n<p>Type: Vedvarende cookies<\/p>\n<p>Administreret af: Cajochy<\/p>\n<p>Form\u00e5l: Disse cookies identificerer, om brugerne har accepteret brugen af cookies p\u00e5 hjemmesiden.<\/p>\n<ul>\n<li><strong>Funktionscookies<\/strong><\/li>\n<\/ul>\n<p>Type: Vedvarende cookies<\/p>\n<p>Administreret af: Cajochy<\/p>\n<p>Form\u00e5l: Disse cookies g\u00f8r det muligt for Cajochy at huske valg, du foretager, n\u00e5r du bruger webstedet, s\u00e5som at huske dine loginoplysninger eller sprogpr\u00e6ferencer. Form\u00e5let med disse cookies er at give dig en mere personlig oplevelse og undg\u00e5, at du skal indtaste dine pr\u00e6ferencer igen, hver gang du bruger hjemmesiden.<\/p>\n<p>For mere information om de cookies, vi bruger, og dine valg vedr\u00f8rende cookies, bes\u00f8g venligst Cajochy Cookies Politik eller Cookies sektionen i Cajochy Privacy Policy.<\/p>\n<h3><strong>Brug af dine personlige data<\/strong><\/h3>\n<p>Virksomheden kan bruge personlige data til f\u00f8lgende form\u00e5l:<\/p>\n<ul>\n<li><strong>At levere og vedligeholde vores service<\/strong>, herunder overv\u00e5gning af brugen af Cajochy Service.<\/li>\n<li><strong>S\u00e5dan administrerer du din konto:<\/strong> at administrere din registrering som bruger af tjenesten. De personlige data, du afgiver, kan give dig adgang til forskellige funktioner i tjenesten, som er tilg\u00e6ngelige for dig som registreret bruger.<\/li>\n<li><strong>For opfyldelse af en kontrakt:<\/strong> udvikling, overholdelse og gennemf\u00f8relse af k\u00f8bskontrakten for de produkter, varer eller tjenester, du har k\u00f8bt, eller af enhver anden kontrakt med os gennem tjenesten.<\/li>\n<li><strong>For at kontakte dig:<\/strong> For at kontakte dig via e-mail, telefonopkald, SMS eller andre tilsvarende former for elektronisk kommunikation, s\u00e5som en mobilapplikations push-meddelelser vedr\u00f8rende opdateringer eller informativ kommunikation relateret til funktionerne, produkterne eller de aftalte tjenester, herunder sikkerhedsopdateringerne, n\u00e5r det er n\u00f8dvendigt eller rimelige for deres gennemf\u00f8relse.<\/li>\n<li><strong>For at give dig<\/strong> med nyheder, s\u00e6rlige tilbud og generel information om andre varer, tjenester og begivenheder, som vi tilbyder, som ligner dem, du allerede har k\u00f8bt eller spurgt om, medmindre du har valgt ikke at modtage s\u00e5danne oplysninger.<\/li>\n<li><strong>S\u00e5dan administrerer du dine anmodninger:<\/strong> For at deltage og administrere dine anmodninger til Cajochy.<\/li>\n<li><strong>For virksomhedsoverdragelser:<\/strong> Cajochy kan bruge dine oplysninger til at evaluere eller gennemf\u00f8re en fusion, frasalg, omstrukturering, reorganisering, opl\u00f8sning eller andet salg eller overf\u00f8rsel af nogle eller alle vores aktiver, hvad enten det er som en going concern eller som en del af konkurs, likvidation eller lignende procedure, hvor personlige data, som os opbevarer om vores tjenestebrugere, er blandt de overf\u00f8rte aktiver.<\/li>\n<li><strong>Til andre form\u00e5l<\/strong>: Cajochy kan bruge dine oplysninger til andre form\u00e5l, s\u00e5som dataanalyse, identifikation af brugstendenser, bestemmelse af effektiviteten af Cajochy-kampagner og til at evaluere og forbedre vores service, produkter, tjenester, markedsf\u00f8ring og din oplevelse.<\/li>\n<\/ul>\n<p>Cajochy kan dele dine personlige oplysninger i f\u00f8lgende situationer:<\/p>\n<ul>\n<li><strong>Med tjenesteudbydere:<\/strong> Cajochy kan dele dine personlige oplysninger med tjenesteudbydere for at overv\u00e5ge og analysere brugen af vores tjeneste, for at kontakte dig.<\/li>\n<li><strong>For virksomhedsoverdragelser:<\/strong> Cajochy kan dele eller overf\u00f8re dine personlige oplysninger i forbindelse med eller under forhandlinger om enhver fusion, salg af virksomhedens aktiver, finansiering eller overtagelse af hele eller en del af Cajochy-virksomheden til en anden virksomhed.<\/li>\n<li><strong>Med tilknyttede selskaber:<\/strong> Cajochy kan dele dine oplysninger med vores tilknyttede selskaber, i hvilket tilf\u00e6lde Cajochy vil kr\u00e6ve, at disse associerede selskaber overholder denne fortrolighedspolitik. Cajochy er deltager i Amazon Services LLC Associates Program, et affilieret reklameprogram designet til at give websteder mulighed for at tjene reklamegebyrer ved at annoncere og linke til Amazon.com.<\/li>\n<li><strong>Med forretningspartnere:<\/strong> Cajochy kan dele dine oplysninger med Cajochy forretningspartnere for at tilbyde dig visse produkter, tjenester eller kampagner.<\/li>\n<li><strong>Med andre brugere:<\/strong> n\u00e5r du deler personlige oplysninger eller p\u00e5 anden m\u00e5de interagerer i de offentlige omr\u00e5der med andre brugere, kan s\u00e5danne oplysninger ses af alle brugere og kan distribueres offentligt udenfor. Hvis du interagerer med andre brugere eller registrerer dig gennem en tredjeparts sociale medietjeneste, kan dine kontakter p\u00e5 tredjeparts sociale medietjeneste se dit navn, profil, billeder og beskrivelse af din aktivitet. P\u00e5 samme m\u00e5de vil andre brugere kunne se beskrivelser af din aktivitet, kommunikere med dig og se din profil.<\/li>\n<li><strong>Med dit samtykke<\/strong>: Cajochy kan videregive dine personlige oplysninger til ethvert andet form\u00e5l med dit samtykke.<\/li>\n<\/ul>\n<h3><strong>Opbevaring af dine personlige data<\/strong><\/h3>\n<p>Cajochy opbevarer kun dine personlige data s\u00e5 l\u00e6nge det er n\u00f8dvendigt for de form\u00e5l, der er angivet i denne privatlivspolitik. Cajochy vil beholde og bruge dine personlige data i det omfang, det er n\u00f8dvendigt for at overholde vores juridiske forpligtelser (for eksempel hvis Cajochy er forpligtet til at opbevare dine data for at overholde g\u00e6ldende love), l\u00f8se tvister og h\u00e5ndh\u00e6ve vores juridiske aftaler og politikker.<\/p>\n<p>Cajochy vil ogs\u00e5 opbevare brugsdata til interne analyseform\u00e5l. Brugsdata opbevares generelt i en kortere periode, undtagen n\u00e5r disse data bruges til at styrke sikkerheden eller til at forbedre funktionaliteten af vores tjeneste, eller Cajochy er juridisk forpligtet til at opbevare disse data i l\u00e6ngere perioder.<\/p>\n<p><strong>Overf\u00f8rsel af dine personlige data<\/strong><\/p>\n<p>Dine oplysninger, herunder personoplysninger, behandles p\u00e5 Cajochys driftskontorer og andre steder, hvor de parter, der er involveret i behandlingen, befinder sig. Det betyder, at disse oplysninger kan overf\u00f8res til - og vedligeholdes p\u00e5 - computere, der er placeret uden for din stat, provins, land eller anden statslig jurisdiktion, hvor databeskyttelseslovene kan afvige fra dem fra din jurisdiktion.<\/p>\n<p>Dit samtykke til denne fortrolighedspolitik efterfulgt af din indsendelse af s\u00e5danne oplysninger repr\u00e6senterer din accept af denne overf\u00f8rsel.<\/p>\n<p>Cajochy vil tage alle n\u00f8dvendige skridt for at sikre, at dine data behandles sikkert og i overensstemmelse med denne privatlivspolitik, og ingen overf\u00f8rsel af dine personlige data vil finde sted til en organisation eller et land, medmindre der er tilstr\u00e6kkelig kontrol p\u00e5 plads, herunder sikkerheden for din data og andre personlige oplysninger.<\/p>\n<h2><strong>Videregivelse af dine personlige data<\/strong><\/h2>\n<h3><strong>Forretningstransaktioner<\/strong><\/h3>\n<p>Hvis Cajochy er involveret i en fusion, opk\u00f8b eller salg af aktiver, kan dine personlige data blive overf\u00f8rt. Vi giver besked, f\u00f8r dine personlige data overf\u00f8res og bliver underlagt en anden privatlivspolitik.<\/p>\n<h3><strong>Retsh\u00e5ndh\u00e6velse<\/strong><\/h3>\n<p>Under visse omst\u00e6ndigheder kan Cajochy v\u00e6re forpligtet til at afsl\u00f8re dine personlige data, hvis det er p\u00e5kr\u00e6vet ved lov eller som svar p\u00e5 gyldige anmodninger fra offentlige myndigheder (f.eks. en domstol eller et statsligt organ).<\/p>\n<h3><strong>Andre lovkrav<\/strong><\/h3>\n<p>Cajochy kan videregive dine personlige data i god tro, at en s\u00e5dan handling er n\u00f8dvendig for at:<\/p>\n<ul>\n<li>Overhold en juridisk forpligtelse<\/li>\n<li>Beskyt og forsvar virksomhedens rettigheder eller ejendom<\/li>\n<li>Forebyg eller unders\u00f8g mulige forseelser i forbindelse med Tjenesten<\/li>\n<li>Beskyt den personlige sikkerhed for brugere af tjenesten eller offentligheden<\/li>\n<li>Beskyt mod juridisk ansvar<\/li>\n<\/ul>\n<h3><strong>Sikkerhed for dine personlige data<\/strong><\/h3>\n<p>Sikkerheden af dine personlige data er vigtig for os, men husk, at ingen metode til transmission over internettet eller metode til elektronisk lagring er 100% sikker. Selvom Cajochy str\u00e6ber efter at bruge kommercielt acceptable midler til at beskytte dine personlige data, kan vi ikke garantere deres absolutte sikkerhed.<\/p>\n<h3><strong>Links til andre websteder<\/strong><\/h3>\n<p>Cajochy Service kan indeholde links til andre websteder, der ikke drives af os. Hvis du klikker p\u00e5 et tredjepartslink, vil du blive dirigeret til denne tredjeparts websted. Cajochy r\u00e5der dig kraftigt til at gennemg\u00e5 fortrolighedspolitikken for hvert websted, du bes\u00f8ger.<\/p>\n<p>Cajochy har ingen kontrol over og p\u00e5tager sig intet ansvar for indholdet, privatlivspolitikkerne eller praksis p\u00e5 nogen tredjeparts websteder eller tjenester.<\/p>\n<h3><strong>\u00c6ndringer i denne privatlivspolitik<\/strong><\/h3>\n<p>Cajochy kan opdatere vores privatlivspolitik fra tid til anden. Cajochy vil underrette dig om eventuelle \u00e6ndringer ved at offentligg\u00f8re den nye privatlivspolitik p\u00e5 denne side.<\/p>\n<p>Cajochy vil give dig besked via e-mail og\/eller en fremtr\u00e6dende meddelelse om Cajochy Service, f\u00f8r \u00e6ndringen tr\u00e6der i kraft, og opdatere &quot;Sidst opdateret&quot;-datoen \u00f8verst i denne fortrolighedspolitik.<\/p>\n<p>Du r\u00e5des til at gennemg\u00e5 denne fortrolighedspolitik med j\u00e6vne mellemrum for eventuelle \u00e6ndringer. \u00c6ndringer til denne privatlivspolitik tr\u00e6der i kraft, n\u00e5r de offentligg\u00f8res p\u00e5 denne side.<\/p>\n<h2><strong>Kontakt os<\/strong><\/h2>\n<p>Hvis du har sp\u00f8rgsm\u00e5l om denne privatlivspolitik, kan du kontakte Cajochy:<\/p>\n<ul>\n<li>P\u00e5 e-mail: carol@cajochy.com<\/li>\n<li>Ved at bes\u00f8ge <a href=\"https:\/\/cajochy.com\/da\/contact\/\">denne side<\/a> p\u00e5 hjemmesiden<\/li>\n<\/ul>\n<p>\u00a0<\/p>","protected":false},"excerpt":{"rendered":"<p>Privacy Policy Last updated: April 07, 2021 This Privacy Policy describes Cajochy policies and procedures on the collection, use, and disclosure of Your information when You<span class=\"excerpt-hellip\"> [\u2026]<\/span><\/p>\n","protected":false},"author":2,"featured_media":0,"parent":0,"menu_order":0,"comment_status":"closed","ping_status":"closed","template":"","meta":{"nf_dc_page":"","_monsterinsights_skip_tracking":false,"_monsterinsights_sitenote_active":false,"_monsterinsights_sitenote_note":"","_monsterinsights_sitenote_category":0,"footnotes":""},"class_list":["post-1513","page","type-page","status-publish","hentry"],"yoast_head":"<!-- This site is optimized with the Yoast SEO plugin v27.4 - https:\/\/yoast.com\/product\/yoast-seo-wordpress\/ -->\n<title>Privacy Policy - Cajochy<\/title>\n<meta name=\"description\" content=\"Know how Cajochy collects and processes your personal data while browsing all Cajochy website pages in detail.\" \/>\n<meta name=\"robots\" content=\"index, follow, max-snippet:-1, max-image-preview:large, max-video-preview:-1\" \/>\n<link rel=\"canonical\" href=\"https:\/\/cajochy.com\/da\/privacy-policy\/\" \/>\n<meta property=\"og:locale\" content=\"da_DK\" \/>\n<meta property=\"og:type\" content=\"article\" \/>\n<meta property=\"og:title\" content=\"Privacy Policy - Cajochy\" \/>\n<meta property=\"og:description\" content=\"Know how Cajochy collects and processes your personal data while browsing all Cajochy website pages in detail.\" \/>\n<meta property=\"og:url\" content=\"https:\/\/cajochy.com\/da\/privacy-policy\/\" \/>\n<meta property=\"og:site_name\" content=\"Cajochy\" \/>\n<meta property=\"article:modified_time\" content=\"2021-11-07T08:54:14+00:00\" \/>\n<meta name=\"twitter:card\" content=\"summary_large_image\" \/>\n<meta name=\"twitter:label1\" content=\"Estimeret l\u00e6setid\" \/>\n\t<meta name=\"twitter:data1\" content=\"10 minutter\" \/>\n<script type=\"application\/ld+json\" class=\"yoast-schema-graph\">{\"@context\":\"https:\\\/\\\/schema.org\",\"@graph\":[{\"@type\":\"WebPage\",\"@id\":\"https:\\\/\\\/cajochy.com\\\/privacy-policy\\\/\",\"url\":\"https:\\\/\\\/cajochy.com\\\/privacy-policy\\\/\",\"name\":\"Privacy Policy - Cajochy\",\"isPartOf\":{\"@id\":\"https:\\\/\\\/cajochy.com\\\/#website\"},\"datePublished\":\"2021-04-07T08:54:19+00:00\",\"dateModified\":\"2021-11-07T08:54:14+00:00\",\"description\":\"Know how Cajochy collects and processes your personal data while browsing all Cajochy website pages in detail.\",\"breadcrumb\":{\"@id\":\"https:\\\/\\\/cajochy.com\\\/privacy-policy\\\/#breadcrumb\"},\"inLanguage\":\"da-DK\",\"potentialAction\":[{\"@type\":\"ReadAction\",\"target\":[\"https:\\\/\\\/cajochy.com\\\/privacy-policy\\\/\"]}]},{\"@type\":\"BreadcrumbList\",\"@id\":\"https:\\\/\\\/cajochy.com\\\/privacy-policy\\\/#breadcrumb\",\"itemListElement\":[{\"@type\":\"ListItem\",\"position\":1,\"name\":\"Home\",\"item\":\"https:\\\/\\\/cajochy.com\\\/\"},{\"@type\":\"ListItem\",\"position\":2,\"name\":\"Privacy Policy\"}]},{\"@type\":\"WebSite\",\"@id\":\"https:\\\/\\\/cajochy.com\\\/#website\",\"url\":\"https:\\\/\\\/cajochy.com\\\/\",\"name\":\"Cajochy\",\"description\":\"Reduce Hair Loss and Regrow Hair with Chemical-Free Tricks\",\"publisher\":{\"@id\":\"https:\\\/\\\/cajochy.com\\\/#organization\"},\"potentialAction\":[{\"@type\":\"SearchAction\",\"target\":{\"@type\":\"EntryPoint\",\"urlTemplate\":\"https:\\\/\\\/cajochy.com\\\/?s={search_term_string}\"},\"query-input\":{\"@type\":\"PropertyValueSpecification\",\"valueRequired\":true,\"valueName\":\"search_term_string\"}}],\"inLanguage\":\"da-DK\"},{\"@type\":\"Organization\",\"@id\":\"https:\\\/\\\/cajochy.com\\\/#organization\",\"name\":\"Cajochy\",\"url\":\"https:\\\/\\\/cajochy.com\\\/\",\"logo\":{\"@type\":\"ImageObject\",\"inLanguage\":\"da-DK\",\"@id\":\"https:\\\/\\\/cajochy.com\\\/#\\\/schema\\\/logo\\\/image\\\/\",\"url\":\"https:\\\/\\\/cajochy.com\\\/wp-content\\\/uploads\\\/2020\\\/09\\\/cropped-cajochy-image-logo-icon.jpg\",\"contentUrl\":\"https:\\\/\\\/cajochy.com\\\/wp-content\\\/uploads\\\/2020\\\/09\\\/cropped-cajochy-image-logo-icon.jpg\",\"width\":512,\"height\":512,\"caption\":\"Cajochy\"},\"image\":{\"@id\":\"https:\\\/\\\/cajochy.com\\\/#\\\/schema\\\/logo\\\/image\\\/\"}}]}<\/script>\n<!-- \/ Yoast SEO plugin. -->","yoast_head_json":{"title":"Privatlivspolitik - Cajochy","description":"Ved, hvordan Cajochy indsamler og behandler dine personlige data, mens du gennemser alle Cajochy-websteder i detaljer.","robots":{"index":"index","follow":"follow","max-snippet":"max-snippet:-1","max-image-preview":"max-image-preview:large","max-video-preview":"max-video-preview:-1"},"canonical":"https:\/\/cajochy.com\/da\/privacy-policy\/","og_locale":"da_DK","og_type":"article","og_title":"Privacy Policy - Cajochy","og_description":"Know how Cajochy collects and processes your personal data while browsing all Cajochy website pages in detail.","og_url":"https:\/\/cajochy.com\/da\/privacy-policy\/","og_site_name":"Cajochy","article_modified_time":"2021-11-07T08:54:14+00:00","twitter_card":"summary_large_image","twitter_misc":{"Estimeret l\u00e6setid":"10 minutter"},"schema":{"@context":"https:\/\/schema.org","@graph":[{"@type":"WebPage","@id":"https:\/\/cajochy.com\/privacy-policy\/","url":"https:\/\/cajochy.com\/privacy-policy\/","name":"Privatlivspolitik - Cajochy","isPartOf":{"@id":"https:\/\/cajochy.com\/#website"},"datePublished":"2021-04-07T08:54:19+00:00","dateModified":"2021-11-07T08:54:14+00:00","description":"Ved, hvordan Cajochy indsamler og behandler dine personlige data, mens du gennemser alle Cajochy-websteder i detaljer.","breadcrumb":{"@id":"https:\/\/cajochy.com\/privacy-policy\/#breadcrumb"},"inLanguage":"da-DK","potentialAction":[{"@type":"ReadAction","target":["https:\/\/cajochy.com\/privacy-policy\/"]}]},{"@type":"BreadcrumbList","@id":"https:\/\/cajochy.com\/privacy-policy\/#breadcrumb","itemListElement":[{"@type":"ListItem","position":1,"name":"Home","item":"https:\/\/cajochy.com\/"},{"@type":"ListItem","position":2,"name":"Privacy Policy"}]},{"@type":"WebSite","@id":"https:\/\/cajochy.com\/#website","url":"https:\/\/cajochy.com\/","name":"Cajochy","description":"Reducer h\u00e5rtab og genskab h\u00e5r med kemikaliefrie tricks","publisher":{"@id":"https:\/\/cajochy.com\/#organization"},"potentialAction":[{"@type":"SearchAction","target":{"@type":"EntryPoint","urlTemplate":"https:\/\/cajochy.com\/?s={search_term_string}"},"query-input":{"@type":"PropertyValueSpecification","valueRequired":true,"valueName":"search_term_string"}}],"inLanguage":"da-DK"},{"@type":"Organization","@id":"https:\/\/cajochy.com\/#organization","name":"Cajochy","url":"https:\/\/cajochy.com\/","logo":{"@type":"ImageObject","inLanguage":"da-DK","@id":"https:\/\/cajochy.com\/#\/schema\/logo\/image\/","url":"https:\/\/cajochy.com\/wp-content\/uploads\/2020\/09\/cropped-cajochy-image-logo-icon.jpg","contentUrl":"https:\/\/cajochy.com\/wp-content\/uploads\/2020\/09\/cropped-cajochy-image-logo-icon.jpg","width":512,"height":512,"caption":"Cajochy"},"image":{"@id":"https:\/\/cajochy.com\/#\/schema\/logo\/image\/"}}]}},"jetpack_sharing_enabled":true,"_links":{"self":[{"href":"https:\/\/cajochy.com\/da\/wp-json\/wp\/v2\/pages\/1513","targetHints":{"allow":["GET"]}}],"collection":[{"href":"https:\/\/cajochy.com\/da\/wp-json\/wp\/v2\/pages"}],"about":[{"href":"https:\/\/cajochy.com\/da\/wp-json\/wp\/v2\/types\/page"}],"author":[{"embeddable":true,"href":"https:\/\/cajochy.com\/da\/wp-json\/wp\/v2\/users\/2"}],"replies":[{"embeddable":true,"href":"https:\/\/cajochy.com\/da\/wp-json\/wp\/v2\/comments?post=1513"}],"version-history":[{"count":0,"href":"https:\/\/cajochy.com\/da\/wp-json\/wp\/v2\/pages\/1513\/revisions"}],"wp:attachment":[{"href":"https:\/\/cajochy.com\/da\/wp-json\/wp\/v2\/media?parent=1513"}],"curies":[{"name":"wp","href":"https:\/\/api.w.org\/{rel}","templated":true}]}}