{"id":1758,"date":"2021-08-28T03:58:12","date_gmt":"2021-08-28T03:58:12","guid":{"rendered":"https:\/\/cajochy.com\/?page_id=1758"},"modified":"2021-09-20T09:19:05","modified_gmt":"2021-09-20T09:19:05","slug":"refund_returns","status":"publish","type":"page","link":"https:\/\/cajochy.com\/cs\/refund_returns\/","title":{"rendered":"Z\u00e1sady vr\u00e1cen\u00ed pen\u011bz a vr\u00e1cen\u00ed zbo\u017e\u00ed"},"content":{"rendered":"<p><b>Toto je uk\u00e1zkov\u00e1 str\u00e1nka.<\/b><\/p>\n\n\n\n<p><h3>P\u0159ehled<\/h3><\/p>\n\n\n\n<p>Na\u0161e politika vr\u00e1cen\u00ed pen\u011bz a vr\u00e1cen\u00ed trv\u00e1 30 dn\u00ed. Pokud od n\u00e1kupu uplynulo 30 dn\u00ed, nem\u016f\u017eeme v\u00e1m nab\u00eddnout plnou n\u00e1hradu nebo v\u00fdm\u011bnu.<\/p>\n\n\n\n<p>Abyste m\u011bli n\u00e1rok na vr\u00e1cen\u00ed, mus\u00ed b\u00fdt va\u0161e polo\u017eka nepou\u017eit\u00e1 a ve stejn\u00e9m stavu, v jak\u00e9m jste ji obdr\u017eeli. Mus\u00ed b\u00fdt tak\u00e9 v origin\u00e1ln\u00edm balen\u00ed.<\/p>\n\n\n\n<p>N\u011bkter\u00e9 druhy zbo\u017e\u00ed jsou osvobozeny od vracen\u00ed. Zbo\u017e\u00ed podl\u00e9haj\u00edc\u00ed rychl\u00e9 zk\u00e1ze, jako jsou potraviny, kv\u011btiny, noviny nebo \u010dasopisy, nelze vr\u00e1tit. Rovn\u011b\u017e nep\u0159ij\u00edm\u00e1me produkty, kter\u00e9 jsou intimn\u00edm nebo hygienick\u00fdm zbo\u017e\u00edm, nebezpe\u010dn\u00fdmi materi\u00e1ly nebo ho\u0159lav\u00fdmi kapalinami \u010di plyny.<\/p>\n\n\n\n<p>Dal\u0161\u00ed nevratn\u00e9 polo\u017eky:<\/p>\n\n\n\n<ul class=\"wp-block-list\"><li>D\u00e1rkov\u00e9 karty<\/li><li>Softwarov\u00e9 produkty ke sta\u017een\u00ed<\/li><li>N\u011bkter\u00e9 p\u0159edm\u011bty pro zdrav\u00ed a osobn\u00ed p\u00e9\u010di<\/li><\/ul>\n\n\n\n<p>K dokon\u010den\u00ed vr\u00e1cen\u00ed pot\u0159ebujeme \u00fa\u010dtenku nebo doklad o n\u00e1kupu.<\/p>\n\n\n\n<p>Nepos\u00edlejte pros\u00edm sv\u016fj n\u00e1kup zp\u011bt v\u00fdrobci.<\/p>\n\n\n\n<p>Existuj\u00ed ur\u010dit\u00e9 situace, kdy jsou poskytov\u00e1ny pouze \u010d\u00e1ste\u010dn\u00e9 n\u00e1hrady:<\/p>\n\n\n\n<ul class=\"wp-block-list\"><li>Kniha s patrn\u00fdmi zn\u00e1mkami pou\u017e\u00edv\u00e1n\u00ed<\/li><li>CD, DVD, kazeta VHS, software, videohra, kazeta nebo vinylov\u00e1 deska, kter\u00e1 byla otev\u0159ena.<\/li><li>Jak\u00e1koli polo\u017eka, kter\u00e1 nen\u00ed v p\u016fvodn\u00edm stavu, je po\u0161kozen\u00e1 nebo chyb\u00ed \u010d\u00e1sti z d\u016fvod\u016f, kter\u00e9 nejsou zp\u016fsobeny na\u0161\u00ed chybou.<\/li><li>Jak\u00e1koli polo\u017eka, kter\u00e1 je vr\u00e1cena v\u00edce ne\u017e 30 dn\u016f po doru\u010den\u00ed<\/li><\/ul>\n\n\n\n<p><h2>Vr\u00e1cen\u00ed pen\u011bz<\/h2><\/p>\n\n\n\n<p>Jakmile bude va\u0161e vr\u00e1cen\u00e9 zbo\u017e\u00ed p\u0159ijato a zkontrolov\u00e1no, za\u0161leme v\u00e1m e-mail s ozn\u00e1men\u00edm, \u017ee jsme obdr\u017eeli va\u0161i vr\u00e1cenou polo\u017eku. Budeme v\u00e1s tak\u00e9 informovat o schv\u00e1len\u00ed nebo zam\u00edtnut\u00ed va\u0161\u00ed refundace.<\/p>\n\n\n\n<p>Pokud budete schv\u00e1leni, bude va\u0161e refundace zpracov\u00e1na a kredit bude automaticky p\u0159ips\u00e1n na va\u0161i kreditn\u00ed kartu nebo p\u016fvodn\u00ed zp\u016fsob platby b\u011bhem ur\u010dit\u00e9ho po\u010dtu dn\u00ed.<\/p>\n\n\n\n<p><b>Pozdn\u00ed nebo chyb\u011bj\u00edc\u00ed vr\u00e1cen\u00ed pen\u011bz<\/b><\/p>\n\n\n\n<p>Pokud jste dosud neobdr\u017eeli refundaci, nejprve znovu zkontrolujte sv\u016fj bankovn\u00ed \u00fa\u010det.<\/p>\n\n\n\n<p>Pot\u00e9 kontaktujte spole\u010dnost, kter\u00e1 vydala va\u0161i kreditn\u00ed kartu, m\u016f\u017ee n\u011bjakou dobu trvat, ne\u017e bude va\u0161e refundace ofici\u00e1ln\u011b odesl\u00e1na.<\/p>\n\n\n\n<p>D\u00e1le kontaktujte svou banku. P\u0159ed odesl\u00e1n\u00edm n\u00e1hrady \u010dasto trv\u00e1 ur\u010dit\u00e1 doba na zpracov\u00e1n\u00ed.<\/p>\n\n\n\n<p>Pokud jste toto v\u0161e provedli a st\u00e1le v\u00e1m nebyly vr\u00e1ceny pen\u00edze, kontaktujte n\u00e1s na adrese {email address}.<\/p>\n\n\n\n<p><b>Prodat p\u0159edm\u011bty<\/b><\/p>\n\n\n\n<p>Pen\u00edze lze vr\u00e1tit pouze za zbo\u017e\u00ed s b\u011b\u017enou cenou. V\u00fdprodejov\u00e9 polo\u017eky nelze vr\u00e1tit.<\/p>\n\n\n\n<p><h2>V\u00fdm\u011bny<\/h2><\/p>\n\n\n\n<p>Polo\u017eky vym\u011bn\u00edme pouze v p\u0159\u00edpad\u011b, \u017ee jsou vadn\u00e9 nebo po\u0161kozen\u00e9. Pokud ji pot\u0159ebujete vym\u011bnit za stejnou polo\u017eku, po\u0161lete n\u00e1m e-mail na adresu {e-mailov\u00e1 adresa} a za\u0161lete polo\u017eku na adresu: {fyzick\u00e1 adresa}.<\/p>\n\n\n\n<p><h2>D\u00e1rkov\u00e9 p\u0159edm\u011bty<\/h2><\/p>\n\n\n\n<p>Pokud byla polo\u017eka p\u0159i n\u00e1kupu ozna\u010dena jako d\u00e1rek a byla odesl\u00e1na p\u0159\u00edmo v\u00e1m, obdr\u017e\u00edte d\u00e1rkov\u00fd kredit v hodnot\u011b vr\u00e1cen\u00e9ho zbo\u017e\u00ed. Po obdr\u017een\u00ed vr\u00e1cen\u00e9ho zbo\u017e\u00ed v\u00e1m bude zasl\u00e1n d\u00e1rkov\u00fd certifik\u00e1t.<\/p>\n\n\n\n<p>Pokud polo\u017eka nebyla p\u0159i n\u00e1kupu ozna\u010dena jako d\u00e1rek nebo si d\u00e1rce nechal objedn\u00e1vku odeslat, aby v\u00e1m ji dal pozd\u011bji, vr\u00e1t\u00edme d\u00e1rci pen\u00edze a on se dozv\u00ed o va\u0161em vr\u00e1cen\u00ed.<\/p>\n\n\n\n<p><h2>Vr\u00e1cen\u00ed z\u00e1silky<\/h2><\/p>\n\n\n\n<p>Chcete-li produkt vr\u00e1tit, za\u0161lete jej na adresu: {fyzick\u00e1 adresa}.<\/p>\n\n\n\n<p>Budete odpov\u011bdn\u00ed za uhrazen\u00ed vlastn\u00edch n\u00e1klad\u016f na dopravu za vr\u00e1cen\u00ed polo\u017eky. N\u00e1klady na dopravu jsou nevratn\u00e9. Pokud obdr\u017e\u00edte n\u00e1hradu, n\u00e1klady na zp\u00e1te\u010dn\u00ed dopravu budou ode\u010dteny z va\u0161\u00ed refundace.<\/p>\n\n\n\n<p>V z\u00e1vislosti na tom, kde \u017eijete, se m\u016f\u017ee doba, za kterou se k v\u00e1m vym\u011bn\u011bn\u00fd produkt dostane, li\u0161it.<\/p>\n\n\n\n<p>Pokud vrac\u00edte dra\u017e\u0161\u00ed zbo\u017e\u00ed, m\u016f\u017eete zv\u00e1\u017eit pou\u017eit\u00ed sledovateln\u00e9 p\u0159epravn\u00ed slu\u017eby nebo si zakoupit poji\u0161t\u011bn\u00ed p\u0159epravy. Nezaru\u010dujeme, \u017ee obdr\u017e\u00edme va\u0161i vr\u00e1cenou polo\u017eku.<\/p>\n\n\n\n<p><h2>Pot\u0159ebovat pomoc?<\/h2><\/p>\n\n\n\n<p>M\u00e1te-li dotazy t\u00fdkaj\u00edc\u00ed se vr\u00e1cen\u00ed pen\u011bz a vracen\u00ed zbo\u017e\u00ed, kontaktujte n\u00e1s na adrese {email}.<\/p>","protected":false},"excerpt":{"rendered":"<p>This is a sample page. Overview Our refund and returns policy lasts 30 days. If 30 days have passed since your purchase, we can\u2019t offer you<span class=\"excerpt-hellip\"> [\u2026]<\/span><\/p>\n","protected":false},"author":1,"featured_media":0,"parent":0,"menu_order":0,"comment_status":"closed","ping_status":"closed","template":"","meta":{"nf_dc_page":"","_monsterinsights_skip_tracking":false,"_monsterinsights_sitenote_active":false,"_monsterinsights_sitenote_note":"","_monsterinsights_sitenote_category":0,"footnotes":""},"class_list":["post-1758","page","type-page","status-publish","hentry"],"yoast_head":"<!-- This site is optimized with the Yoast SEO plugin v27.5 - https:\/\/yoast.com\/product\/yoast-seo-wordpress\/ -->\n<title>Refund and Returns Policy - Cajochy<\/title>\n<meta name=\"description\" content=\"Check Cajochy refund and returns policy to get more detailed info.\" \/>\n<meta name=\"robots\" content=\"index, follow, max-snippet:-1, max-image-preview:large, max-video-preview:-1\" \/>\n<link rel=\"canonical\" href=\"https:\/\/cajochy.com\/cs\/refund_returns\/\" \/>\n<meta property=\"og:locale\" content=\"cs_CZ\" \/>\n<meta property=\"og:type\" content=\"article\" \/>\n<meta property=\"og:title\" content=\"Refund and Returns Policy - Cajochy\" \/>\n<meta property=\"og:description\" content=\"Check Cajochy refund and returns policy to get more detailed info.\" \/>\n<meta property=\"og:url\" content=\"https:\/\/cajochy.com\/cs\/refund_returns\/\" \/>\n<meta property=\"og:site_name\" content=\"Cajochy\" \/>\n<meta property=\"article:modified_time\" content=\"2021-09-20T09:19:05+00:00\" \/>\n<meta name=\"twitter:card\" content=\"summary_large_image\" \/>\n<meta name=\"twitter:label1\" content=\"Odhadovan\u00e1 doba \u010dten\u00ed\" \/>\n\t<meta name=\"twitter:data1\" content=\"3 minuty\" \/>\n<script type=\"application\/ld+json\" class=\"yoast-schema-graph\">{\"@context\":\"https:\\\/\\\/schema.org\",\"@graph\":[{\"@type\":\"WebPage\",\"@id\":\"https:\\\/\\\/cajochy.com\\\/refund_returns\\\/\",\"url\":\"https:\\\/\\\/cajochy.com\\\/refund_returns\\\/\",\"name\":\"Refund and Returns Policy - Cajochy\",\"isPartOf\":{\"@id\":\"https:\\\/\\\/cajochy.com\\\/#website\"},\"datePublished\":\"2021-08-28T03:58:12+00:00\",\"dateModified\":\"2021-09-20T09:19:05+00:00\",\"description\":\"Check Cajochy refund and returns policy to get more detailed info.\",\"breadcrumb\":{\"@id\":\"https:\\\/\\\/cajochy.com\\\/refund_returns\\\/#breadcrumb\"},\"inLanguage\":\"cs\",\"potentialAction\":[{\"@type\":\"ReadAction\",\"target\":[\"https:\\\/\\\/cajochy.com\\\/refund_returns\\\/\"]}]},{\"@type\":\"BreadcrumbList\",\"@id\":\"https:\\\/\\\/cajochy.com\\\/refund_returns\\\/#breadcrumb\",\"itemListElement\":[{\"@type\":\"ListItem\",\"position\":1,\"name\":\"Home\",\"item\":\"https:\\\/\\\/cajochy.com\\\/\"},{\"@type\":\"ListItem\",\"position\":2,\"name\":\"Refund and Returns Policy\"}]},{\"@type\":\"WebSite\",\"@id\":\"https:\\\/\\\/cajochy.com\\\/#website\",\"url\":\"https:\\\/\\\/cajochy.com\\\/\",\"name\":\"Cajochy\",\"description\":\"Reduce Hair Loss and Regrow Hair with Chemical-Free Tricks\",\"publisher\":{\"@id\":\"https:\\\/\\\/cajochy.com\\\/#organization\"},\"potentialAction\":[{\"@type\":\"SearchAction\",\"target\":{\"@type\":\"EntryPoint\",\"urlTemplate\":\"https:\\\/\\\/cajochy.com\\\/?s={search_term_string}\"},\"query-input\":{\"@type\":\"PropertyValueSpecification\",\"valueRequired\":true,\"valueName\":\"search_term_string\"}}],\"inLanguage\":\"cs\"},{\"@type\":\"Organization\",\"@id\":\"https:\\\/\\\/cajochy.com\\\/#organization\",\"name\":\"Cajochy\",\"url\":\"https:\\\/\\\/cajochy.com\\\/\",\"logo\":{\"@type\":\"ImageObject\",\"inLanguage\":\"cs\",\"@id\":\"https:\\\/\\\/cajochy.com\\\/#\\\/schema\\\/logo\\\/image\\\/\",\"url\":\"https:\\\/\\\/cajochy.com\\\/wp-content\\\/uploads\\\/2020\\\/09\\\/cropped-cajochy-image-logo-icon.jpg\",\"contentUrl\":\"https:\\\/\\\/cajochy.com\\\/wp-content\\\/uploads\\\/2020\\\/09\\\/cropped-cajochy-image-logo-icon.jpg\",\"width\":512,\"height\":512,\"caption\":\"Cajochy\"},\"image\":{\"@id\":\"https:\\\/\\\/cajochy.com\\\/#\\\/schema\\\/logo\\\/image\\\/\"}}]}<\/script>\n<!-- \/ Yoast SEO plugin. -->","yoast_head_json":{"title":"Z\u00e1sady vr\u00e1cen\u00ed pen\u011bz a vr\u00e1cen\u00ed zbo\u017e\u00ed - Cajochy","description":"Chcete-li z\u00edskat podrobn\u011bj\u0161\u00ed informace, zkontrolujte z\u00e1sady vr\u00e1cen\u00ed pen\u011bz a vr\u00e1cen\u00ed Cajochy.","robots":{"index":"index","follow":"follow","max-snippet":"max-snippet:-1","max-image-preview":"max-image-preview:large","max-video-preview":"max-video-preview:-1"},"canonical":"https:\/\/cajochy.com\/cs\/refund_returns\/","og_locale":"cs_CZ","og_type":"article","og_title":"Refund and Returns Policy - Cajochy","og_description":"Check Cajochy refund and returns policy to get more detailed info.","og_url":"https:\/\/cajochy.com\/cs\/refund_returns\/","og_site_name":"Cajochy","article_modified_time":"2021-09-20T09:19:05+00:00","twitter_card":"summary_large_image","twitter_misc":{"Odhadovan\u00e1 doba \u010dten\u00ed":"3 minuty"},"schema":{"@context":"https:\/\/schema.org","@graph":[{"@type":"WebPage","@id":"https:\/\/cajochy.com\/refund_returns\/","url":"https:\/\/cajochy.com\/refund_returns\/","name":"Z\u00e1sady vr\u00e1cen\u00ed pen\u011bz a vr\u00e1cen\u00ed zbo\u017e\u00ed - Cajochy","isPartOf":{"@id":"https:\/\/cajochy.com\/#website"},"datePublished":"2021-08-28T03:58:12+00:00","dateModified":"2021-09-20T09:19:05+00:00","description":"Chcete-li z\u00edskat podrobn\u011bj\u0161\u00ed informace, zkontrolujte z\u00e1sady vr\u00e1cen\u00ed pen\u011bz a vr\u00e1cen\u00ed Cajochy.","breadcrumb":{"@id":"https:\/\/cajochy.com\/refund_returns\/#breadcrumb"},"inLanguage":"cs","potentialAction":[{"@type":"ReadAction","target":["https:\/\/cajochy.com\/refund_returns\/"]}]},{"@type":"BreadcrumbList","@id":"https:\/\/cajochy.com\/refund_returns\/#breadcrumb","itemListElement":[{"@type":"ListItem","position":1,"name":"Home","item":"https:\/\/cajochy.com\/"},{"@type":"ListItem","position":2,"name":"Refund and Returns Policy"}]},{"@type":"WebSite","@id":"https:\/\/cajochy.com\/#website","url":"https:\/\/cajochy.com\/","name":"Cajochy","description":"Sni\u017ete vypad\u00e1v\u00e1n\u00ed vlas\u016f a obnovte jejich r\u016fst pomoc\u00ed trik\u016f bez chemik\u00e1li\u00ed","publisher":{"@id":"https:\/\/cajochy.com\/#organization"},"potentialAction":[{"@type":"SearchAction","target":{"@type":"EntryPoint","urlTemplate":"https:\/\/cajochy.com\/?s={search_term_string}"},"query-input":{"@type":"PropertyValueSpecification","valueRequired":true,"valueName":"search_term_string"}}],"inLanguage":"cs"},{"@type":"Organization","@id":"https:\/\/cajochy.com\/#organization","name":"Cajochy","url":"https:\/\/cajochy.com\/","logo":{"@type":"ImageObject","inLanguage":"cs","@id":"https:\/\/cajochy.com\/#\/schema\/logo\/image\/","url":"https:\/\/cajochy.com\/wp-content\/uploads\/2020\/09\/cropped-cajochy-image-logo-icon.jpg","contentUrl":"https:\/\/cajochy.com\/wp-content\/uploads\/2020\/09\/cropped-cajochy-image-logo-icon.jpg","width":512,"height":512,"caption":"Cajochy"},"image":{"@id":"https:\/\/cajochy.com\/#\/schema\/logo\/image\/"}}]}},"jetpack_sharing_enabled":true,"_links":{"self":[{"href":"https:\/\/cajochy.com\/cs\/wp-json\/wp\/v2\/pages\/1758","targetHints":{"allow":["GET"]}}],"collection":[{"href":"https:\/\/cajochy.com\/cs\/wp-json\/wp\/v2\/pages"}],"about":[{"href":"https:\/\/cajochy.com\/cs\/wp-json\/wp\/v2\/types\/page"}],"author":[{"embeddable":true,"href":"https:\/\/cajochy.com\/cs\/wp-json\/wp\/v2\/users\/1"}],"replies":[{"embeddable":true,"href":"https:\/\/cajochy.com\/cs\/wp-json\/wp\/v2\/comments?post=1758"}],"version-history":[{"count":0,"href":"https:\/\/cajochy.com\/cs\/wp-json\/wp\/v2\/pages\/1758\/revisions"}],"wp:attachment":[{"href":"https:\/\/cajochy.com\/cs\/wp-json\/wp\/v2\/media?parent=1758"}],"curies":[{"name":"wp","href":"https:\/\/api.w.org\/{rel}","templated":true}]}}